{"id":6147,"date":"2026-04-16T09:51:47","date_gmt":"2026-04-16T07:51:47","guid":{"rendered":"https:\/\/lafroza.ee\/?post_type=product&#038;p=6147"},"modified":"2026-04-16T10:25:37","modified_gmt":"2026-04-16T08:25:37","slug":"kulmutatud-wokisegu-hiina-lafroza","status":"publish","type":"product","link":"https:\/\/lafroza.ee\/en\/product\/kulmutatud-wokisegu-hiina-lafroza\/","title":{"rendered":"K\u00fclmutatud aedviljasegu &#8220;Hiina&#8221;"},"content":{"rendered":"","protected":false},"excerpt":{"rendered":"<p data-pm-slice=\"0 0 []\">K\u00fclmutatud wokisegu \u201cHiina\u201d on mitmekesine k\u00f6\u00f6giviljasegu, mis sisaldab porgandit, kapsast, shiitake seeni, paprikat, bambusev\u00f5rseid, porrulauku ja sibulat.<\/p>\n<p>Sobib kiireteks panniroogadeks, nuudli- ja riisiroogade valmistamiseks. Kiirk\u00fclmutus aitab s\u00e4ilitada k\u00f6\u00f6giviljade looduslikud ja kasulikud toitained, tagades k\u00e4ttesaadavuse s\u00f5ltumata hooajast.<\/p>","protected":false},"featured_media":6151,"comment_status":"closed","ping_status":"closed","template":"","meta":{"_acf_changed":false},"product_brand":[],"product_cat":[214],"product_tag":[],"class_list":{"0":"post-6147","1":"product","2":"type-product","3":"status-publish","4":"has-post-thumbnail","6":"product_cat-kulmutatud-koogiviljad-ja-seened","7":"product_shipping_class-kulmutatud-tooted","9":"first","10":"instock","11":"shipping-taxable","12":"purchasable","13":"product-type-simple"},"acf":[],"yoast_head":"<!-- This site is optimized with the Yoast SEO plugin v27.4 - https:\/\/yoast.com\/product\/yoast-seo-wordpress\/ -->\n<title>K\u00fclmutatud wokisegu \u201cHiina\u201d I Tervislik valik aastaringselt<\/title>\n<meta name=\"description\" content=\"K\u00fclmutatud wokisegu \u201cHiina\u201d porgandi, kapsa, shiitake seente ja bambusev\u00f5rsetega. Kiire ja mitmekesine lahendus panniroogadeks.\" \/>\n<meta name=\"robots\" content=\"index, follow, max-snippet:-1, max-image-preview:large, max-video-preview:-1\" \/>\n<link rel=\"canonical\" href=\"https:\/\/lafroza.ee\/en\/product\/kulmutatud-wokisegu-hiina-lafroza\/\" \/>\n<meta property=\"og:locale\" content=\"en_GB\" \/>\n<meta property=\"og:type\" content=\"article\" \/>\n<meta property=\"og:title\" content=\"K\u00fclmutatud wokisegu \u201cHiina\u201d I Tervislik valik aastaringselt\" \/>\n<meta property=\"og:description\" content=\"K\u00fclmutatud wokisegu \u201cHiina\u201d porgandi, kapsa, shiitake seente ja bambusev\u00f5rsetega. Kiire ja mitmekesine lahendus panniroogadeks.\" \/>\n<meta property=\"og:url\" content=\"https:\/\/lafroza.ee\/en\/product\/kulmutatud-wokisegu-hiina-lafroza\/\" \/>\n<meta property=\"og:site_name\" content=\"LaFroza\" \/>\n<meta property=\"article:modified_time\" content=\"2026-04-16T08:25:37+00:00\" \/>\n<meta property=\"og:image\" content=\"https:\/\/lafroza.ee\/wp-content\/uploads\/2026\/04\/Untitled-2-1-scaled.jpg\" \/>\n\t<meta property=\"og:image:width\" content=\"2560\" \/>\n\t<meta property=\"og:image:height\" content=\"2560\" \/>\n\t<meta property=\"og:image:type\" content=\"image\/jpeg\" \/>\n<meta name=\"twitter:card\" content=\"summary_large_image\" \/>\n<meta name=\"twitter:label1\" content=\"Estimated reading time\" \/>\n\t<meta name=\"twitter:data1\" content=\"1 minute\" \/>\n<script type=\"application\/ld+json\" class=\"yoast-schema-graph\">{\"@context\":\"https:\\\/\\\/schema.org\",\"@graph\":[{\"@type\":\"WebPage\",\"@id\":\"https:\\\/\\\/lafroza.ee\\\/toode\\\/kulmutatud-wokisegu-hiina-lafroza\\\/\",\"url\":\"https:\\\/\\\/lafroza.ee\\\/toode\\\/kulmutatud-wokisegu-hiina-lafroza\\\/\",\"name\":\"K\u00fclmutatud wokisegu \u201cHiina\u201d I Tervislik valik aastaringselt\",\"isPartOf\":{\"@id\":\"https:\\\/\\\/lafroza.ee\\\/#website\"},\"primaryImageOfPage\":{\"@id\":\"https:\\\/\\\/lafroza.ee\\\/toode\\\/kulmutatud-wokisegu-hiina-lafroza\\\/#primaryimage\"},\"image\":{\"@id\":\"https:\\\/\\\/lafroza.ee\\\/toode\\\/kulmutatud-wokisegu-hiina-lafroza\\\/#primaryimage\"},\"thumbnailUrl\":\"https:\\\/\\\/lafroza.ee\\\/wp-content\\\/uploads\\\/2026\\\/04\\\/Untitled-2-1-scaled.jpg\",\"datePublished\":\"2026-04-16T07:51:47+00:00\",\"dateModified\":\"2026-04-16T08:25:37+00:00\",\"description\":\"K\u00fclmutatud wokisegu \u201cHiina\u201d porgandi, kapsa, shiitake seente ja bambusev\u00f5rsetega. Kiire ja mitmekesine lahendus panniroogadeks.\",\"breadcrumb\":{\"@id\":\"https:\\\/\\\/lafroza.ee\\\/toode\\\/kulmutatud-wokisegu-hiina-lafroza\\\/#breadcrumb\"},\"inLanguage\":\"en-GB\",\"potentialAction\":[{\"@type\":\"ReadAction\",\"target\":[\"https:\\\/\\\/lafroza.ee\\\/toode\\\/kulmutatud-wokisegu-hiina-lafroza\\\/\"]}]},{\"@type\":\"ImageObject\",\"inLanguage\":\"en-GB\",\"@id\":\"https:\\\/\\\/lafroza.ee\\\/toode\\\/kulmutatud-wokisegu-hiina-lafroza\\\/#primaryimage\",\"url\":\"https:\\\/\\\/lafroza.ee\\\/wp-content\\\/uploads\\\/2026\\\/04\\\/Untitled-2-1-scaled.jpg\",\"contentUrl\":\"https:\\\/\\\/lafroza.ee\\\/wp-content\\\/uploads\\\/2026\\\/04\\\/Untitled-2-1-scaled.jpg\",\"width\":2560,\"height\":2560},{\"@type\":\"BreadcrumbList\",\"@id\":\"https:\\\/\\\/lafroza.ee\\\/toode\\\/kulmutatud-wokisegu-hiina-lafroza\\\/#breadcrumb\",\"itemListElement\":[{\"@type\":\"ListItem\",\"position\":1,\"name\":\"Avaleht\",\"item\":\"https:\\\/\\\/lafroza.ee\\\/\"},{\"@type\":\"ListItem\",\"position\":2,\"name\":\"E-pood\",\"item\":\"https:\\\/\\\/lafroza.ee\\\/e-pood\\\/\"},{\"@type\":\"ListItem\",\"position\":3,\"name\":\"Aedviljad ja seened\",\"item\":\"https:\\\/\\\/lafroza.ee\\\/tootekategooria\\\/kulmutatud-koogiviljad-ja-seened\\\/\"},{\"@type\":\"ListItem\",\"position\":4,\"name\":\"K\u00fclmutatud aedviljasegu &#8220;Hiina&#8221;\"}]},{\"@type\":\"WebSite\",\"@id\":\"https:\\\/\\\/lafroza.ee\\\/#website\",\"url\":\"https:\\\/\\\/lafroza.ee\\\/\",\"name\":\"LaFroza\",\"description\":\"\",\"publisher\":{\"@id\":\"https:\\\/\\\/lafroza.ee\\\/#organization\"},\"potentialAction\":[{\"@type\":\"SearchAction\",\"target\":{\"@type\":\"EntryPoint\",\"urlTemplate\":\"https:\\\/\\\/lafroza.ee\\\/?s={search_term_string}\"},\"query-input\":{\"@type\":\"PropertyValueSpecification\",\"valueRequired\":true,\"valueName\":\"search_term_string\"}}],\"inLanguage\":\"en-GB\"},{\"@type\":\"Organization\",\"@id\":\"https:\\\/\\\/lafroza.ee\\\/#organization\",\"name\":\"LaFroza\",\"alternateName\":\"BerryFood O\u00dc\",\"url\":\"https:\\\/\\\/lafroza.ee\\\/\",\"logo\":{\"@type\":\"ImageObject\",\"inLanguage\":\"en-GB\",\"@id\":\"https:\\\/\\\/lafroza.ee\\\/#\\\/schema\\\/logo\\\/image\\\/\",\"url\":\"https:\\\/\\\/lafroza.ee\\\/wp-content\\\/uploads\\\/2025\\\/02\\\/logo.svg\",\"contentUrl\":\"https:\\\/\\\/lafroza.ee\\\/wp-content\\\/uploads\\\/2025\\\/02\\\/logo.svg\",\"width\":238,\"height\":96,\"caption\":\"LaFroza\"},\"image\":{\"@id\":\"https:\\\/\\\/lafroza.ee\\\/#\\\/schema\\\/logo\\\/image\\\/\"}}]}<\/script>\n<!-- \/ Yoast SEO plugin. -->","yoast_head_json":{"title":"K\u00fclmutatud wokisegu \u201cHiina\u201d I Tervislik valik aastaringselt","description":"K\u00fclmutatud wokisegu \u201cHiina\u201d porgandi, kapsa, shiitake seente ja bambusev\u00f5rsetega. Kiire ja mitmekesine lahendus panniroogadeks.","robots":{"index":"index","follow":"follow","max-snippet":"max-snippet:-1","max-image-preview":"max-image-preview:large","max-video-preview":"max-video-preview:-1"},"canonical":"https:\/\/lafroza.ee\/en\/product\/kulmutatud-wokisegu-hiina-lafroza\/","og_locale":"en_GB","og_type":"article","og_title":"K\u00fclmutatud wokisegu \u201cHiina\u201d I Tervislik valik aastaringselt","og_description":"K\u00fclmutatud wokisegu \u201cHiina\u201d porgandi, kapsa, shiitake seente ja bambusev\u00f5rsetega. Kiire ja mitmekesine lahendus panniroogadeks.","og_url":"https:\/\/lafroza.ee\/en\/product\/kulmutatud-wokisegu-hiina-lafroza\/","og_site_name":"LaFroza","article_modified_time":"2026-04-16T08:25:37+00:00","og_image":[{"width":2560,"height":2560,"url":"https:\/\/lafroza.ee\/wp-content\/uploads\/2026\/04\/Untitled-2-1-scaled.jpg","type":"image\/jpeg"}],"twitter_card":"summary_large_image","twitter_misc":{"Estimated reading time":"1 minute"},"schema":{"@context":"https:\/\/schema.org","@graph":[{"@type":"WebPage","@id":"https:\/\/lafroza.ee\/toode\/kulmutatud-wokisegu-hiina-lafroza\/","url":"https:\/\/lafroza.ee\/toode\/kulmutatud-wokisegu-hiina-lafroza\/","name":"K\u00fclmutatud wokisegu \u201cHiina\u201d I Tervislik valik aastaringselt","isPartOf":{"@id":"https:\/\/lafroza.ee\/#website"},"primaryImageOfPage":{"@id":"https:\/\/lafroza.ee\/toode\/kulmutatud-wokisegu-hiina-lafroza\/#primaryimage"},"image":{"@id":"https:\/\/lafroza.ee\/toode\/kulmutatud-wokisegu-hiina-lafroza\/#primaryimage"},"thumbnailUrl":"https:\/\/lafroza.ee\/wp-content\/uploads\/2026\/04\/Untitled-2-1-scaled.jpg","datePublished":"2026-04-16T07:51:47+00:00","dateModified":"2026-04-16T08:25:37+00:00","description":"K\u00fclmutatud wokisegu \u201cHiina\u201d porgandi, kapsa, shiitake seente ja bambusev\u00f5rsetega. Kiire ja mitmekesine lahendus panniroogadeks.","breadcrumb":{"@id":"https:\/\/lafroza.ee\/toode\/kulmutatud-wokisegu-hiina-lafroza\/#breadcrumb"},"inLanguage":"en-GB","potentialAction":[{"@type":"ReadAction","target":["https:\/\/lafroza.ee\/toode\/kulmutatud-wokisegu-hiina-lafroza\/"]}]},{"@type":"ImageObject","inLanguage":"en-GB","@id":"https:\/\/lafroza.ee\/toode\/kulmutatud-wokisegu-hiina-lafroza\/#primaryimage","url":"https:\/\/lafroza.ee\/wp-content\/uploads\/2026\/04\/Untitled-2-1-scaled.jpg","contentUrl":"https:\/\/lafroza.ee\/wp-content\/uploads\/2026\/04\/Untitled-2-1-scaled.jpg","width":2560,"height":2560},{"@type":"BreadcrumbList","@id":"https:\/\/lafroza.ee\/toode\/kulmutatud-wokisegu-hiina-lafroza\/#breadcrumb","itemListElement":[{"@type":"ListItem","position":1,"name":"Avaleht","item":"https:\/\/lafroza.ee\/"},{"@type":"ListItem","position":2,"name":"E-pood","item":"https:\/\/lafroza.ee\/e-pood\/"},{"@type":"ListItem","position":3,"name":"Aedviljad ja seened","item":"https:\/\/lafroza.ee\/tootekategooria\/kulmutatud-koogiviljad-ja-seened\/"},{"@type":"ListItem","position":4,"name":"K\u00fclmutatud aedviljasegu &#8220;Hiina&#8221;"}]},{"@type":"WebSite","@id":"https:\/\/lafroza.ee\/#website","url":"https:\/\/lafroza.ee\/","name":"LaFroza","description":"","publisher":{"@id":"https:\/\/lafroza.ee\/#organization"},"potentialAction":[{"@type":"SearchAction","target":{"@type":"EntryPoint","urlTemplate":"https:\/\/lafroza.ee\/?s={search_term_string}"},"query-input":{"@type":"PropertyValueSpecification","valueRequired":true,"valueName":"search_term_string"}}],"inLanguage":"en-GB"},{"@type":"Organization","@id":"https:\/\/lafroza.ee\/#organization","name":"LaFroza","alternateName":"BerryFood O\u00dc","url":"https:\/\/lafroza.ee\/","logo":{"@type":"ImageObject","inLanguage":"en-GB","@id":"https:\/\/lafroza.ee\/#\/schema\/logo\/image\/","url":"https:\/\/lafroza.ee\/wp-content\/uploads\/2025\/02\/logo.svg","contentUrl":"https:\/\/lafroza.ee\/wp-content\/uploads\/2025\/02\/logo.svg","width":238,"height":96,"caption":"LaFroza"},"image":{"@id":"https:\/\/lafroza.ee\/#\/schema\/logo\/image\/"}}]}},"_links":{"self":[{"href":"https:\/\/lafroza.ee\/en\/wp-json\/wp\/v2\/product\/6147","targetHints":{"allow":["GET"]}}],"collection":[{"href":"https:\/\/lafroza.ee\/en\/wp-json\/wp\/v2\/product"}],"about":[{"href":"https:\/\/lafroza.ee\/en\/wp-json\/wp\/v2\/types\/product"}],"replies":[{"embeddable":true,"href":"https:\/\/lafroza.ee\/en\/wp-json\/wp\/v2\/comments?post=6147"}],"wp:featuredmedia":[{"embeddable":true,"href":"https:\/\/lafroza.ee\/en\/wp-json\/wp\/v2\/media\/6151"}],"wp:attachment":[{"href":"https:\/\/lafroza.ee\/en\/wp-json\/wp\/v2\/media?parent=6147"}],"wp:term":[{"taxonomy":"product_brand","embeddable":true,"href":"https:\/\/lafroza.ee\/en\/wp-json\/wp\/v2\/product_brand?post=6147"},{"taxonomy":"product_cat","embeddable":true,"href":"https:\/\/lafroza.ee\/en\/wp-json\/wp\/v2\/product_cat?post=6147"},{"taxonomy":"product_tag","embeddable":true,"href":"https:\/\/lafroza.ee\/en\/wp-json\/wp\/v2\/product_tag?post=6147"}],"curies":[{"name":"wp","href":"https:\/\/api.w.org\/{rel}","templated":true}]}}