{"id":5773,"date":"2026-02-04T11:14:08","date_gmt":"2026-02-04T09:14:08","guid":{"rendered":"https:\/\/lafroza.ee\/?post_type=product&#038;p=5773"},"modified":"2026-04-16T08:51:41","modified_gmt":"2026-04-16T06:51:41","slug":"kulmutatud-bataadifriikad-kopeeri","status":"publish","type":"product","link":"https:\/\/lafroza.ee\/en\/product\/kulmutatud-bataadifriikad-kopeeri\/","title":{"rendered":"K\u00fclmutatud Bart&#8217;s bataadifriikad"},"content":{"rendered":"","protected":false},"excerpt":{"rendered":"<p>Pre-cooked and quick-frozen sweet potato fries.<\/p>","protected":false},"featured_media":5774,"comment_status":"closed","ping_status":"closed","template":"","meta":{"_acf_changed":false},"product_brand":[],"product_cat":[216,217],"product_tag":[],"class_list":{"0":"post-5773","1":"product","2":"type-product","3":"status-publish","4":"has-post-thumbnail","6":"product_cat-muud-tooted","7":"product_cat-kulmutatud-snakid","8":"product_shipping_class-kulmutatud-tooted","10":"first","11":"instock","12":"shipping-taxable","13":"purchasable","14":"product-type-simple"},"acf":[],"yoast_head":"<!-- This site is optimized with the Yoast SEO plugin v27.4 - https:\/\/yoast.com\/product\/yoast-seo-wordpress\/ -->\n<title>K\u00fclmutatud bataadifriikad | Kiire ja kr\u00f5be valik ahju v\u00f5i frit\u00fc\u00fcri<\/title>\n<meta name=\"description\" content=\"K\u00fclmutatud bataadifriikad sobivad kiireks lisandiks pearoa k\u00f5rvale v\u00f5i vahepalaks. Valmivad ahjus v\u00f5i frit\u00fc\u00fcris m\u00f5ne minutiga.\" \/>\n<meta name=\"robots\" content=\"index, follow, max-snippet:-1, max-image-preview:large, max-video-preview:-1\" \/>\n<link rel=\"canonical\" href=\"https:\/\/lafroza.ee\/en\/product\/kulmutatud-bataadifriikad-kopeeri\/\" \/>\n<meta property=\"og:locale\" content=\"en_GB\" \/>\n<meta property=\"og:type\" content=\"article\" \/>\n<meta property=\"og:title\" content=\"K\u00fclmutatud bataadifriikad | Kiire ja kr\u00f5be valik ahju v\u00f5i frit\u00fc\u00fcri\" \/>\n<meta property=\"og:description\" content=\"K\u00fclmutatud bataadifriikad sobivad kiireks lisandiks pearoa k\u00f5rvale v\u00f5i vahepalaks. Valmivad ahjus v\u00f5i frit\u00fc\u00fcris m\u00f5ne minutiga.\" \/>\n<meta property=\"og:url\" content=\"https:\/\/lafroza.ee\/en\/product\/kulmutatud-bataadifriikad-kopeeri\/\" \/>\n<meta property=\"og:site_name\" content=\"LaFroza\" \/>\n<meta property=\"article:modified_time\" content=\"2026-04-16T06:51:41+00:00\" \/>\n<meta property=\"og:image\" content=\"https:\/\/lafroza.ee\/wp-content\/uploads\/2026\/02\/bataadifriikad-scaled.jpg\" \/>\n\t<meta property=\"og:image:width\" content=\"2560\" \/>\n\t<meta property=\"og:image:height\" content=\"2560\" \/>\n\t<meta property=\"og:image:type\" content=\"image\/jpeg\" \/>\n<meta name=\"twitter:card\" content=\"summary_large_image\" \/>\n<meta name=\"twitter:label1\" content=\"Estimated reading time\" \/>\n\t<meta name=\"twitter:data1\" content=\"1 minute\" \/>\n<script type=\"application\/ld+json\" class=\"yoast-schema-graph\">{\"@context\":\"https:\\\/\\\/schema.org\",\"@graph\":[{\"@type\":\"WebPage\",\"@id\":\"https:\\\/\\\/lafroza.ee\\\/toode\\\/kulmutatud-bataadifriikad-kopeeri\\\/\",\"url\":\"https:\\\/\\\/lafroza.ee\\\/toode\\\/kulmutatud-bataadifriikad-kopeeri\\\/\",\"name\":\"K\u00fclmutatud bataadifriikad | Kiire ja kr\u00f5be valik ahju v\u00f5i frit\u00fc\u00fcri\",\"isPartOf\":{\"@id\":\"https:\\\/\\\/lafroza.ee\\\/#website\"},\"primaryImageOfPage\":{\"@id\":\"https:\\\/\\\/lafroza.ee\\\/toode\\\/kulmutatud-bataadifriikad-kopeeri\\\/#primaryimage\"},\"image\":{\"@id\":\"https:\\\/\\\/lafroza.ee\\\/toode\\\/kulmutatud-bataadifriikad-kopeeri\\\/#primaryimage\"},\"thumbnailUrl\":\"https:\\\/\\\/lafroza.ee\\\/wp-content\\\/uploads\\\/2026\\\/02\\\/bataadifriikad-scaled.jpg\",\"datePublished\":\"2026-02-04T09:14:08+00:00\",\"dateModified\":\"2026-04-16T06:51:41+00:00\",\"description\":\"K\u00fclmutatud bataadifriikad sobivad kiireks lisandiks pearoa k\u00f5rvale v\u00f5i vahepalaks. Valmivad ahjus v\u00f5i frit\u00fc\u00fcris m\u00f5ne minutiga.\",\"breadcrumb\":{\"@id\":\"https:\\\/\\\/lafroza.ee\\\/toode\\\/kulmutatud-bataadifriikad-kopeeri\\\/#breadcrumb\"},\"inLanguage\":\"en-GB\",\"potentialAction\":[{\"@type\":\"ReadAction\",\"target\":[\"https:\\\/\\\/lafroza.ee\\\/toode\\\/kulmutatud-bataadifriikad-kopeeri\\\/\"]}]},{\"@type\":\"ImageObject\",\"inLanguage\":\"en-GB\",\"@id\":\"https:\\\/\\\/lafroza.ee\\\/toode\\\/kulmutatud-bataadifriikad-kopeeri\\\/#primaryimage\",\"url\":\"https:\\\/\\\/lafroza.ee\\\/wp-content\\\/uploads\\\/2026\\\/02\\\/bataadifriikad-scaled.jpg\",\"contentUrl\":\"https:\\\/\\\/lafroza.ee\\\/wp-content\\\/uploads\\\/2026\\\/02\\\/bataadifriikad-scaled.jpg\",\"width\":2560,\"height\":2560,\"caption\":\"bataadifriikartulid\"},{\"@type\":\"BreadcrumbList\",\"@id\":\"https:\\\/\\\/lafroza.ee\\\/toode\\\/kulmutatud-bataadifriikad-kopeeri\\\/#breadcrumb\",\"itemListElement\":[{\"@type\":\"ListItem\",\"position\":1,\"name\":\"Avaleht\",\"item\":\"https:\\\/\\\/lafroza.ee\\\/\"},{\"@type\":\"ListItem\",\"position\":2,\"name\":\"E-pood\",\"item\":\"https:\\\/\\\/lafroza.ee\\\/e-pood\\\/\"},{\"@type\":\"ListItem\",\"position\":3,\"name\":\"Muud k\u00fclmutatud tooted\",\"item\":\"https:\\\/\\\/lafroza.ee\\\/tootekategooria\\\/muud-tooted\\\/\"},{\"@type\":\"ListItem\",\"position\":4,\"name\":\"Sn\u00e4kid\",\"item\":\"https:\\\/\\\/lafroza.ee\\\/tootekategooria\\\/muud-tooted\\\/kulmutatud-snakid\\\/\"},{\"@type\":\"ListItem\",\"position\":5,\"name\":\"K\u00fclmutatud Bart&#8217;s bataadifriikad\"}]},{\"@type\":\"WebSite\",\"@id\":\"https:\\\/\\\/lafroza.ee\\\/#website\",\"url\":\"https:\\\/\\\/lafroza.ee\\\/\",\"name\":\"LaFroza\",\"description\":\"\",\"publisher\":{\"@id\":\"https:\\\/\\\/lafroza.ee\\\/#organization\"},\"potentialAction\":[{\"@type\":\"SearchAction\",\"target\":{\"@type\":\"EntryPoint\",\"urlTemplate\":\"https:\\\/\\\/lafroza.ee\\\/?s={search_term_string}\"},\"query-input\":{\"@type\":\"PropertyValueSpecification\",\"valueRequired\":true,\"valueName\":\"search_term_string\"}}],\"inLanguage\":\"en-GB\"},{\"@type\":\"Organization\",\"@id\":\"https:\\\/\\\/lafroza.ee\\\/#organization\",\"name\":\"LaFroza\",\"alternateName\":\"BerryFood O\u00dc\",\"url\":\"https:\\\/\\\/lafroza.ee\\\/\",\"logo\":{\"@type\":\"ImageObject\",\"inLanguage\":\"en-GB\",\"@id\":\"https:\\\/\\\/lafroza.ee\\\/#\\\/schema\\\/logo\\\/image\\\/\",\"url\":\"https:\\\/\\\/lafroza.ee\\\/wp-content\\\/uploads\\\/2025\\\/02\\\/logo.svg\",\"contentUrl\":\"https:\\\/\\\/lafroza.ee\\\/wp-content\\\/uploads\\\/2025\\\/02\\\/logo.svg\",\"width\":238,\"height\":96,\"caption\":\"LaFroza\"},\"image\":{\"@id\":\"https:\\\/\\\/lafroza.ee\\\/#\\\/schema\\\/logo\\\/image\\\/\"}}]}<\/script>\n<!-- \/ Yoast SEO plugin. -->","yoast_head_json":{"title":"K\u00fclmutatud bataadifriikad | Kiire ja kr\u00f5be valik ahju v\u00f5i frit\u00fc\u00fcri","description":"K\u00fclmutatud bataadifriikad sobivad kiireks lisandiks pearoa k\u00f5rvale v\u00f5i vahepalaks. Valmivad ahjus v\u00f5i frit\u00fc\u00fcris m\u00f5ne minutiga.","robots":{"index":"index","follow":"follow","max-snippet":"max-snippet:-1","max-image-preview":"max-image-preview:large","max-video-preview":"max-video-preview:-1"},"canonical":"https:\/\/lafroza.ee\/en\/product\/kulmutatud-bataadifriikad-kopeeri\/","og_locale":"en_GB","og_type":"article","og_title":"K\u00fclmutatud bataadifriikad | Kiire ja kr\u00f5be valik ahju v\u00f5i frit\u00fc\u00fcri","og_description":"K\u00fclmutatud bataadifriikad sobivad kiireks lisandiks pearoa k\u00f5rvale v\u00f5i vahepalaks. Valmivad ahjus v\u00f5i frit\u00fc\u00fcris m\u00f5ne minutiga.","og_url":"https:\/\/lafroza.ee\/en\/product\/kulmutatud-bataadifriikad-kopeeri\/","og_site_name":"LaFroza","article_modified_time":"2026-04-16T06:51:41+00:00","og_image":[{"width":2560,"height":2560,"url":"https:\/\/lafroza.ee\/wp-content\/uploads\/2026\/02\/bataadifriikad-scaled.jpg","type":"image\/jpeg"}],"twitter_card":"summary_large_image","twitter_misc":{"Estimated reading time":"1 minute"},"schema":{"@context":"https:\/\/schema.org","@graph":[{"@type":"WebPage","@id":"https:\/\/lafroza.ee\/toode\/kulmutatud-bataadifriikad-kopeeri\/","url":"https:\/\/lafroza.ee\/toode\/kulmutatud-bataadifriikad-kopeeri\/","name":"K\u00fclmutatud bataadifriikad | Kiire ja kr\u00f5be valik ahju v\u00f5i frit\u00fc\u00fcri","isPartOf":{"@id":"https:\/\/lafroza.ee\/#website"},"primaryImageOfPage":{"@id":"https:\/\/lafroza.ee\/toode\/kulmutatud-bataadifriikad-kopeeri\/#primaryimage"},"image":{"@id":"https:\/\/lafroza.ee\/toode\/kulmutatud-bataadifriikad-kopeeri\/#primaryimage"},"thumbnailUrl":"https:\/\/lafroza.ee\/wp-content\/uploads\/2026\/02\/bataadifriikad-scaled.jpg","datePublished":"2026-02-04T09:14:08+00:00","dateModified":"2026-04-16T06:51:41+00:00","description":"K\u00fclmutatud bataadifriikad sobivad kiireks lisandiks pearoa k\u00f5rvale v\u00f5i vahepalaks. Valmivad ahjus v\u00f5i frit\u00fc\u00fcris m\u00f5ne minutiga.","breadcrumb":{"@id":"https:\/\/lafroza.ee\/toode\/kulmutatud-bataadifriikad-kopeeri\/#breadcrumb"},"inLanguage":"en-GB","potentialAction":[{"@type":"ReadAction","target":["https:\/\/lafroza.ee\/toode\/kulmutatud-bataadifriikad-kopeeri\/"]}]},{"@type":"ImageObject","inLanguage":"en-GB","@id":"https:\/\/lafroza.ee\/toode\/kulmutatud-bataadifriikad-kopeeri\/#primaryimage","url":"https:\/\/lafroza.ee\/wp-content\/uploads\/2026\/02\/bataadifriikad-scaled.jpg","contentUrl":"https:\/\/lafroza.ee\/wp-content\/uploads\/2026\/02\/bataadifriikad-scaled.jpg","width":2560,"height":2560,"caption":"bataadifriikartulid"},{"@type":"BreadcrumbList","@id":"https:\/\/lafroza.ee\/toode\/kulmutatud-bataadifriikad-kopeeri\/#breadcrumb","itemListElement":[{"@type":"ListItem","position":1,"name":"Avaleht","item":"https:\/\/lafroza.ee\/"},{"@type":"ListItem","position":2,"name":"E-pood","item":"https:\/\/lafroza.ee\/e-pood\/"},{"@type":"ListItem","position":3,"name":"Muud k\u00fclmutatud tooted","item":"https:\/\/lafroza.ee\/tootekategooria\/muud-tooted\/"},{"@type":"ListItem","position":4,"name":"Sn\u00e4kid","item":"https:\/\/lafroza.ee\/tootekategooria\/muud-tooted\/kulmutatud-snakid\/"},{"@type":"ListItem","position":5,"name":"K\u00fclmutatud Bart&#8217;s bataadifriikad"}]},{"@type":"WebSite","@id":"https:\/\/lafroza.ee\/#website","url":"https:\/\/lafroza.ee\/","name":"LaFroza","description":"","publisher":{"@id":"https:\/\/lafroza.ee\/#organization"},"potentialAction":[{"@type":"SearchAction","target":{"@type":"EntryPoint","urlTemplate":"https:\/\/lafroza.ee\/?s={search_term_string}"},"query-input":{"@type":"PropertyValueSpecification","valueRequired":true,"valueName":"search_term_string"}}],"inLanguage":"en-GB"},{"@type":"Organization","@id":"https:\/\/lafroza.ee\/#organization","name":"LaFroza","alternateName":"BerryFood O\u00dc","url":"https:\/\/lafroza.ee\/","logo":{"@type":"ImageObject","inLanguage":"en-GB","@id":"https:\/\/lafroza.ee\/#\/schema\/logo\/image\/","url":"https:\/\/lafroza.ee\/wp-content\/uploads\/2025\/02\/logo.svg","contentUrl":"https:\/\/lafroza.ee\/wp-content\/uploads\/2025\/02\/logo.svg","width":238,"height":96,"caption":"LaFroza"},"image":{"@id":"https:\/\/lafroza.ee\/#\/schema\/logo\/image\/"}}]}},"_links":{"self":[{"href":"https:\/\/lafroza.ee\/en\/wp-json\/wp\/v2\/product\/5773","targetHints":{"allow":["GET"]}}],"collection":[{"href":"https:\/\/lafroza.ee\/en\/wp-json\/wp\/v2\/product"}],"about":[{"href":"https:\/\/lafroza.ee\/en\/wp-json\/wp\/v2\/types\/product"}],"replies":[{"embeddable":true,"href":"https:\/\/lafroza.ee\/en\/wp-json\/wp\/v2\/comments?post=5773"}],"wp:featuredmedia":[{"embeddable":true,"href":"https:\/\/lafroza.ee\/en\/wp-json\/wp\/v2\/media\/5774"}],"wp:attachment":[{"href":"https:\/\/lafroza.ee\/en\/wp-json\/wp\/v2\/media?parent=5773"}],"wp:term":[{"taxonomy":"product_brand","embeddable":true,"href":"https:\/\/lafroza.ee\/en\/wp-json\/wp\/v2\/product_brand?post=5773"},{"taxonomy":"product_cat","embeddable":true,"href":"https:\/\/lafroza.ee\/en\/wp-json\/wp\/v2\/product_cat?post=5773"},{"taxonomy":"product_tag","embeddable":true,"href":"https:\/\/lafroza.ee\/en\/wp-json\/wp\/v2\/product_tag?post=5773"}],"curies":[{"name":"wp","href":"https:\/\/api.w.org\/{rel}","templated":true}]}}