{"id":5634,"date":"2026-01-06T13:50:21","date_gmt":"2026-01-06T11:50:21","guid":{"rendered":"https:\/\/lafroza.ee\/?post_type=product&#038;p=5634"},"modified":"2026-05-06T10:20:23","modified_gmt":"2026-05-06T08:20:23","slug":"kulmutatud-hernes-mahe-2","status":"publish","type":"product","link":"https:\/\/lafroza.ee\/en\/product\/kulmutatud-hernes-mahe-2\/","title":{"rendered":"Frozen Peas, Organic"},"content":{"rendered":"","protected":false},"excerpt":{"rendered":"<p data-start=\"96\" data-end=\"283\">ORGANIC PRODUCT<br \/>\nPumpkin is a versatile vegetable, well suited for everyday cooking and as an ingredient in a variety of dishes.<\/p>\n<p data-start=\"197\" data-end=\"420\">Frozen pumpkin is ideal for soups, stews, pur\u00e9es, oven dishes, and as a side. Quick freezing helps preserve the pumpkin\u2019s natural colour and beneficial nutrients, ensuring availability regardless of the season.<\/p>","protected":false},"featured_media":5642,"comment_status":"closed","ping_status":"closed","template":"","meta":{"_acf_changed":false},"product_brand":[],"product_cat":[321],"product_tag":[],"class_list":{"0":"post-5634","1":"product","2":"type-product","3":"status-publish","4":"has-post-thumbnail","6":"product_cat-koogiviljad-ja-seened","7":"product_shipping_class-kulmutatud-tooted","9":"first","10":"instock","11":"shipping-taxable","12":"purchasable","13":"product-type-variable"},"acf":[],"yoast_head":"<!-- This site is optimized with the Yoast SEO plugin v27.5 - https:\/\/yoast.com\/product\/yoast-seo-wordpress\/ -->\n<title>Mahehernes LaFroza Bio | Mahe valik aastaringselt<\/title>\n<meta name=\"description\" content=\"LaFroza k\u00fclmutatud mahehernes sobib h\u00e4sti panniroogadesse, pirukatesse v\u00f5i k\u00f5rvale \u2013 lihtne viis lisada toidule k\u00f6\u00f6givilju ja v\u00e4rvi.\" \/>\n<meta name=\"robots\" content=\"index, follow, max-snippet:-1, max-image-preview:large, max-video-preview:-1\" \/>\n<link rel=\"canonical\" href=\"https:\/\/lafroza.ee\/en\/product\/kulmutatud-hernes-mahe-2\/\" \/>\n<meta property=\"og:locale\" content=\"en_GB\" \/>\n<meta property=\"og:type\" content=\"article\" \/>\n<meta property=\"og:title\" content=\"Mahehernes LaFroza Bio | Mahe valik aastaringselt\" \/>\n<meta property=\"og:description\" content=\"LaFroza k\u00fclmutatud mahehernes sobib h\u00e4sti panniroogadesse, pirukatesse v\u00f5i k\u00f5rvale \u2013 lihtne viis lisada toidule k\u00f6\u00f6givilju ja v\u00e4rvi.\" \/>\n<meta property=\"og:url\" content=\"https:\/\/lafroza.ee\/en\/product\/kulmutatud-hernes-mahe-2\/\" \/>\n<meta property=\"og:site_name\" content=\"LaFroza\" \/>\n<meta property=\"article:modified_time\" content=\"2026-05-06T08:20:23+00:00\" \/>\n<meta property=\"og:image\" content=\"https:\/\/lafroza.ee\/wp-content\/uploads\/2026\/01\/mahehernes-epood.jpg\" \/>\n\t<meta property=\"og:image:width\" content=\"1200\" \/>\n\t<meta property=\"og:image:height\" content=\"1200\" \/>\n\t<meta property=\"og:image:type\" content=\"image\/jpeg\" \/>\n<meta name=\"twitter:card\" content=\"summary_large_image\" \/>\n<meta name=\"twitter:label1\" content=\"Estimated reading time\" \/>\n\t<meta name=\"twitter:data1\" content=\"1 minute\" \/>\n<script type=\"application\/ld+json\" class=\"yoast-schema-graph\">{\"@context\":\"https:\\\/\\\/schema.org\",\"@graph\":[{\"@type\":\"WebPage\",\"@id\":\"https:\\\/\\\/lafroza.ee\\\/toode\\\/kulmutatud-hernes-mahe-2\\\/\",\"url\":\"https:\\\/\\\/lafroza.ee\\\/toode\\\/kulmutatud-hernes-mahe-2\\\/\",\"name\":\"Mahehernes LaFroza Bio | Mahe valik aastaringselt\",\"isPartOf\":{\"@id\":\"https:\\\/\\\/lafroza.ee\\\/#website\"},\"primaryImageOfPage\":{\"@id\":\"https:\\\/\\\/lafroza.ee\\\/toode\\\/kulmutatud-hernes-mahe-2\\\/#primaryimage\"},\"image\":{\"@id\":\"https:\\\/\\\/lafroza.ee\\\/toode\\\/kulmutatud-hernes-mahe-2\\\/#primaryimage\"},\"thumbnailUrl\":\"https:\\\/\\\/lafroza.ee\\\/wp-content\\\/uploads\\\/2026\\\/01\\\/mahehernes-epood.jpg\",\"datePublished\":\"2026-01-06T11:50:21+00:00\",\"dateModified\":\"2026-05-06T08:20:23+00:00\",\"description\":\"LaFroza k\u00fclmutatud mahehernes sobib h\u00e4sti panniroogadesse, pirukatesse v\u00f5i k\u00f5rvale \u2013 lihtne viis lisada toidule k\u00f6\u00f6givilju ja v\u00e4rvi.\",\"breadcrumb\":{\"@id\":\"https:\\\/\\\/lafroza.ee\\\/toode\\\/kulmutatud-hernes-mahe-2\\\/#breadcrumb\"},\"inLanguage\":\"en-GB\",\"potentialAction\":[{\"@type\":\"ReadAction\",\"target\":[\"https:\\\/\\\/lafroza.ee\\\/toode\\\/kulmutatud-hernes-mahe-2\\\/\"]}]},{\"@type\":\"ImageObject\",\"inLanguage\":\"en-GB\",\"@id\":\"https:\\\/\\\/lafroza.ee\\\/toode\\\/kulmutatud-hernes-mahe-2\\\/#primaryimage\",\"url\":\"https:\\\/\\\/lafroza.ee\\\/wp-content\\\/uploads\\\/2026\\\/01\\\/mahehernes-epood.jpg\",\"contentUrl\":\"https:\\\/\\\/lafroza.ee\\\/wp-content\\\/uploads\\\/2026\\\/01\\\/mahehernes-epood.jpg\",\"width\":1200,\"height\":1200},{\"@type\":\"BreadcrumbList\",\"@id\":\"https:\\\/\\\/lafroza.ee\\\/toode\\\/kulmutatud-hernes-mahe-2\\\/#breadcrumb\",\"itemListElement\":[{\"@type\":\"ListItem\",\"position\":1,\"name\":\"Avaleht\",\"item\":\"https:\\\/\\\/lafroza.ee\\\/\"},{\"@type\":\"ListItem\",\"position\":2,\"name\":\"E-pood\",\"item\":\"https:\\\/\\\/lafroza.ee\\\/e-pood\\\/\"},{\"@type\":\"ListItem\",\"position\":3,\"name\":\"Mahetooted\",\"item\":\"https:\\\/\\\/lafroza.ee\\\/tootekategooria\\\/kulmutatud-mahetooted\\\/\"},{\"@type\":\"ListItem\",\"position\":4,\"name\":\"Aedviljad ja seened\",\"item\":\"https:\\\/\\\/lafroza.ee\\\/tootekategooria\\\/kulmutatud-mahetooted\\\/koogiviljad-ja-seened\\\/\"},{\"@type\":\"ListItem\",\"position\":5,\"name\":\"K\u00fclmutatud hernes, mahe\"}]},{\"@type\":\"WebSite\",\"@id\":\"https:\\\/\\\/lafroza.ee\\\/#website\",\"url\":\"https:\\\/\\\/lafroza.ee\\\/\",\"name\":\"LaFroza\",\"description\":\"\",\"publisher\":{\"@id\":\"https:\\\/\\\/lafroza.ee\\\/#organization\"},\"potentialAction\":[{\"@type\":\"SearchAction\",\"target\":{\"@type\":\"EntryPoint\",\"urlTemplate\":\"https:\\\/\\\/lafroza.ee\\\/?s={search_term_string}\"},\"query-input\":{\"@type\":\"PropertyValueSpecification\",\"valueRequired\":true,\"valueName\":\"search_term_string\"}}],\"inLanguage\":\"en-GB\"},{\"@type\":\"Organization\",\"@id\":\"https:\\\/\\\/lafroza.ee\\\/#organization\",\"name\":\"LaFroza\",\"alternateName\":\"BerryFood O\u00dc\",\"url\":\"https:\\\/\\\/lafroza.ee\\\/\",\"logo\":{\"@type\":\"ImageObject\",\"inLanguage\":\"en-GB\",\"@id\":\"https:\\\/\\\/lafroza.ee\\\/#\\\/schema\\\/logo\\\/image\\\/\",\"url\":\"https:\\\/\\\/lafroza.ee\\\/wp-content\\\/uploads\\\/2025\\\/02\\\/logo.svg\",\"contentUrl\":\"https:\\\/\\\/lafroza.ee\\\/wp-content\\\/uploads\\\/2025\\\/02\\\/logo.svg\",\"width\":238,\"height\":96,\"caption\":\"LaFroza\"},\"image\":{\"@id\":\"https:\\\/\\\/lafroza.ee\\\/#\\\/schema\\\/logo\\\/image\\\/\"}}]}<\/script>\n<!-- \/ Yoast SEO plugin. -->","yoast_head_json":{"title":"Mahehernes LaFroza Bio | Mahe valik aastaringselt","description":"LaFroza k\u00fclmutatud mahehernes sobib h\u00e4sti panniroogadesse, pirukatesse v\u00f5i k\u00f5rvale \u2013 lihtne viis lisada toidule k\u00f6\u00f6givilju ja v\u00e4rvi.","robots":{"index":"index","follow":"follow","max-snippet":"max-snippet:-1","max-image-preview":"max-image-preview:large","max-video-preview":"max-video-preview:-1"},"canonical":"https:\/\/lafroza.ee\/en\/product\/kulmutatud-hernes-mahe-2\/","og_locale":"en_GB","og_type":"article","og_title":"Mahehernes LaFroza Bio | Mahe valik aastaringselt","og_description":"LaFroza k\u00fclmutatud mahehernes sobib h\u00e4sti panniroogadesse, pirukatesse v\u00f5i k\u00f5rvale \u2013 lihtne viis lisada toidule k\u00f6\u00f6givilju ja v\u00e4rvi.","og_url":"https:\/\/lafroza.ee\/en\/product\/kulmutatud-hernes-mahe-2\/","og_site_name":"LaFroza","article_modified_time":"2026-05-06T08:20:23+00:00","og_image":[{"width":1200,"height":1200,"url":"https:\/\/lafroza.ee\/wp-content\/uploads\/2026\/01\/mahehernes-epood.jpg","type":"image\/jpeg"}],"twitter_card":"summary_large_image","twitter_misc":{"Estimated reading time":"1 minute"},"schema":{"@context":"https:\/\/schema.org","@graph":[{"@type":"WebPage","@id":"https:\/\/lafroza.ee\/toode\/kulmutatud-hernes-mahe-2\/","url":"https:\/\/lafroza.ee\/toode\/kulmutatud-hernes-mahe-2\/","name":"Mahehernes LaFroza Bio | Mahe valik aastaringselt","isPartOf":{"@id":"https:\/\/lafroza.ee\/#website"},"primaryImageOfPage":{"@id":"https:\/\/lafroza.ee\/toode\/kulmutatud-hernes-mahe-2\/#primaryimage"},"image":{"@id":"https:\/\/lafroza.ee\/toode\/kulmutatud-hernes-mahe-2\/#primaryimage"},"thumbnailUrl":"https:\/\/lafroza.ee\/wp-content\/uploads\/2026\/01\/mahehernes-epood.jpg","datePublished":"2026-01-06T11:50:21+00:00","dateModified":"2026-05-06T08:20:23+00:00","description":"LaFroza k\u00fclmutatud mahehernes sobib h\u00e4sti panniroogadesse, pirukatesse v\u00f5i k\u00f5rvale \u2013 lihtne viis lisada toidule k\u00f6\u00f6givilju ja v\u00e4rvi.","breadcrumb":{"@id":"https:\/\/lafroza.ee\/toode\/kulmutatud-hernes-mahe-2\/#breadcrumb"},"inLanguage":"en-GB","potentialAction":[{"@type":"ReadAction","target":["https:\/\/lafroza.ee\/toode\/kulmutatud-hernes-mahe-2\/"]}]},{"@type":"ImageObject","inLanguage":"en-GB","@id":"https:\/\/lafroza.ee\/toode\/kulmutatud-hernes-mahe-2\/#primaryimage","url":"https:\/\/lafroza.ee\/wp-content\/uploads\/2026\/01\/mahehernes-epood.jpg","contentUrl":"https:\/\/lafroza.ee\/wp-content\/uploads\/2026\/01\/mahehernes-epood.jpg","width":1200,"height":1200},{"@type":"BreadcrumbList","@id":"https:\/\/lafroza.ee\/toode\/kulmutatud-hernes-mahe-2\/#breadcrumb","itemListElement":[{"@type":"ListItem","position":1,"name":"Avaleht","item":"https:\/\/lafroza.ee\/"},{"@type":"ListItem","position":2,"name":"E-pood","item":"https:\/\/lafroza.ee\/e-pood\/"},{"@type":"ListItem","position":3,"name":"Mahetooted","item":"https:\/\/lafroza.ee\/tootekategooria\/kulmutatud-mahetooted\/"},{"@type":"ListItem","position":4,"name":"Aedviljad ja seened","item":"https:\/\/lafroza.ee\/tootekategooria\/kulmutatud-mahetooted\/koogiviljad-ja-seened\/"},{"@type":"ListItem","position":5,"name":"K\u00fclmutatud hernes, mahe"}]},{"@type":"WebSite","@id":"https:\/\/lafroza.ee\/#website","url":"https:\/\/lafroza.ee\/","name":"LaFroza","description":"","publisher":{"@id":"https:\/\/lafroza.ee\/#organization"},"potentialAction":[{"@type":"SearchAction","target":{"@type":"EntryPoint","urlTemplate":"https:\/\/lafroza.ee\/?s={search_term_string}"},"query-input":{"@type":"PropertyValueSpecification","valueRequired":true,"valueName":"search_term_string"}}],"inLanguage":"en-GB"},{"@type":"Organization","@id":"https:\/\/lafroza.ee\/#organization","name":"LaFroza","alternateName":"BerryFood O\u00dc","url":"https:\/\/lafroza.ee\/","logo":{"@type":"ImageObject","inLanguage":"en-GB","@id":"https:\/\/lafroza.ee\/#\/schema\/logo\/image\/","url":"https:\/\/lafroza.ee\/wp-content\/uploads\/2025\/02\/logo.svg","contentUrl":"https:\/\/lafroza.ee\/wp-content\/uploads\/2025\/02\/logo.svg","width":238,"height":96,"caption":"LaFroza"},"image":{"@id":"https:\/\/lafroza.ee\/#\/schema\/logo\/image\/"}}]}},"_links":{"self":[{"href":"https:\/\/lafroza.ee\/en\/wp-json\/wp\/v2\/product\/5634","targetHints":{"allow":["GET"]}}],"collection":[{"href":"https:\/\/lafroza.ee\/en\/wp-json\/wp\/v2\/product"}],"about":[{"href":"https:\/\/lafroza.ee\/en\/wp-json\/wp\/v2\/types\/product"}],"replies":[{"embeddable":true,"href":"https:\/\/lafroza.ee\/en\/wp-json\/wp\/v2\/comments?post=5634"}],"wp:featuredmedia":[{"embeddable":true,"href":"https:\/\/lafroza.ee\/en\/wp-json\/wp\/v2\/media\/5642"}],"wp:attachment":[{"href":"https:\/\/lafroza.ee\/en\/wp-json\/wp\/v2\/media?parent=5634"}],"wp:term":[{"taxonomy":"product_brand","embeddable":true,"href":"https:\/\/lafroza.ee\/en\/wp-json\/wp\/v2\/product_brand?post=5634"},{"taxonomy":"product_cat","embeddable":true,"href":"https:\/\/lafroza.ee\/en\/wp-json\/wp\/v2\/product_cat?post=5634"},{"taxonomy":"product_tag","embeddable":true,"href":"https:\/\/lafroza.ee\/en\/wp-json\/wp\/v2\/product_tag?post=5634"}],"curies":[{"name":"wp","href":"https:\/\/api.w.org\/{rel}","templated":true}]}}