{"id":5292,"date":"2025-10-01T10:34:01","date_gmt":"2025-10-01T08:34:01","guid":{"rendered":"https:\/\/lafroza.ee\/?post_type=product&#038;p=5292"},"modified":"2026-03-25T10:39:01","modified_gmt":"2026-03-25T08:39:01","slug":"ounakrops-passioniviljamaitseline","status":"publish","type":"product","link":"https:\/\/lafroza.ee\/en\/product\/ounakrops-passioniviljamaitseline\/","title":{"rendered":"Dried Apple Slices with Passion Fruit Flavor"},"content":{"rendered":"","protected":false},"excerpt":{"rendered":"<p data-start=\"101\" data-end=\"463\"><strong data-start=\"101\" data-end=\"156\">Crispy Natural thin and crunchy dried apple chips with a tropical passion fruit flavor. <\/strong>\u00f5hukesed ja kr\u00f5bedad kuivatatud \u00f5unakr\u00f5psud troopilise passioniviljamaitsega.<\/p>\n<p>The product contains no added sugar, only naturally occurring sugars from fruit. It is gluten-free, suitable for vegans and vegetarians, high in fiber, and free from preservatives. Innovative drying technology helps preserve the product\u2019s natural properties.<\/p>\n<p>&nbsp;<\/p>","protected":false},"featured_media":5282,"comment_status":"open","ping_status":"closed","template":"","meta":{"_acf_changed":false},"product_brand":[],"product_cat":[219],"product_tag":[],"class_list":{"0":"post-5292","1":"product","2":"type-product","3":"status-publish","4":"has-post-thumbnail","6":"product_cat-puuvilja-ja-marjasnaksid","7":"product_shipping_class-pakiautomaat","9":"first","10":"instock","11":"shipping-taxable","12":"purchasable","13":"product-type-variable"},"acf":[],"yoast_head":"<!-- This site is optimized with the Yoast SEO plugin v27.5 - https:\/\/yoast.com\/product\/yoast-seo-wordpress\/ -->\n<title>\u00d5unakr\u00f5psud passioniviljamaitseline | LaFroza e-pood<\/title>\n<meta name=\"description\" content=\"Kr\u00f5bedad \u00f5unakr\u00f5psud passioniviljamaitseline \u2013 ilma lisatud suhkruta ja s\u00e4ilitusaineteta. Troopiline sn\u00e4kk, mis sobib igaks hetkeks. Osta LaFroza e-poest!\" \/>\n<meta name=\"robots\" content=\"index, follow, max-snippet:-1, max-image-preview:large, max-video-preview:-1\" \/>\n<link rel=\"canonical\" href=\"https:\/\/lafroza.ee\/en\/product\/ounakrops-passioniviljamaitseline\/\" \/>\n<meta property=\"og:locale\" content=\"en_GB\" \/>\n<meta property=\"og:type\" content=\"article\" \/>\n<meta property=\"og:title\" content=\"\u00d5unakr\u00f5psud passioniviljamaitseline | LaFroza e-pood\" \/>\n<meta property=\"og:description\" content=\"Kr\u00f5bedad \u00f5unakr\u00f5psud passioniviljamaitseline \u2013 ilma lisatud suhkruta ja s\u00e4ilitusaineteta. Troopiline sn\u00e4kk, mis sobib igaks hetkeks. Osta LaFroza e-poest!\" \/>\n<meta property=\"og:url\" content=\"https:\/\/lafroza.ee\/en\/product\/ounakrops-passioniviljamaitseline\/\" \/>\n<meta property=\"og:site_name\" content=\"LaFroza\" \/>\n<meta property=\"article:modified_time\" content=\"2026-03-25T08:39:01+00:00\" \/>\n<meta property=\"og:image\" content=\"https:\/\/lafroza.ee\/wp-content\/uploads\/2025\/10\/CNkrops_granaatoun.jpg\" \/>\n\t<meta property=\"og:image:width\" content=\"1200\" \/>\n\t<meta property=\"og:image:height\" content=\"1200\" \/>\n\t<meta property=\"og:image:type\" content=\"image\/jpeg\" \/>\n<meta name=\"twitter:card\" content=\"summary_large_image\" \/>\n<meta name=\"twitter:label1\" content=\"Estimated reading time\" \/>\n\t<meta name=\"twitter:data1\" content=\"1 minute\" \/>\n<script type=\"application\/ld+json\" class=\"yoast-schema-graph\">{\"@context\":\"https:\\\/\\\/schema.org\",\"@graph\":[{\"@type\":\"WebPage\",\"@id\":\"https:\\\/\\\/lafroza.ee\\\/toode\\\/ounakrops-passioniviljamaitseline\\\/\",\"url\":\"https:\\\/\\\/lafroza.ee\\\/toode\\\/ounakrops-passioniviljamaitseline\\\/\",\"name\":\"\u00d5unakr\u00f5psud passioniviljamaitseline | LaFroza e-pood\",\"isPartOf\":{\"@id\":\"https:\\\/\\\/lafroza.ee\\\/#website\"},\"primaryImageOfPage\":{\"@id\":\"https:\\\/\\\/lafroza.ee\\\/toode\\\/ounakrops-passioniviljamaitseline\\\/#primaryimage\"},\"image\":{\"@id\":\"https:\\\/\\\/lafroza.ee\\\/toode\\\/ounakrops-passioniviljamaitseline\\\/#primaryimage\"},\"thumbnailUrl\":\"https:\\\/\\\/lafroza.ee\\\/wp-content\\\/uploads\\\/2025\\\/10\\\/CNkrops_granaatoun.jpg\",\"datePublished\":\"2025-10-01T08:34:01+00:00\",\"dateModified\":\"2026-03-25T08:39:01+00:00\",\"description\":\"Kr\u00f5bedad \u00f5unakr\u00f5psud passioniviljamaitseline \u2013 ilma lisatud suhkruta ja s\u00e4ilitusaineteta. Troopiline sn\u00e4kk, mis sobib igaks hetkeks. Osta LaFroza e-poest!\",\"breadcrumb\":{\"@id\":\"https:\\\/\\\/lafroza.ee\\\/toode\\\/ounakrops-passioniviljamaitseline\\\/#breadcrumb\"},\"inLanguage\":\"en-GB\",\"potentialAction\":[{\"@type\":\"ReadAction\",\"target\":[\"https:\\\/\\\/lafroza.ee\\\/toode\\\/ounakrops-passioniviljamaitseline\\\/\"]}]},{\"@type\":\"ImageObject\",\"inLanguage\":\"en-GB\",\"@id\":\"https:\\\/\\\/lafroza.ee\\\/toode\\\/ounakrops-passioniviljamaitseline\\\/#primaryimage\",\"url\":\"https:\\\/\\\/lafroza.ee\\\/wp-content\\\/uploads\\\/2025\\\/10\\\/CNkrops_granaatoun.jpg\",\"contentUrl\":\"https:\\\/\\\/lafroza.ee\\\/wp-content\\\/uploads\\\/2025\\\/10\\\/CNkrops_granaatoun.jpg\",\"width\":1200,\"height\":1200},{\"@type\":\"BreadcrumbList\",\"@id\":\"https:\\\/\\\/lafroza.ee\\\/toode\\\/ounakrops-passioniviljamaitseline\\\/#breadcrumb\",\"itemListElement\":[{\"@type\":\"ListItem\",\"position\":1,\"name\":\"Avaleht\",\"item\":\"https:\\\/\\\/lafroza.ee\\\/\"},{\"@type\":\"ListItem\",\"position\":2,\"name\":\"E-pood\",\"item\":\"https:\\\/\\\/lafroza.ee\\\/e-pood\\\/\"},{\"@type\":\"ListItem\",\"position\":3,\"name\":\"Puuvilja- ja marjasn\u00e4ksid\",\"item\":\"https:\\\/\\\/lafroza.ee\\\/tootekategooria\\\/puuvilja-ja-marjasnaksid\\\/\"},{\"@type\":\"ListItem\",\"position\":4,\"name\":\"Kuivatatud \u00f5unaviilud passioniviljamaitsega\"}]},{\"@type\":\"WebSite\",\"@id\":\"https:\\\/\\\/lafroza.ee\\\/#website\",\"url\":\"https:\\\/\\\/lafroza.ee\\\/\",\"name\":\"LaFroza\",\"description\":\"\",\"publisher\":{\"@id\":\"https:\\\/\\\/lafroza.ee\\\/#organization\"},\"potentialAction\":[{\"@type\":\"SearchAction\",\"target\":{\"@type\":\"EntryPoint\",\"urlTemplate\":\"https:\\\/\\\/lafroza.ee\\\/?s={search_term_string}\"},\"query-input\":{\"@type\":\"PropertyValueSpecification\",\"valueRequired\":true,\"valueName\":\"search_term_string\"}}],\"inLanguage\":\"en-GB\"},{\"@type\":\"Organization\",\"@id\":\"https:\\\/\\\/lafroza.ee\\\/#organization\",\"name\":\"LaFroza\",\"alternateName\":\"BerryFood O\u00dc\",\"url\":\"https:\\\/\\\/lafroza.ee\\\/\",\"logo\":{\"@type\":\"ImageObject\",\"inLanguage\":\"en-GB\",\"@id\":\"https:\\\/\\\/lafroza.ee\\\/#\\\/schema\\\/logo\\\/image\\\/\",\"url\":\"https:\\\/\\\/lafroza.ee\\\/wp-content\\\/uploads\\\/2025\\\/02\\\/logo.svg\",\"contentUrl\":\"https:\\\/\\\/lafroza.ee\\\/wp-content\\\/uploads\\\/2025\\\/02\\\/logo.svg\",\"width\":238,\"height\":96,\"caption\":\"LaFroza\"},\"image\":{\"@id\":\"https:\\\/\\\/lafroza.ee\\\/#\\\/schema\\\/logo\\\/image\\\/\"}}]}<\/script>\n<!-- \/ Yoast SEO plugin. -->","yoast_head_json":{"title":"\u00d5unakr\u00f5psud passioniviljamaitseline | LaFroza e-pood","description":"Kr\u00f5bedad \u00f5unakr\u00f5psud passioniviljamaitseline \u2013 ilma lisatud suhkruta ja s\u00e4ilitusaineteta. Troopiline sn\u00e4kk, mis sobib igaks hetkeks. Osta LaFroza e-poest!","robots":{"index":"index","follow":"follow","max-snippet":"max-snippet:-1","max-image-preview":"max-image-preview:large","max-video-preview":"max-video-preview:-1"},"canonical":"https:\/\/lafroza.ee\/en\/product\/ounakrops-passioniviljamaitseline\/","og_locale":"en_GB","og_type":"article","og_title":"\u00d5unakr\u00f5psud passioniviljamaitseline | LaFroza e-pood","og_description":"Kr\u00f5bedad \u00f5unakr\u00f5psud passioniviljamaitseline \u2013 ilma lisatud suhkruta ja s\u00e4ilitusaineteta. Troopiline sn\u00e4kk, mis sobib igaks hetkeks. Osta LaFroza e-poest!","og_url":"https:\/\/lafroza.ee\/en\/product\/ounakrops-passioniviljamaitseline\/","og_site_name":"LaFroza","article_modified_time":"2026-03-25T08:39:01+00:00","og_image":[{"width":1200,"height":1200,"url":"https:\/\/lafroza.ee\/wp-content\/uploads\/2025\/10\/CNkrops_granaatoun.jpg","type":"image\/jpeg"}],"twitter_card":"summary_large_image","twitter_misc":{"Estimated reading time":"1 minute"},"schema":{"@context":"https:\/\/schema.org","@graph":[{"@type":"WebPage","@id":"https:\/\/lafroza.ee\/toode\/ounakrops-passioniviljamaitseline\/","url":"https:\/\/lafroza.ee\/toode\/ounakrops-passioniviljamaitseline\/","name":"\u00d5unakr\u00f5psud passioniviljamaitseline | LaFroza e-pood","isPartOf":{"@id":"https:\/\/lafroza.ee\/#website"},"primaryImageOfPage":{"@id":"https:\/\/lafroza.ee\/toode\/ounakrops-passioniviljamaitseline\/#primaryimage"},"image":{"@id":"https:\/\/lafroza.ee\/toode\/ounakrops-passioniviljamaitseline\/#primaryimage"},"thumbnailUrl":"https:\/\/lafroza.ee\/wp-content\/uploads\/2025\/10\/CNkrops_granaatoun.jpg","datePublished":"2025-10-01T08:34:01+00:00","dateModified":"2026-03-25T08:39:01+00:00","description":"Kr\u00f5bedad \u00f5unakr\u00f5psud passioniviljamaitseline \u2013 ilma lisatud suhkruta ja s\u00e4ilitusaineteta. Troopiline sn\u00e4kk, mis sobib igaks hetkeks. Osta LaFroza e-poest!","breadcrumb":{"@id":"https:\/\/lafroza.ee\/toode\/ounakrops-passioniviljamaitseline\/#breadcrumb"},"inLanguage":"en-GB","potentialAction":[{"@type":"ReadAction","target":["https:\/\/lafroza.ee\/toode\/ounakrops-passioniviljamaitseline\/"]}]},{"@type":"ImageObject","inLanguage":"en-GB","@id":"https:\/\/lafroza.ee\/toode\/ounakrops-passioniviljamaitseline\/#primaryimage","url":"https:\/\/lafroza.ee\/wp-content\/uploads\/2025\/10\/CNkrops_granaatoun.jpg","contentUrl":"https:\/\/lafroza.ee\/wp-content\/uploads\/2025\/10\/CNkrops_granaatoun.jpg","width":1200,"height":1200},{"@type":"BreadcrumbList","@id":"https:\/\/lafroza.ee\/toode\/ounakrops-passioniviljamaitseline\/#breadcrumb","itemListElement":[{"@type":"ListItem","position":1,"name":"Avaleht","item":"https:\/\/lafroza.ee\/"},{"@type":"ListItem","position":2,"name":"E-pood","item":"https:\/\/lafroza.ee\/e-pood\/"},{"@type":"ListItem","position":3,"name":"Puuvilja- ja marjasn\u00e4ksid","item":"https:\/\/lafroza.ee\/tootekategooria\/puuvilja-ja-marjasnaksid\/"},{"@type":"ListItem","position":4,"name":"Kuivatatud \u00f5unaviilud passioniviljamaitsega"}]},{"@type":"WebSite","@id":"https:\/\/lafroza.ee\/#website","url":"https:\/\/lafroza.ee\/","name":"LaFroza","description":"","publisher":{"@id":"https:\/\/lafroza.ee\/#organization"},"potentialAction":[{"@type":"SearchAction","target":{"@type":"EntryPoint","urlTemplate":"https:\/\/lafroza.ee\/?s={search_term_string}"},"query-input":{"@type":"PropertyValueSpecification","valueRequired":true,"valueName":"search_term_string"}}],"inLanguage":"en-GB"},{"@type":"Organization","@id":"https:\/\/lafroza.ee\/#organization","name":"LaFroza","alternateName":"BerryFood O\u00dc","url":"https:\/\/lafroza.ee\/","logo":{"@type":"ImageObject","inLanguage":"en-GB","@id":"https:\/\/lafroza.ee\/#\/schema\/logo\/image\/","url":"https:\/\/lafroza.ee\/wp-content\/uploads\/2025\/02\/logo.svg","contentUrl":"https:\/\/lafroza.ee\/wp-content\/uploads\/2025\/02\/logo.svg","width":238,"height":96,"caption":"LaFroza"},"image":{"@id":"https:\/\/lafroza.ee\/#\/schema\/logo\/image\/"}}]}},"_links":{"self":[{"href":"https:\/\/lafroza.ee\/en\/wp-json\/wp\/v2\/product\/5292","targetHints":{"allow":["GET"]}}],"collection":[{"href":"https:\/\/lafroza.ee\/en\/wp-json\/wp\/v2\/product"}],"about":[{"href":"https:\/\/lafroza.ee\/en\/wp-json\/wp\/v2\/types\/product"}],"replies":[{"embeddable":true,"href":"https:\/\/lafroza.ee\/en\/wp-json\/wp\/v2\/comments?post=5292"}],"wp:featuredmedia":[{"embeddable":true,"href":"https:\/\/lafroza.ee\/en\/wp-json\/wp\/v2\/media\/5282"}],"wp:attachment":[{"href":"https:\/\/lafroza.ee\/en\/wp-json\/wp\/v2\/media?parent=5292"}],"wp:term":[{"taxonomy":"product_brand","embeddable":true,"href":"https:\/\/lafroza.ee\/en\/wp-json\/wp\/v2\/product_brand?post=5292"},{"taxonomy":"product_cat","embeddable":true,"href":"https:\/\/lafroza.ee\/en\/wp-json\/wp\/v2\/product_cat?post=5292"},{"taxonomy":"product_tag","embeddable":true,"href":"https:\/\/lafroza.ee\/en\/wp-json\/wp\/v2\/product_tag?post=5292"}],"curies":[{"name":"wp","href":"https:\/\/api.w.org\/{rel}","templated":true}]}}