{"id":5166,"date":"2025-09-09T13:02:13","date_gmt":"2025-09-09T11:02:13","guid":{"rendered":"https:\/\/lafroza.ee\/?post_type=product&#038;p=5166"},"modified":"2025-10-21T16:44:12","modified_gmt":"2025-10-21T14:44:12","slug":"kulmutatud-porgandiribad","status":"publish","type":"product","link":"https:\/\/lafroza.ee\/en\/product\/kulmutatud-porgandiribad\/","title":{"rendered":"Frozen Carrot Strips"},"content":{"rendered":"","protected":false},"excerpt":{"rendered":"<p data-start=\"0\" data-end=\"260\">Porgand on \u00fcks enim kasutatavaid k\u00f6\u00f6givilju maailmas ning tuntud oma hea s\u00e4ilivuse ja laia kasutusv\u00f5imaluste poolest. K\u00fclmutatud ribadena on porgand eriti mugav lahendus, kui soovid kiirelt valmistada roogi ilma koorimise ja t\u00fckeldamiseta.<\/p>\n<p data-start=\"262\" data-end=\"510\" data-is-last-node=\"\" data-is-only-node=\"\">LaFroza frozen carrot strips are perfect for stir-fries, stews, salads, and vegetable mixes. Quick freezing helps preserve the carrot\u2019s natural and beneficial nutrients, ensuring availability regardless of the season.<\/p>","protected":false},"featured_media":5167,"comment_status":"closed","ping_status":"closed","template":"","meta":{"_acf_changed":false},"product_brand":[],"product_cat":[214],"product_tag":[],"class_list":{"0":"post-5166","1":"product","2":"type-product","3":"status-publish","4":"has-post-thumbnail","6":"product_cat-kulmutatud-koogiviljad-ja-seened","7":"product_shipping_class-kulmutatud-tooted","9":"first","10":"instock","11":"shipping-taxable","12":"purchasable","13":"product-type-variable"},"acf":[],"yoast_head":"<!-- This site is optimized with the Yoast SEO plugin v27.5 - https:\/\/yoast.com\/product\/yoast-seo-wordpress\/ -->\n<title>K\u00fclmutatud porgandiribad LaFroza | Tervislik valik aastaringselt<\/title>\n<meta name=\"description\" content=\"K\u00fclmutatud porgandiriba LaFroza sobivad suppidesse, hautistesse ja vokiroogadesse. Hea valik ka siis, kui v\u00e4rsket k\u00f6\u00f6givilja pole v\u00f5tta.\" \/>\n<meta name=\"robots\" content=\"index, follow, max-snippet:-1, max-image-preview:large, max-video-preview:-1\" \/>\n<link rel=\"canonical\" href=\"https:\/\/lafroza.ee\/en\/product\/kulmutatud-porgandiribad\/\" \/>\n<meta property=\"og:locale\" content=\"en_GB\" \/>\n<meta property=\"og:type\" content=\"article\" \/>\n<meta property=\"og:title\" content=\"K\u00fclmutatud porgandiribad LaFroza | Tervislik valik aastaringselt\" \/>\n<meta property=\"og:description\" content=\"K\u00fclmutatud porgandiriba LaFroza sobivad suppidesse, hautistesse ja vokiroogadesse. Hea valik ka siis, kui v\u00e4rsket k\u00f6\u00f6givilja pole v\u00f5tta.\" \/>\n<meta property=\"og:url\" content=\"https:\/\/lafroza.ee\/en\/product\/kulmutatud-porgandiribad\/\" \/>\n<meta property=\"og:site_name\" content=\"LaFroza\" \/>\n<meta property=\"article:modified_time\" content=\"2025-10-21T14:44:12+00:00\" \/>\n<meta property=\"og:image\" content=\"https:\/\/lafroza.ee\/wp-content\/uploads\/2025\/09\/porgandiriba.jpg\" \/>\n\t<meta property=\"og:image:width\" content=\"1200\" \/>\n\t<meta property=\"og:image:height\" content=\"1200\" \/>\n\t<meta property=\"og:image:type\" content=\"image\/jpeg\" \/>\n<meta name=\"twitter:card\" content=\"summary_large_image\" \/>\n<meta name=\"twitter:label1\" content=\"Estimated reading time\" \/>\n\t<meta name=\"twitter:data1\" content=\"1 minute\" \/>\n<script type=\"application\/ld+json\" class=\"yoast-schema-graph\">{\"@context\":\"https:\\\/\\\/schema.org\",\"@graph\":[{\"@type\":\"WebPage\",\"@id\":\"https:\\\/\\\/lafroza.ee\\\/toode\\\/kulmutatud-porgandiribad\\\/\",\"url\":\"https:\\\/\\\/lafroza.ee\\\/toode\\\/kulmutatud-porgandiribad\\\/\",\"name\":\"K\u00fclmutatud porgandiribad LaFroza | Tervislik valik aastaringselt\",\"isPartOf\":{\"@id\":\"https:\\\/\\\/lafroza.ee\\\/#website\"},\"primaryImageOfPage\":{\"@id\":\"https:\\\/\\\/lafroza.ee\\\/toode\\\/kulmutatud-porgandiribad\\\/#primaryimage\"},\"image\":{\"@id\":\"https:\\\/\\\/lafroza.ee\\\/toode\\\/kulmutatud-porgandiribad\\\/#primaryimage\"},\"thumbnailUrl\":\"https:\\\/\\\/lafroza.ee\\\/wp-content\\\/uploads\\\/2025\\\/09\\\/porgandiriba.jpg\",\"datePublished\":\"2025-09-09T11:02:13+00:00\",\"dateModified\":\"2025-10-21T14:44:12+00:00\",\"description\":\"K\u00fclmutatud porgandiriba LaFroza sobivad suppidesse, hautistesse ja vokiroogadesse. Hea valik ka siis, kui v\u00e4rsket k\u00f6\u00f6givilja pole v\u00f5tta.\",\"breadcrumb\":{\"@id\":\"https:\\\/\\\/lafroza.ee\\\/toode\\\/kulmutatud-porgandiribad\\\/#breadcrumb\"},\"inLanguage\":\"en-GB\",\"potentialAction\":[{\"@type\":\"ReadAction\",\"target\":[\"https:\\\/\\\/lafroza.ee\\\/toode\\\/kulmutatud-porgandiribad\\\/\"]}]},{\"@type\":\"ImageObject\",\"inLanguage\":\"en-GB\",\"@id\":\"https:\\\/\\\/lafroza.ee\\\/toode\\\/kulmutatud-porgandiribad\\\/#primaryimage\",\"url\":\"https:\\\/\\\/lafroza.ee\\\/wp-content\\\/uploads\\\/2025\\\/09\\\/porgandiriba.jpg\",\"contentUrl\":\"https:\\\/\\\/lafroza.ee\\\/wp-content\\\/uploads\\\/2025\\\/09\\\/porgandiriba.jpg\",\"width\":1200,\"height\":1200},{\"@type\":\"BreadcrumbList\",\"@id\":\"https:\\\/\\\/lafroza.ee\\\/toode\\\/kulmutatud-porgandiribad\\\/#breadcrumb\",\"itemListElement\":[{\"@type\":\"ListItem\",\"position\":1,\"name\":\"Avaleht\",\"item\":\"https:\\\/\\\/lafroza.ee\\\/\"},{\"@type\":\"ListItem\",\"position\":2,\"name\":\"E-pood\",\"item\":\"https:\\\/\\\/lafroza.ee\\\/e-pood\\\/\"},{\"@type\":\"ListItem\",\"position\":3,\"name\":\"Aedviljad ja seened\",\"item\":\"https:\\\/\\\/lafroza.ee\\\/tootekategooria\\\/kulmutatud-koogiviljad-ja-seened\\\/\"},{\"@type\":\"ListItem\",\"position\":4,\"name\":\"K\u00fclmutatud porgandiribad\"}]},{\"@type\":\"WebSite\",\"@id\":\"https:\\\/\\\/lafroza.ee\\\/#website\",\"url\":\"https:\\\/\\\/lafroza.ee\\\/\",\"name\":\"LaFroza\",\"description\":\"\",\"publisher\":{\"@id\":\"https:\\\/\\\/lafroza.ee\\\/#organization\"},\"potentialAction\":[{\"@type\":\"SearchAction\",\"target\":{\"@type\":\"EntryPoint\",\"urlTemplate\":\"https:\\\/\\\/lafroza.ee\\\/?s={search_term_string}\"},\"query-input\":{\"@type\":\"PropertyValueSpecification\",\"valueRequired\":true,\"valueName\":\"search_term_string\"}}],\"inLanguage\":\"en-GB\"},{\"@type\":\"Organization\",\"@id\":\"https:\\\/\\\/lafroza.ee\\\/#organization\",\"name\":\"LaFroza\",\"alternateName\":\"BerryFood O\u00dc\",\"url\":\"https:\\\/\\\/lafroza.ee\\\/\",\"logo\":{\"@type\":\"ImageObject\",\"inLanguage\":\"en-GB\",\"@id\":\"https:\\\/\\\/lafroza.ee\\\/#\\\/schema\\\/logo\\\/image\\\/\",\"url\":\"https:\\\/\\\/lafroza.ee\\\/wp-content\\\/uploads\\\/2025\\\/02\\\/logo.svg\",\"contentUrl\":\"https:\\\/\\\/lafroza.ee\\\/wp-content\\\/uploads\\\/2025\\\/02\\\/logo.svg\",\"width\":238,\"height\":96,\"caption\":\"LaFroza\"},\"image\":{\"@id\":\"https:\\\/\\\/lafroza.ee\\\/#\\\/schema\\\/logo\\\/image\\\/\"}}]}<\/script>\n<!-- \/ Yoast SEO plugin. -->","yoast_head_json":{"title":"K\u00fclmutatud porgandiribad LaFroza | Tervislik valik aastaringselt","description":"K\u00fclmutatud porgandiriba LaFroza sobivad suppidesse, hautistesse ja vokiroogadesse. Hea valik ka siis, kui v\u00e4rsket k\u00f6\u00f6givilja pole v\u00f5tta.","robots":{"index":"index","follow":"follow","max-snippet":"max-snippet:-1","max-image-preview":"max-image-preview:large","max-video-preview":"max-video-preview:-1"},"canonical":"https:\/\/lafroza.ee\/en\/product\/kulmutatud-porgandiribad\/","og_locale":"en_GB","og_type":"article","og_title":"K\u00fclmutatud porgandiribad LaFroza | Tervislik valik aastaringselt","og_description":"K\u00fclmutatud porgandiriba LaFroza sobivad suppidesse, hautistesse ja vokiroogadesse. Hea valik ka siis, kui v\u00e4rsket k\u00f6\u00f6givilja pole v\u00f5tta.","og_url":"https:\/\/lafroza.ee\/en\/product\/kulmutatud-porgandiribad\/","og_site_name":"LaFroza","article_modified_time":"2025-10-21T14:44:12+00:00","og_image":[{"width":1200,"height":1200,"url":"https:\/\/lafroza.ee\/wp-content\/uploads\/2025\/09\/porgandiriba.jpg","type":"image\/jpeg"}],"twitter_card":"summary_large_image","twitter_misc":{"Estimated reading time":"1 minute"},"schema":{"@context":"https:\/\/schema.org","@graph":[{"@type":"WebPage","@id":"https:\/\/lafroza.ee\/toode\/kulmutatud-porgandiribad\/","url":"https:\/\/lafroza.ee\/toode\/kulmutatud-porgandiribad\/","name":"K\u00fclmutatud porgandiribad LaFroza | Tervislik valik aastaringselt","isPartOf":{"@id":"https:\/\/lafroza.ee\/#website"},"primaryImageOfPage":{"@id":"https:\/\/lafroza.ee\/toode\/kulmutatud-porgandiribad\/#primaryimage"},"image":{"@id":"https:\/\/lafroza.ee\/toode\/kulmutatud-porgandiribad\/#primaryimage"},"thumbnailUrl":"https:\/\/lafroza.ee\/wp-content\/uploads\/2025\/09\/porgandiriba.jpg","datePublished":"2025-09-09T11:02:13+00:00","dateModified":"2025-10-21T14:44:12+00:00","description":"K\u00fclmutatud porgandiriba LaFroza sobivad suppidesse, hautistesse ja vokiroogadesse. Hea valik ka siis, kui v\u00e4rsket k\u00f6\u00f6givilja pole v\u00f5tta.","breadcrumb":{"@id":"https:\/\/lafroza.ee\/toode\/kulmutatud-porgandiribad\/#breadcrumb"},"inLanguage":"en-GB","potentialAction":[{"@type":"ReadAction","target":["https:\/\/lafroza.ee\/toode\/kulmutatud-porgandiribad\/"]}]},{"@type":"ImageObject","inLanguage":"en-GB","@id":"https:\/\/lafroza.ee\/toode\/kulmutatud-porgandiribad\/#primaryimage","url":"https:\/\/lafroza.ee\/wp-content\/uploads\/2025\/09\/porgandiriba.jpg","contentUrl":"https:\/\/lafroza.ee\/wp-content\/uploads\/2025\/09\/porgandiriba.jpg","width":1200,"height":1200},{"@type":"BreadcrumbList","@id":"https:\/\/lafroza.ee\/toode\/kulmutatud-porgandiribad\/#breadcrumb","itemListElement":[{"@type":"ListItem","position":1,"name":"Avaleht","item":"https:\/\/lafroza.ee\/"},{"@type":"ListItem","position":2,"name":"E-pood","item":"https:\/\/lafroza.ee\/e-pood\/"},{"@type":"ListItem","position":3,"name":"Aedviljad ja seened","item":"https:\/\/lafroza.ee\/tootekategooria\/kulmutatud-koogiviljad-ja-seened\/"},{"@type":"ListItem","position":4,"name":"K\u00fclmutatud porgandiribad"}]},{"@type":"WebSite","@id":"https:\/\/lafroza.ee\/#website","url":"https:\/\/lafroza.ee\/","name":"LaFroza","description":"","publisher":{"@id":"https:\/\/lafroza.ee\/#organization"},"potentialAction":[{"@type":"SearchAction","target":{"@type":"EntryPoint","urlTemplate":"https:\/\/lafroza.ee\/?s={search_term_string}"},"query-input":{"@type":"PropertyValueSpecification","valueRequired":true,"valueName":"search_term_string"}}],"inLanguage":"en-GB"},{"@type":"Organization","@id":"https:\/\/lafroza.ee\/#organization","name":"LaFroza","alternateName":"BerryFood O\u00dc","url":"https:\/\/lafroza.ee\/","logo":{"@type":"ImageObject","inLanguage":"en-GB","@id":"https:\/\/lafroza.ee\/#\/schema\/logo\/image\/","url":"https:\/\/lafroza.ee\/wp-content\/uploads\/2025\/02\/logo.svg","contentUrl":"https:\/\/lafroza.ee\/wp-content\/uploads\/2025\/02\/logo.svg","width":238,"height":96,"caption":"LaFroza"},"image":{"@id":"https:\/\/lafroza.ee\/#\/schema\/logo\/image\/"}}]}},"_links":{"self":[{"href":"https:\/\/lafroza.ee\/en\/wp-json\/wp\/v2\/product\/5166","targetHints":{"allow":["GET"]}}],"collection":[{"href":"https:\/\/lafroza.ee\/en\/wp-json\/wp\/v2\/product"}],"about":[{"href":"https:\/\/lafroza.ee\/en\/wp-json\/wp\/v2\/types\/product"}],"replies":[{"embeddable":true,"href":"https:\/\/lafroza.ee\/en\/wp-json\/wp\/v2\/comments?post=5166"}],"wp:featuredmedia":[{"embeddable":true,"href":"https:\/\/lafroza.ee\/en\/wp-json\/wp\/v2\/media\/5167"}],"wp:attachment":[{"href":"https:\/\/lafroza.ee\/en\/wp-json\/wp\/v2\/media?parent=5166"}],"wp:term":[{"taxonomy":"product_brand","embeddable":true,"href":"https:\/\/lafroza.ee\/en\/wp-json\/wp\/v2\/product_brand?post=5166"},{"taxonomy":"product_cat","embeddable":true,"href":"https:\/\/lafroza.ee\/en\/wp-json\/wp\/v2\/product_cat?post=5166"},{"taxonomy":"product_tag","embeddable":true,"href":"https:\/\/lafroza.ee\/en\/wp-json\/wp\/v2\/product_tag?post=5166"}],"curies":[{"name":"wp","href":"https:\/\/api.w.org\/{rel}","templated":true}]}}