{"id":4802,"date":"2025-09-01T12:19:24","date_gmt":"2025-09-01T10:19:24","guid":{"rendered":"https:\/\/lafroza.ee\/?post_type=product&#038;p=4802"},"modified":"2025-10-21T15:31:05","modified_gmt":"2025-10-21T13:31:05","slug":"kulmutatud-brokoli-porgandi-lillkapsa-segu","status":"publish","type":"product","link":"https:\/\/lafroza.ee\/en\/product\/kulmutatud-brokoli-porgandi-lillkapsa-segu\/","title":{"rendered":"Organic Frozen Broccoli\u2013Cauliflower\u2013Carrot Vegetable Mix"},"content":{"rendered":"","protected":false},"excerpt":{"rendered":"<p data-start=\"78\" data-end=\"356\">ORGANIC PRODUCT<br \/>\nThe vegetable mix consists of sliced carrots, cauliflower, and broccoli. This classic combination offers natural variety and a balanced taste, adding both colour and texture to dishes. It is one of the most popular vegetable blends thanks to its simplicity and versatility \u2013 suitable for everyday meals as well as more festive dishes.<\/p>\n<p>The frozen vegetable mix is ideal for soups, casseroles, stews, and stir-fries. Quick freezing helps preserve the vegetables\u2019 natural and beneficial nutrients, ensuring availability regardless of the season.<\/p>","protected":false},"featured_media":4814,"comment_status":"closed","ping_status":"closed","template":"","meta":{"_acf_changed":false},"product_brand":[],"product_cat":[321,215],"product_tag":[],"class_list":{"0":"post-4802","1":"product","2":"type-product","3":"status-publish","4":"has-post-thumbnail","6":"product_cat-koogiviljad-ja-seened","7":"product_cat-kulmutatud-mahetooted","8":"product_shipping_class-kulmutatud-tooted","10":"first","11":"instock","12":"shipping-taxable","13":"purchasable","14":"product-type-variable"},"acf":[],"yoast_head":"<!-- This site is optimized with the Yoast SEO plugin v27.5 - https:\/\/yoast.com\/product\/yoast-seo-wordpress\/ -->\n<title>K\u00fclmutatud brokoli-porgandi-lillkapsa segu LaFroza | Tervislik valik aastaringselt<\/title>\n<meta name=\"description\" content=\"LaFroza brokoli-porgandi-lillkapsa segu sobib h\u00e4sti panniroogadesse, pirukatesse v\u00f5i k\u00f5rvale \u2013 lihtne viis lisada toidule k\u00f6\u00f6givilju ja v\u00e4rvi.\" \/>\n<meta name=\"robots\" content=\"index, follow, max-snippet:-1, max-image-preview:large, max-video-preview:-1\" \/>\n<link rel=\"canonical\" href=\"https:\/\/lafroza.ee\/en\/product\/kulmutatud-brokoli-porgandi-lillkapsa-segu\/\" \/>\n<meta property=\"og:locale\" content=\"en_GB\" \/>\n<meta property=\"og:type\" content=\"article\" \/>\n<meta property=\"og:title\" content=\"K\u00fclmutatud brokoli-porgandi-lillkapsa segu LaFroza | Tervislik valik aastaringselt\" \/>\n<meta property=\"og:description\" content=\"LaFroza brokoli-porgandi-lillkapsa segu sobib h\u00e4sti panniroogadesse, pirukatesse v\u00f5i k\u00f5rvale \u2013 lihtne viis lisada toidule k\u00f6\u00f6givilju ja v\u00e4rvi.\" \/>\n<meta property=\"og:url\" content=\"https:\/\/lafroza.ee\/en\/product\/kulmutatud-brokoli-porgandi-lillkapsa-segu\/\" \/>\n<meta property=\"og:site_name\" content=\"LaFroza\" \/>\n<meta property=\"article:modified_time\" content=\"2025-10-21T13:31:05+00:00\" \/>\n<meta property=\"og:image\" content=\"https:\/\/lafroza.ee\/wp-content\/uploads\/2025\/09\/porgand-lillkapsas-brokoli.jpg\" \/>\n\t<meta property=\"og:image:width\" content=\"1200\" \/>\n\t<meta property=\"og:image:height\" content=\"1200\" \/>\n\t<meta property=\"og:image:type\" content=\"image\/jpeg\" \/>\n<meta name=\"twitter:card\" content=\"summary_large_image\" \/>\n<meta name=\"twitter:label1\" content=\"Estimated reading time\" \/>\n\t<meta name=\"twitter:data1\" content=\"1 minute\" \/>\n<script type=\"application\/ld+json\" class=\"yoast-schema-graph\">{\"@context\":\"https:\\\/\\\/schema.org\",\"@graph\":[{\"@type\":\"WebPage\",\"@id\":\"https:\\\/\\\/lafroza.ee\\\/toode\\\/kulmutatud-brokoli-porgandi-lillkapsa-segu\\\/\",\"url\":\"https:\\\/\\\/lafroza.ee\\\/toode\\\/kulmutatud-brokoli-porgandi-lillkapsa-segu\\\/\",\"name\":\"K\u00fclmutatud brokoli-porgandi-lillkapsa segu LaFroza | Tervislik valik aastaringselt\",\"isPartOf\":{\"@id\":\"https:\\\/\\\/lafroza.ee\\\/#website\"},\"primaryImageOfPage\":{\"@id\":\"https:\\\/\\\/lafroza.ee\\\/toode\\\/kulmutatud-brokoli-porgandi-lillkapsa-segu\\\/#primaryimage\"},\"image\":{\"@id\":\"https:\\\/\\\/lafroza.ee\\\/toode\\\/kulmutatud-brokoli-porgandi-lillkapsa-segu\\\/#primaryimage\"},\"thumbnailUrl\":\"https:\\\/\\\/lafroza.ee\\\/wp-content\\\/uploads\\\/2025\\\/09\\\/porgand-lillkapsas-brokoli.jpg\",\"datePublished\":\"2025-09-01T10:19:24+00:00\",\"dateModified\":\"2025-10-21T13:31:05+00:00\",\"description\":\"LaFroza brokoli-porgandi-lillkapsa segu sobib h\u00e4sti panniroogadesse, pirukatesse v\u00f5i k\u00f5rvale \u2013 lihtne viis lisada toidule k\u00f6\u00f6givilju ja v\u00e4rvi.\",\"breadcrumb\":{\"@id\":\"https:\\\/\\\/lafroza.ee\\\/toode\\\/kulmutatud-brokoli-porgandi-lillkapsa-segu\\\/#breadcrumb\"},\"inLanguage\":\"en-GB\",\"potentialAction\":[{\"@type\":\"ReadAction\",\"target\":[\"https:\\\/\\\/lafroza.ee\\\/toode\\\/kulmutatud-brokoli-porgandi-lillkapsa-segu\\\/\"]}]},{\"@type\":\"ImageObject\",\"inLanguage\":\"en-GB\",\"@id\":\"https:\\\/\\\/lafroza.ee\\\/toode\\\/kulmutatud-brokoli-porgandi-lillkapsa-segu\\\/#primaryimage\",\"url\":\"https:\\\/\\\/lafroza.ee\\\/wp-content\\\/uploads\\\/2025\\\/09\\\/porgand-lillkapsas-brokoli.jpg\",\"contentUrl\":\"https:\\\/\\\/lafroza.ee\\\/wp-content\\\/uploads\\\/2025\\\/09\\\/porgand-lillkapsas-brokoli.jpg\",\"width\":1200,\"height\":1200},{\"@type\":\"BreadcrumbList\",\"@id\":\"https:\\\/\\\/lafroza.ee\\\/toode\\\/kulmutatud-brokoli-porgandi-lillkapsa-segu\\\/#breadcrumb\",\"itemListElement\":[{\"@type\":\"ListItem\",\"position\":1,\"name\":\"Avaleht\",\"item\":\"https:\\\/\\\/lafroza.ee\\\/\"},{\"@type\":\"ListItem\",\"position\":2,\"name\":\"E-pood\",\"item\":\"https:\\\/\\\/lafroza.ee\\\/e-pood\\\/\"},{\"@type\":\"ListItem\",\"position\":3,\"name\":\"Mahetooted\",\"item\":\"https:\\\/\\\/lafroza.ee\\\/tootekategooria\\\/kulmutatud-mahetooted\\\/\"},{\"@type\":\"ListItem\",\"position\":4,\"name\":\"K\u00fclmutatud brokoli-lillkapsa-porgandi aedviljasegu, mahe\"}]},{\"@type\":\"WebSite\",\"@id\":\"https:\\\/\\\/lafroza.ee\\\/#website\",\"url\":\"https:\\\/\\\/lafroza.ee\\\/\",\"name\":\"LaFroza\",\"description\":\"\",\"publisher\":{\"@id\":\"https:\\\/\\\/lafroza.ee\\\/#organization\"},\"potentialAction\":[{\"@type\":\"SearchAction\",\"target\":{\"@type\":\"EntryPoint\",\"urlTemplate\":\"https:\\\/\\\/lafroza.ee\\\/?s={search_term_string}\"},\"query-input\":{\"@type\":\"PropertyValueSpecification\",\"valueRequired\":true,\"valueName\":\"search_term_string\"}}],\"inLanguage\":\"en-GB\"},{\"@type\":\"Organization\",\"@id\":\"https:\\\/\\\/lafroza.ee\\\/#organization\",\"name\":\"LaFroza\",\"alternateName\":\"BerryFood O\u00dc\",\"url\":\"https:\\\/\\\/lafroza.ee\\\/\",\"logo\":{\"@type\":\"ImageObject\",\"inLanguage\":\"en-GB\",\"@id\":\"https:\\\/\\\/lafroza.ee\\\/#\\\/schema\\\/logo\\\/image\\\/\",\"url\":\"https:\\\/\\\/lafroza.ee\\\/wp-content\\\/uploads\\\/2025\\\/02\\\/logo.svg\",\"contentUrl\":\"https:\\\/\\\/lafroza.ee\\\/wp-content\\\/uploads\\\/2025\\\/02\\\/logo.svg\",\"width\":238,\"height\":96,\"caption\":\"LaFroza\"},\"image\":{\"@id\":\"https:\\\/\\\/lafroza.ee\\\/#\\\/schema\\\/logo\\\/image\\\/\"}}]}<\/script>\n<!-- \/ Yoast SEO plugin. -->","yoast_head_json":{"title":"K\u00fclmutatud brokoli-porgandi-lillkapsa segu LaFroza | Tervislik valik aastaringselt","description":"LaFroza brokoli-porgandi-lillkapsa segu sobib h\u00e4sti panniroogadesse, pirukatesse v\u00f5i k\u00f5rvale \u2013 lihtne viis lisada toidule k\u00f6\u00f6givilju ja v\u00e4rvi.","robots":{"index":"index","follow":"follow","max-snippet":"max-snippet:-1","max-image-preview":"max-image-preview:large","max-video-preview":"max-video-preview:-1"},"canonical":"https:\/\/lafroza.ee\/en\/product\/kulmutatud-brokoli-porgandi-lillkapsa-segu\/","og_locale":"en_GB","og_type":"article","og_title":"K\u00fclmutatud brokoli-porgandi-lillkapsa segu LaFroza | Tervislik valik aastaringselt","og_description":"LaFroza brokoli-porgandi-lillkapsa segu sobib h\u00e4sti panniroogadesse, pirukatesse v\u00f5i k\u00f5rvale \u2013 lihtne viis lisada toidule k\u00f6\u00f6givilju ja v\u00e4rvi.","og_url":"https:\/\/lafroza.ee\/en\/product\/kulmutatud-brokoli-porgandi-lillkapsa-segu\/","og_site_name":"LaFroza","article_modified_time":"2025-10-21T13:31:05+00:00","og_image":[{"width":1200,"height":1200,"url":"https:\/\/lafroza.ee\/wp-content\/uploads\/2025\/09\/porgand-lillkapsas-brokoli.jpg","type":"image\/jpeg"}],"twitter_card":"summary_large_image","twitter_misc":{"Estimated reading time":"1 minute"},"schema":{"@context":"https:\/\/schema.org","@graph":[{"@type":"WebPage","@id":"https:\/\/lafroza.ee\/toode\/kulmutatud-brokoli-porgandi-lillkapsa-segu\/","url":"https:\/\/lafroza.ee\/toode\/kulmutatud-brokoli-porgandi-lillkapsa-segu\/","name":"K\u00fclmutatud brokoli-porgandi-lillkapsa segu LaFroza | Tervislik valik aastaringselt","isPartOf":{"@id":"https:\/\/lafroza.ee\/#website"},"primaryImageOfPage":{"@id":"https:\/\/lafroza.ee\/toode\/kulmutatud-brokoli-porgandi-lillkapsa-segu\/#primaryimage"},"image":{"@id":"https:\/\/lafroza.ee\/toode\/kulmutatud-brokoli-porgandi-lillkapsa-segu\/#primaryimage"},"thumbnailUrl":"https:\/\/lafroza.ee\/wp-content\/uploads\/2025\/09\/porgand-lillkapsas-brokoli.jpg","datePublished":"2025-09-01T10:19:24+00:00","dateModified":"2025-10-21T13:31:05+00:00","description":"LaFroza brokoli-porgandi-lillkapsa segu sobib h\u00e4sti panniroogadesse, pirukatesse v\u00f5i k\u00f5rvale \u2013 lihtne viis lisada toidule k\u00f6\u00f6givilju ja v\u00e4rvi.","breadcrumb":{"@id":"https:\/\/lafroza.ee\/toode\/kulmutatud-brokoli-porgandi-lillkapsa-segu\/#breadcrumb"},"inLanguage":"en-GB","potentialAction":[{"@type":"ReadAction","target":["https:\/\/lafroza.ee\/toode\/kulmutatud-brokoli-porgandi-lillkapsa-segu\/"]}]},{"@type":"ImageObject","inLanguage":"en-GB","@id":"https:\/\/lafroza.ee\/toode\/kulmutatud-brokoli-porgandi-lillkapsa-segu\/#primaryimage","url":"https:\/\/lafroza.ee\/wp-content\/uploads\/2025\/09\/porgand-lillkapsas-brokoli.jpg","contentUrl":"https:\/\/lafroza.ee\/wp-content\/uploads\/2025\/09\/porgand-lillkapsas-brokoli.jpg","width":1200,"height":1200},{"@type":"BreadcrumbList","@id":"https:\/\/lafroza.ee\/toode\/kulmutatud-brokoli-porgandi-lillkapsa-segu\/#breadcrumb","itemListElement":[{"@type":"ListItem","position":1,"name":"Avaleht","item":"https:\/\/lafroza.ee\/"},{"@type":"ListItem","position":2,"name":"E-pood","item":"https:\/\/lafroza.ee\/e-pood\/"},{"@type":"ListItem","position":3,"name":"Mahetooted","item":"https:\/\/lafroza.ee\/tootekategooria\/kulmutatud-mahetooted\/"},{"@type":"ListItem","position":4,"name":"K\u00fclmutatud brokoli-lillkapsa-porgandi aedviljasegu, mahe"}]},{"@type":"WebSite","@id":"https:\/\/lafroza.ee\/#website","url":"https:\/\/lafroza.ee\/","name":"LaFroza","description":"","publisher":{"@id":"https:\/\/lafroza.ee\/#organization"},"potentialAction":[{"@type":"SearchAction","target":{"@type":"EntryPoint","urlTemplate":"https:\/\/lafroza.ee\/?s={search_term_string}"},"query-input":{"@type":"PropertyValueSpecification","valueRequired":true,"valueName":"search_term_string"}}],"inLanguage":"en-GB"},{"@type":"Organization","@id":"https:\/\/lafroza.ee\/#organization","name":"LaFroza","alternateName":"BerryFood O\u00dc","url":"https:\/\/lafroza.ee\/","logo":{"@type":"ImageObject","inLanguage":"en-GB","@id":"https:\/\/lafroza.ee\/#\/schema\/logo\/image\/","url":"https:\/\/lafroza.ee\/wp-content\/uploads\/2025\/02\/logo.svg","contentUrl":"https:\/\/lafroza.ee\/wp-content\/uploads\/2025\/02\/logo.svg","width":238,"height":96,"caption":"LaFroza"},"image":{"@id":"https:\/\/lafroza.ee\/#\/schema\/logo\/image\/"}}]}},"_links":{"self":[{"href":"https:\/\/lafroza.ee\/en\/wp-json\/wp\/v2\/product\/4802","targetHints":{"allow":["GET"]}}],"collection":[{"href":"https:\/\/lafroza.ee\/en\/wp-json\/wp\/v2\/product"}],"about":[{"href":"https:\/\/lafroza.ee\/en\/wp-json\/wp\/v2\/types\/product"}],"replies":[{"embeddable":true,"href":"https:\/\/lafroza.ee\/en\/wp-json\/wp\/v2\/comments?post=4802"}],"wp:featuredmedia":[{"embeddable":true,"href":"https:\/\/lafroza.ee\/en\/wp-json\/wp\/v2\/media\/4814"}],"wp:attachment":[{"href":"https:\/\/lafroza.ee\/en\/wp-json\/wp\/v2\/media?parent=4802"}],"wp:term":[{"taxonomy":"product_brand","embeddable":true,"href":"https:\/\/lafroza.ee\/en\/wp-json\/wp\/v2\/product_brand?post=4802"},{"taxonomy":"product_cat","embeddable":true,"href":"https:\/\/lafroza.ee\/en\/wp-json\/wp\/v2\/product_cat?post=4802"},{"taxonomy":"product_tag","embeddable":true,"href":"https:\/\/lafroza.ee\/en\/wp-json\/wp\/v2\/product_tag?post=4802"}],"curies":[{"name":"wp","href":"https:\/\/api.w.org\/{rel}","templated":true}]}}