{"id":3392,"date":"2025-05-21T09:14:49","date_gmt":"2025-05-21T07:14:49","guid":{"rendered":"https:\/\/lafroza.ee\/?post_type=product&#038;p=3392"},"modified":"2026-05-05T10:46:55","modified_gmt":"2026-05-05T08:46:55","slug":"lafroza-dry-kulmkuivatatud-vaarikas-poldmari","status":"publish","type":"product","link":"https:\/\/lafroza.ee\/en\/product\/lafroza-dry-kulmkuivatatud-vaarikas-poldmari\/","title":{"rendered":"LaFroza Dry Freeze-Dried Raspberry and Blackberry Mix"},"content":{"rendered":"","protected":false},"excerpt":{"rendered":"<p>LaFroza Dry freeze-dried raspberry and blackberry mix, offering a versatile snack or topping.<\/p>\n<p>Freeze-dried berries and fruits are not only delicious but also highly versatile in their uses. Unlike conventional heat-drying, freeze-drying preserves the structure of the product, allowing it to reabsorb water. This makes them excellent as an addition to various foods (e.g., muesli, porridge, cakes) as well as a pleasant snack on their own.<\/p>","protected":false},"featured_media":3376,"comment_status":"closed","ping_status":"closed","template":"","meta":{"_acf_changed":false},"product_brand":[],"product_cat":[219],"product_tag":[],"class_list":{"0":"post-3392","1":"product","2":"type-product","3":"status-publish","4":"has-post-thumbnail","6":"product_cat-puuvilja-ja-marjasnaksid","7":"product_shipping_class-pakiautomaat","9":"first","10":"instock","11":"shipping-taxable","12":"purchasable","13":"product-type-simple"},"acf":[],"yoast_head":"<!-- This site is optimized with the Yoast SEO plugin v27.5 - https:\/\/yoast.com\/product\/yoast-seo-wordpress\/ -->\n<title>K\u00fclmkuivatatud vaarikas ja p\u00f5ldmari LaFroza Dry | Praktiline lisand<\/title>\n<meta name=\"description\" content=\"LaFroza Dry k\u00fclmkuivatatud vaarikas ja p\u00f5ldmari on mitmek\u00fclgne valik, mida saab kasutada m\u00fcsli, pudru, k\u00fcpsetiste v\u00f5i niisama n\u00e4ksimiseks.\" \/>\n<meta name=\"robots\" content=\"index, follow, max-snippet:-1, max-image-preview:large, max-video-preview:-1\" \/>\n<link rel=\"canonical\" href=\"https:\/\/lafroza.ee\/en\/product\/lafroza-dry-kulmkuivatatud-vaarikas-poldmari\/\" \/>\n<meta property=\"og:locale\" content=\"en_GB\" \/>\n<meta property=\"og:type\" content=\"article\" \/>\n<meta property=\"og:title\" content=\"K\u00fclmkuivatatud vaarikas ja p\u00f5ldmari LaFroza Dry | Praktiline lisand\" \/>\n<meta property=\"og:description\" content=\"LaFroza Dry k\u00fclmkuivatatud vaarikas ja p\u00f5ldmari on mitmek\u00fclgne valik, mida saab kasutada m\u00fcsli, pudru, k\u00fcpsetiste v\u00f5i niisama n\u00e4ksimiseks.\" \/>\n<meta property=\"og:url\" content=\"https:\/\/lafroza.ee\/en\/product\/lafroza-dry-kulmkuivatatud-vaarikas-poldmari\/\" \/>\n<meta property=\"og:site_name\" content=\"LaFroza\" \/>\n<meta property=\"article:modified_time\" content=\"2026-05-05T08:46:55+00:00\" \/>\n<meta property=\"og:image\" content=\"https:\/\/lafroza.ee\/wp-content\/uploads\/2025\/05\/vaarikaspoldmari-1.jpg\" \/>\n\t<meta property=\"og:image:width\" content=\"1200\" \/>\n\t<meta property=\"og:image:height\" content=\"1200\" \/>\n\t<meta property=\"og:image:type\" content=\"image\/jpeg\" \/>\n<meta name=\"twitter:card\" content=\"summary_large_image\" \/>\n<meta name=\"twitter:label1\" content=\"Estimated reading time\" \/>\n\t<meta name=\"twitter:data1\" content=\"1 minute\" \/>\n<script type=\"application\/ld+json\" class=\"yoast-schema-graph\">{\"@context\":\"https:\\\/\\\/schema.org\",\"@graph\":[{\"@type\":\"WebPage\",\"@id\":\"https:\\\/\\\/lafroza.ee\\\/toode\\\/lafroza-dry-kulmkuivatatud-vaarikas-poldmari\\\/\",\"url\":\"https:\\\/\\\/lafroza.ee\\\/toode\\\/lafroza-dry-kulmkuivatatud-vaarikas-poldmari\\\/\",\"name\":\"K\u00fclmkuivatatud vaarikas ja p\u00f5ldmari LaFroza Dry | Praktiline lisand\",\"isPartOf\":{\"@id\":\"https:\\\/\\\/lafroza.ee\\\/#website\"},\"primaryImageOfPage\":{\"@id\":\"https:\\\/\\\/lafroza.ee\\\/toode\\\/lafroza-dry-kulmkuivatatud-vaarikas-poldmari\\\/#primaryimage\"},\"image\":{\"@id\":\"https:\\\/\\\/lafroza.ee\\\/toode\\\/lafroza-dry-kulmkuivatatud-vaarikas-poldmari\\\/#primaryimage\"},\"thumbnailUrl\":\"https:\\\/\\\/lafroza.ee\\\/wp-content\\\/uploads\\\/2025\\\/05\\\/vaarikaspoldmari-1.jpg\",\"datePublished\":\"2025-05-21T07:14:49+00:00\",\"dateModified\":\"2026-05-05T08:46:55+00:00\",\"description\":\"LaFroza Dry k\u00fclmkuivatatud vaarikas ja p\u00f5ldmari on mitmek\u00fclgne valik, mida saab kasutada m\u00fcsli, pudru, k\u00fcpsetiste v\u00f5i niisama n\u00e4ksimiseks.\",\"breadcrumb\":{\"@id\":\"https:\\\/\\\/lafroza.ee\\\/toode\\\/lafroza-dry-kulmkuivatatud-vaarikas-poldmari\\\/#breadcrumb\"},\"inLanguage\":\"en-GB\",\"potentialAction\":[{\"@type\":\"ReadAction\",\"target\":[\"https:\\\/\\\/lafroza.ee\\\/toode\\\/lafroza-dry-kulmkuivatatud-vaarikas-poldmari\\\/\"]}]},{\"@type\":\"ImageObject\",\"inLanguage\":\"en-GB\",\"@id\":\"https:\\\/\\\/lafroza.ee\\\/toode\\\/lafroza-dry-kulmkuivatatud-vaarikas-poldmari\\\/#primaryimage\",\"url\":\"https:\\\/\\\/lafroza.ee\\\/wp-content\\\/uploads\\\/2025\\\/05\\\/vaarikaspoldmari-1.jpg\",\"contentUrl\":\"https:\\\/\\\/lafroza.ee\\\/wp-content\\\/uploads\\\/2025\\\/05\\\/vaarikaspoldmari-1.jpg\",\"width\":1200,\"height\":1200},{\"@type\":\"BreadcrumbList\",\"@id\":\"https:\\\/\\\/lafroza.ee\\\/toode\\\/lafroza-dry-kulmkuivatatud-vaarikas-poldmari\\\/#breadcrumb\",\"itemListElement\":[{\"@type\":\"ListItem\",\"position\":1,\"name\":\"Avaleht\",\"item\":\"https:\\\/\\\/lafroza.ee\\\/\"},{\"@type\":\"ListItem\",\"position\":2,\"name\":\"E-pood\",\"item\":\"https:\\\/\\\/lafroza.ee\\\/e-pood\\\/\"},{\"@type\":\"ListItem\",\"position\":3,\"name\":\"Puuvilja- ja marjasn\u00e4ksid\",\"item\":\"https:\\\/\\\/lafroza.ee\\\/tootekategooria\\\/puuvilja-ja-marjasnaksid\\\/\"},{\"@type\":\"ListItem\",\"position\":4,\"name\":\"LaFroza Dry k\u00fclmkuivatatud vaarikas ja p\u00f5ldmari\"}]},{\"@type\":\"WebSite\",\"@id\":\"https:\\\/\\\/lafroza.ee\\\/#website\",\"url\":\"https:\\\/\\\/lafroza.ee\\\/\",\"name\":\"LaFroza\",\"description\":\"\",\"publisher\":{\"@id\":\"https:\\\/\\\/lafroza.ee\\\/#organization\"},\"potentialAction\":[{\"@type\":\"SearchAction\",\"target\":{\"@type\":\"EntryPoint\",\"urlTemplate\":\"https:\\\/\\\/lafroza.ee\\\/?s={search_term_string}\"},\"query-input\":{\"@type\":\"PropertyValueSpecification\",\"valueRequired\":true,\"valueName\":\"search_term_string\"}}],\"inLanguage\":\"en-GB\"},{\"@type\":\"Organization\",\"@id\":\"https:\\\/\\\/lafroza.ee\\\/#organization\",\"name\":\"LaFroza\",\"alternateName\":\"BerryFood O\u00dc\",\"url\":\"https:\\\/\\\/lafroza.ee\\\/\",\"logo\":{\"@type\":\"ImageObject\",\"inLanguage\":\"en-GB\",\"@id\":\"https:\\\/\\\/lafroza.ee\\\/#\\\/schema\\\/logo\\\/image\\\/\",\"url\":\"https:\\\/\\\/lafroza.ee\\\/wp-content\\\/uploads\\\/2025\\\/02\\\/logo.svg\",\"contentUrl\":\"https:\\\/\\\/lafroza.ee\\\/wp-content\\\/uploads\\\/2025\\\/02\\\/logo.svg\",\"width\":238,\"height\":96,\"caption\":\"LaFroza\"},\"image\":{\"@id\":\"https:\\\/\\\/lafroza.ee\\\/#\\\/schema\\\/logo\\\/image\\\/\"}}]}<\/script>\n<!-- \/ Yoast SEO plugin. -->","yoast_head_json":{"title":"K\u00fclmkuivatatud vaarikas ja p\u00f5ldmari LaFroza Dry | Praktiline lisand","description":"LaFroza Dry k\u00fclmkuivatatud vaarikas ja p\u00f5ldmari on mitmek\u00fclgne valik, mida saab kasutada m\u00fcsli, pudru, k\u00fcpsetiste v\u00f5i niisama n\u00e4ksimiseks.","robots":{"index":"index","follow":"follow","max-snippet":"max-snippet:-1","max-image-preview":"max-image-preview:large","max-video-preview":"max-video-preview:-1"},"canonical":"https:\/\/lafroza.ee\/en\/product\/lafroza-dry-kulmkuivatatud-vaarikas-poldmari\/","og_locale":"en_GB","og_type":"article","og_title":"K\u00fclmkuivatatud vaarikas ja p\u00f5ldmari LaFroza Dry | Praktiline lisand","og_description":"LaFroza Dry k\u00fclmkuivatatud vaarikas ja p\u00f5ldmari on mitmek\u00fclgne valik, mida saab kasutada m\u00fcsli, pudru, k\u00fcpsetiste v\u00f5i niisama n\u00e4ksimiseks.","og_url":"https:\/\/lafroza.ee\/en\/product\/lafroza-dry-kulmkuivatatud-vaarikas-poldmari\/","og_site_name":"LaFroza","article_modified_time":"2026-05-05T08:46:55+00:00","og_image":[{"width":1200,"height":1200,"url":"https:\/\/lafroza.ee\/wp-content\/uploads\/2025\/05\/vaarikaspoldmari-1.jpg","type":"image\/jpeg"}],"twitter_card":"summary_large_image","twitter_misc":{"Estimated reading time":"1 minute"},"schema":{"@context":"https:\/\/schema.org","@graph":[{"@type":"WebPage","@id":"https:\/\/lafroza.ee\/toode\/lafroza-dry-kulmkuivatatud-vaarikas-poldmari\/","url":"https:\/\/lafroza.ee\/toode\/lafroza-dry-kulmkuivatatud-vaarikas-poldmari\/","name":"K\u00fclmkuivatatud vaarikas ja p\u00f5ldmari LaFroza Dry | Praktiline lisand","isPartOf":{"@id":"https:\/\/lafroza.ee\/#website"},"primaryImageOfPage":{"@id":"https:\/\/lafroza.ee\/toode\/lafroza-dry-kulmkuivatatud-vaarikas-poldmari\/#primaryimage"},"image":{"@id":"https:\/\/lafroza.ee\/toode\/lafroza-dry-kulmkuivatatud-vaarikas-poldmari\/#primaryimage"},"thumbnailUrl":"https:\/\/lafroza.ee\/wp-content\/uploads\/2025\/05\/vaarikaspoldmari-1.jpg","datePublished":"2025-05-21T07:14:49+00:00","dateModified":"2026-05-05T08:46:55+00:00","description":"LaFroza Dry k\u00fclmkuivatatud vaarikas ja p\u00f5ldmari on mitmek\u00fclgne valik, mida saab kasutada m\u00fcsli, pudru, k\u00fcpsetiste v\u00f5i niisama n\u00e4ksimiseks.","breadcrumb":{"@id":"https:\/\/lafroza.ee\/toode\/lafroza-dry-kulmkuivatatud-vaarikas-poldmari\/#breadcrumb"},"inLanguage":"en-GB","potentialAction":[{"@type":"ReadAction","target":["https:\/\/lafroza.ee\/toode\/lafroza-dry-kulmkuivatatud-vaarikas-poldmari\/"]}]},{"@type":"ImageObject","inLanguage":"en-GB","@id":"https:\/\/lafroza.ee\/toode\/lafroza-dry-kulmkuivatatud-vaarikas-poldmari\/#primaryimage","url":"https:\/\/lafroza.ee\/wp-content\/uploads\/2025\/05\/vaarikaspoldmari-1.jpg","contentUrl":"https:\/\/lafroza.ee\/wp-content\/uploads\/2025\/05\/vaarikaspoldmari-1.jpg","width":1200,"height":1200},{"@type":"BreadcrumbList","@id":"https:\/\/lafroza.ee\/toode\/lafroza-dry-kulmkuivatatud-vaarikas-poldmari\/#breadcrumb","itemListElement":[{"@type":"ListItem","position":1,"name":"Avaleht","item":"https:\/\/lafroza.ee\/"},{"@type":"ListItem","position":2,"name":"E-pood","item":"https:\/\/lafroza.ee\/e-pood\/"},{"@type":"ListItem","position":3,"name":"Puuvilja- ja marjasn\u00e4ksid","item":"https:\/\/lafroza.ee\/tootekategooria\/puuvilja-ja-marjasnaksid\/"},{"@type":"ListItem","position":4,"name":"LaFroza Dry k\u00fclmkuivatatud vaarikas ja p\u00f5ldmari"}]},{"@type":"WebSite","@id":"https:\/\/lafroza.ee\/#website","url":"https:\/\/lafroza.ee\/","name":"LaFroza","description":"","publisher":{"@id":"https:\/\/lafroza.ee\/#organization"},"potentialAction":[{"@type":"SearchAction","target":{"@type":"EntryPoint","urlTemplate":"https:\/\/lafroza.ee\/?s={search_term_string}"},"query-input":{"@type":"PropertyValueSpecification","valueRequired":true,"valueName":"search_term_string"}}],"inLanguage":"en-GB"},{"@type":"Organization","@id":"https:\/\/lafroza.ee\/#organization","name":"LaFroza","alternateName":"BerryFood O\u00dc","url":"https:\/\/lafroza.ee\/","logo":{"@type":"ImageObject","inLanguage":"en-GB","@id":"https:\/\/lafroza.ee\/#\/schema\/logo\/image\/","url":"https:\/\/lafroza.ee\/wp-content\/uploads\/2025\/02\/logo.svg","contentUrl":"https:\/\/lafroza.ee\/wp-content\/uploads\/2025\/02\/logo.svg","width":238,"height":96,"caption":"LaFroza"},"image":{"@id":"https:\/\/lafroza.ee\/#\/schema\/logo\/image\/"}}]}},"_links":{"self":[{"href":"https:\/\/lafroza.ee\/en\/wp-json\/wp\/v2\/product\/3392","targetHints":{"allow":["GET"]}}],"collection":[{"href":"https:\/\/lafroza.ee\/en\/wp-json\/wp\/v2\/product"}],"about":[{"href":"https:\/\/lafroza.ee\/en\/wp-json\/wp\/v2\/types\/product"}],"replies":[{"embeddable":true,"href":"https:\/\/lafroza.ee\/en\/wp-json\/wp\/v2\/comments?post=3392"}],"wp:featuredmedia":[{"embeddable":true,"href":"https:\/\/lafroza.ee\/en\/wp-json\/wp\/v2\/media\/3376"}],"wp:attachment":[{"href":"https:\/\/lafroza.ee\/en\/wp-json\/wp\/v2\/media?parent=3392"}],"wp:term":[{"taxonomy":"product_brand","embeddable":true,"href":"https:\/\/lafroza.ee\/en\/wp-json\/wp\/v2\/product_brand?post=3392"},{"taxonomy":"product_cat","embeddable":true,"href":"https:\/\/lafroza.ee\/en\/wp-json\/wp\/v2\/product_cat?post=3392"},{"taxonomy":"product_tag","embeddable":true,"href":"https:\/\/lafroza.ee\/en\/wp-json\/wp\/v2\/product_tag?post=3392"}],"curies":[{"name":"wp","href":"https:\/\/api.w.org\/{rel}","templated":true}]}}