{"id":1611,"date":"2025-04-05T20:08:27","date_gmt":"2025-04-05T18:08:27","guid":{"rendered":"https:\/\/lafroza.ee\/?post_type=product&#038;p=1611"},"modified":"2025-10-21T15:37:24","modified_gmt":"2025-10-21T13:37:24","slug":"kulmutatud-puravikukuup-lafroza-bio","status":"publish","type":"product","link":"https:\/\/lafroza.ee\/en\/product\/kulmutatud-puravikukuup-lafroza-bio\/","title":{"rendered":"Frozen Boletus Cube, Organic"},"content":{"rendered":"","protected":false},"excerpt":{"rendered":"<p data-start=\"165\" data-end=\"434\">ORGANIC PRODUCT<br data-start=\"174\" data-end=\"177\" \/>Porcini mushroom is one of the most valued wild mushrooms in Estonia \u2013 its firm texture and mild mushroom aroma make it a suitable ingredient for a variety of dishes. Frozen and cut into pieces, porcini is ready for quick use without the need for cleaning or chopping.<\/p>\n<p data-start=\"436\" data-end=\"704\">LaFroza Bio k\u00fclmutatud mahedad Eesti puravikukuubid sobivad h\u00e4sti kastmetesse, suppidesse, risotodesse ja pirukat\u00e4idistesse. Enne tarvitamist kuumt\u00f6\u00f6delda. Kiirk\u00fclmutus aitab s\u00e4ilitada puraviku looduslikud ja kasulikud toitained, tagades k\u00e4ttesaadavuse s\u00f5ltumata hooajast.<\/p>","protected":false},"featured_media":2932,"comment_status":"closed","ping_status":"closed","template":"","meta":{"_acf_changed":false},"product_brand":[],"product_cat":[321],"product_tag":[],"class_list":{"0":"post-1611","1":"product","2":"type-product","3":"status-publish","4":"has-post-thumbnail","6":"product_cat-koogiviljad-ja-seened","7":"product_shipping_class-kulmutatud-tooted","9":"first","10":"outofstock","11":"shipping-taxable","12":"purchasable","13":"product-type-variable"},"acf":[],"yoast_head":"<!-- This site is optimized with the Yoast SEO plugin v27.5 - https:\/\/yoast.com\/product\/yoast-seo-wordpress\/ -->\n<title>K\u00fclmutatud puravikukuup LaFroza Bio | Mahe valik Eestist<\/title>\n<meta name=\"description\" content=\"K\u00fclmutatud puravikukuup LaFroza Bio on Eesti mahetoode, mis sobib kastmetesse, suppidesse ja ahjuroogadesse. Hea valik ka siis, kui v\u00e4rske seen puudub.\" \/>\n<meta name=\"robots\" content=\"index, follow, max-snippet:-1, max-image-preview:large, max-video-preview:-1\" \/>\n<link rel=\"canonical\" href=\"https:\/\/lafroza.ee\/en\/product\/kulmutatud-puravikukuup-lafroza-bio\/\" \/>\n<meta property=\"og:locale\" content=\"en_GB\" \/>\n<meta property=\"og:type\" content=\"article\" \/>\n<meta property=\"og:title\" content=\"K\u00fclmutatud puravikukuup LaFroza Bio | Mahe valik Eestist\" \/>\n<meta property=\"og:description\" content=\"K\u00fclmutatud puravikukuup LaFroza Bio on Eesti mahetoode, mis sobib kastmetesse, suppidesse ja ahjuroogadesse. Hea valik ka siis, kui v\u00e4rske seen puudub.\" \/>\n<meta property=\"og:url\" content=\"https:\/\/lafroza.ee\/en\/product\/kulmutatud-puravikukuup-lafroza-bio\/\" \/>\n<meta property=\"og:site_name\" content=\"LaFroza\" \/>\n<meta property=\"article:modified_time\" content=\"2025-10-21T13:37:24+00:00\" \/>\n<meta property=\"og:image\" content=\"https:\/\/lafroza.ee\/wp-content\/uploads\/2025\/04\/puravik.jpg\" \/>\n\t<meta property=\"og:image:width\" content=\"1200\" \/>\n\t<meta property=\"og:image:height\" content=\"1200\" \/>\n\t<meta property=\"og:image:type\" content=\"image\/jpeg\" \/>\n<meta name=\"twitter:card\" content=\"summary_large_image\" \/>\n<meta name=\"twitter:label1\" content=\"Estimated reading time\" \/>\n\t<meta name=\"twitter:data1\" content=\"1 minute\" \/>\n<script type=\"application\/ld+json\" class=\"yoast-schema-graph\">{\"@context\":\"https:\\\/\\\/schema.org\",\"@graph\":[{\"@type\":\"WebPage\",\"@id\":\"https:\\\/\\\/lafroza.ee\\\/toode\\\/kulmutatud-puravikukuup-lafroza-bio\\\/\",\"url\":\"https:\\\/\\\/lafroza.ee\\\/toode\\\/kulmutatud-puravikukuup-lafroza-bio\\\/\",\"name\":\"K\u00fclmutatud puravikukuup LaFroza Bio | Mahe valik Eestist\",\"isPartOf\":{\"@id\":\"https:\\\/\\\/lafroza.ee\\\/#website\"},\"primaryImageOfPage\":{\"@id\":\"https:\\\/\\\/lafroza.ee\\\/toode\\\/kulmutatud-puravikukuup-lafroza-bio\\\/#primaryimage\"},\"image\":{\"@id\":\"https:\\\/\\\/lafroza.ee\\\/toode\\\/kulmutatud-puravikukuup-lafroza-bio\\\/#primaryimage\"},\"thumbnailUrl\":\"https:\\\/\\\/lafroza.ee\\\/wp-content\\\/uploads\\\/2025\\\/04\\\/puravik.jpg\",\"datePublished\":\"2025-04-05T18:08:27+00:00\",\"dateModified\":\"2025-10-21T13:37:24+00:00\",\"description\":\"K\u00fclmutatud puravikukuup LaFroza Bio on Eesti mahetoode, mis sobib kastmetesse, suppidesse ja ahjuroogadesse. Hea valik ka siis, kui v\u00e4rske seen puudub.\",\"breadcrumb\":{\"@id\":\"https:\\\/\\\/lafroza.ee\\\/toode\\\/kulmutatud-puravikukuup-lafroza-bio\\\/#breadcrumb\"},\"inLanguage\":\"en-GB\",\"potentialAction\":[{\"@type\":\"ReadAction\",\"target\":[\"https:\\\/\\\/lafroza.ee\\\/toode\\\/kulmutatud-puravikukuup-lafroza-bio\\\/\"]}]},{\"@type\":\"ImageObject\",\"inLanguage\":\"en-GB\",\"@id\":\"https:\\\/\\\/lafroza.ee\\\/toode\\\/kulmutatud-puravikukuup-lafroza-bio\\\/#primaryimage\",\"url\":\"https:\\\/\\\/lafroza.ee\\\/wp-content\\\/uploads\\\/2025\\\/04\\\/puravik.jpg\",\"contentUrl\":\"https:\\\/\\\/lafroza.ee\\\/wp-content\\\/uploads\\\/2025\\\/04\\\/puravik.jpg\",\"width\":1200,\"height\":1200,\"caption\":\"K\u00fclmutatud puravikukuup LaFroza Bio, mahe valik Eestist aastaringselt\"},{\"@type\":\"BreadcrumbList\",\"@id\":\"https:\\\/\\\/lafroza.ee\\\/toode\\\/kulmutatud-puravikukuup-lafroza-bio\\\/#breadcrumb\",\"itemListElement\":[{\"@type\":\"ListItem\",\"position\":1,\"name\":\"Avaleht\",\"item\":\"https:\\\/\\\/lafroza.ee\\\/\"},{\"@type\":\"ListItem\",\"position\":2,\"name\":\"E-pood\",\"item\":\"https:\\\/\\\/lafroza.ee\\\/e-pood\\\/\"},{\"@type\":\"ListItem\",\"position\":3,\"name\":\"Mahetooted\",\"item\":\"https:\\\/\\\/lafroza.ee\\\/tootekategooria\\\/kulmutatud-mahetooted\\\/\"},{\"@type\":\"ListItem\",\"position\":4,\"name\":\"Aedviljad ja seened\",\"item\":\"https:\\\/\\\/lafroza.ee\\\/tootekategooria\\\/kulmutatud-mahetooted\\\/koogiviljad-ja-seened\\\/\"},{\"@type\":\"ListItem\",\"position\":5,\"name\":\"K\u00fclmutatud puravikukuup, mahe\"}]},{\"@type\":\"WebSite\",\"@id\":\"https:\\\/\\\/lafroza.ee\\\/#website\",\"url\":\"https:\\\/\\\/lafroza.ee\\\/\",\"name\":\"LaFroza\",\"description\":\"\",\"publisher\":{\"@id\":\"https:\\\/\\\/lafroza.ee\\\/#organization\"},\"potentialAction\":[{\"@type\":\"SearchAction\",\"target\":{\"@type\":\"EntryPoint\",\"urlTemplate\":\"https:\\\/\\\/lafroza.ee\\\/?s={search_term_string}\"},\"query-input\":{\"@type\":\"PropertyValueSpecification\",\"valueRequired\":true,\"valueName\":\"search_term_string\"}}],\"inLanguage\":\"en-GB\"},{\"@type\":\"Organization\",\"@id\":\"https:\\\/\\\/lafroza.ee\\\/#organization\",\"name\":\"LaFroza\",\"alternateName\":\"BerryFood O\u00dc\",\"url\":\"https:\\\/\\\/lafroza.ee\\\/\",\"logo\":{\"@type\":\"ImageObject\",\"inLanguage\":\"en-GB\",\"@id\":\"https:\\\/\\\/lafroza.ee\\\/#\\\/schema\\\/logo\\\/image\\\/\",\"url\":\"https:\\\/\\\/lafroza.ee\\\/wp-content\\\/uploads\\\/2025\\\/02\\\/logo.svg\",\"contentUrl\":\"https:\\\/\\\/lafroza.ee\\\/wp-content\\\/uploads\\\/2025\\\/02\\\/logo.svg\",\"width\":238,\"height\":96,\"caption\":\"LaFroza\"},\"image\":{\"@id\":\"https:\\\/\\\/lafroza.ee\\\/#\\\/schema\\\/logo\\\/image\\\/\"}}]}<\/script>\n<!-- \/ Yoast SEO plugin. -->","yoast_head_json":{"title":"K\u00fclmutatud puravikukuup LaFroza Bio | Mahe valik Eestist","description":"K\u00fclmutatud puravikukuup LaFroza Bio on Eesti mahetoode, mis sobib kastmetesse, suppidesse ja ahjuroogadesse. Hea valik ka siis, kui v\u00e4rske seen puudub.","robots":{"index":"index","follow":"follow","max-snippet":"max-snippet:-1","max-image-preview":"max-image-preview:large","max-video-preview":"max-video-preview:-1"},"canonical":"https:\/\/lafroza.ee\/en\/product\/kulmutatud-puravikukuup-lafroza-bio\/","og_locale":"en_GB","og_type":"article","og_title":"K\u00fclmutatud puravikukuup LaFroza Bio | Mahe valik Eestist","og_description":"K\u00fclmutatud puravikukuup LaFroza Bio on Eesti mahetoode, mis sobib kastmetesse, suppidesse ja ahjuroogadesse. Hea valik ka siis, kui v\u00e4rske seen puudub.","og_url":"https:\/\/lafroza.ee\/en\/product\/kulmutatud-puravikukuup-lafroza-bio\/","og_site_name":"LaFroza","article_modified_time":"2025-10-21T13:37:24+00:00","og_image":[{"width":1200,"height":1200,"url":"https:\/\/lafroza.ee\/wp-content\/uploads\/2025\/04\/puravik.jpg","type":"image\/jpeg"}],"twitter_card":"summary_large_image","twitter_misc":{"Estimated reading time":"1 minute"},"schema":{"@context":"https:\/\/schema.org","@graph":[{"@type":"WebPage","@id":"https:\/\/lafroza.ee\/toode\/kulmutatud-puravikukuup-lafroza-bio\/","url":"https:\/\/lafroza.ee\/toode\/kulmutatud-puravikukuup-lafroza-bio\/","name":"K\u00fclmutatud puravikukuup LaFroza Bio | Mahe valik Eestist","isPartOf":{"@id":"https:\/\/lafroza.ee\/#website"},"primaryImageOfPage":{"@id":"https:\/\/lafroza.ee\/toode\/kulmutatud-puravikukuup-lafroza-bio\/#primaryimage"},"image":{"@id":"https:\/\/lafroza.ee\/toode\/kulmutatud-puravikukuup-lafroza-bio\/#primaryimage"},"thumbnailUrl":"https:\/\/lafroza.ee\/wp-content\/uploads\/2025\/04\/puravik.jpg","datePublished":"2025-04-05T18:08:27+00:00","dateModified":"2025-10-21T13:37:24+00:00","description":"K\u00fclmutatud puravikukuup LaFroza Bio on Eesti mahetoode, mis sobib kastmetesse, suppidesse ja ahjuroogadesse. Hea valik ka siis, kui v\u00e4rske seen puudub.","breadcrumb":{"@id":"https:\/\/lafroza.ee\/toode\/kulmutatud-puravikukuup-lafroza-bio\/#breadcrumb"},"inLanguage":"en-GB","potentialAction":[{"@type":"ReadAction","target":["https:\/\/lafroza.ee\/toode\/kulmutatud-puravikukuup-lafroza-bio\/"]}]},{"@type":"ImageObject","inLanguage":"en-GB","@id":"https:\/\/lafroza.ee\/toode\/kulmutatud-puravikukuup-lafroza-bio\/#primaryimage","url":"https:\/\/lafroza.ee\/wp-content\/uploads\/2025\/04\/puravik.jpg","contentUrl":"https:\/\/lafroza.ee\/wp-content\/uploads\/2025\/04\/puravik.jpg","width":1200,"height":1200,"caption":"K\u00fclmutatud puravikukuup LaFroza Bio, mahe valik Eestist aastaringselt"},{"@type":"BreadcrumbList","@id":"https:\/\/lafroza.ee\/toode\/kulmutatud-puravikukuup-lafroza-bio\/#breadcrumb","itemListElement":[{"@type":"ListItem","position":1,"name":"Avaleht","item":"https:\/\/lafroza.ee\/"},{"@type":"ListItem","position":2,"name":"E-pood","item":"https:\/\/lafroza.ee\/e-pood\/"},{"@type":"ListItem","position":3,"name":"Mahetooted","item":"https:\/\/lafroza.ee\/tootekategooria\/kulmutatud-mahetooted\/"},{"@type":"ListItem","position":4,"name":"Aedviljad ja seened","item":"https:\/\/lafroza.ee\/tootekategooria\/kulmutatud-mahetooted\/koogiviljad-ja-seened\/"},{"@type":"ListItem","position":5,"name":"K\u00fclmutatud puravikukuup, mahe"}]},{"@type":"WebSite","@id":"https:\/\/lafroza.ee\/#website","url":"https:\/\/lafroza.ee\/","name":"LaFroza","description":"","publisher":{"@id":"https:\/\/lafroza.ee\/#organization"},"potentialAction":[{"@type":"SearchAction","target":{"@type":"EntryPoint","urlTemplate":"https:\/\/lafroza.ee\/?s={search_term_string}"},"query-input":{"@type":"PropertyValueSpecification","valueRequired":true,"valueName":"search_term_string"}}],"inLanguage":"en-GB"},{"@type":"Organization","@id":"https:\/\/lafroza.ee\/#organization","name":"LaFroza","alternateName":"BerryFood O\u00dc","url":"https:\/\/lafroza.ee\/","logo":{"@type":"ImageObject","inLanguage":"en-GB","@id":"https:\/\/lafroza.ee\/#\/schema\/logo\/image\/","url":"https:\/\/lafroza.ee\/wp-content\/uploads\/2025\/02\/logo.svg","contentUrl":"https:\/\/lafroza.ee\/wp-content\/uploads\/2025\/02\/logo.svg","width":238,"height":96,"caption":"LaFroza"},"image":{"@id":"https:\/\/lafroza.ee\/#\/schema\/logo\/image\/"}}]}},"_links":{"self":[{"href":"https:\/\/lafroza.ee\/en\/wp-json\/wp\/v2\/product\/1611","targetHints":{"allow":["GET"]}}],"collection":[{"href":"https:\/\/lafroza.ee\/en\/wp-json\/wp\/v2\/product"}],"about":[{"href":"https:\/\/lafroza.ee\/en\/wp-json\/wp\/v2\/types\/product"}],"replies":[{"embeddable":true,"href":"https:\/\/lafroza.ee\/en\/wp-json\/wp\/v2\/comments?post=1611"}],"wp:featuredmedia":[{"embeddable":true,"href":"https:\/\/lafroza.ee\/en\/wp-json\/wp\/v2\/media\/2932"}],"wp:attachment":[{"href":"https:\/\/lafroza.ee\/en\/wp-json\/wp\/v2\/media?parent=1611"}],"wp:term":[{"taxonomy":"product_brand","embeddable":true,"href":"https:\/\/lafroza.ee\/en\/wp-json\/wp\/v2\/product_brand?post=1611"},{"taxonomy":"product_cat","embeddable":true,"href":"https:\/\/lafroza.ee\/en\/wp-json\/wp\/v2\/product_cat?post=1611"},{"taxonomy":"product_tag","embeddable":true,"href":"https:\/\/lafroza.ee\/en\/wp-json\/wp\/v2\/product_tag?post=1611"}],"curies":[{"name":"wp","href":"https:\/\/api.w.org\/{rel}","templated":true}]}}