{"id":1582,"date":"2025-04-05T20:08:07","date_gmt":"2025-04-05T18:08:07","guid":{"rendered":"https:\/\/lafroza.ee\/?post_type=product&#038;p=1582"},"modified":"2025-10-21T15:39:23","modified_gmt":"2025-10-21T13:39:23","slug":"kulmutatud-karusmari-lafroza-bio","status":"publish","type":"product","link":"https:\/\/lafroza.ee\/en\/product\/kulmutatud-karusmari-lafroza-bio\/","title":{"rendered":"Frozen Gooseberries, Organic"},"content":{"rendered":"","protected":false},"excerpt":{"rendered":"<p data-start=\"269\" data-end=\"508\">ORGANIC PRODUCT<br data-start=\"278\" data-end=\"281\" \/>Gooseberry is one of the berries that began to be cultivated in Northern European gardens as early as the Middle Ages, often within the walls of monasteries. Over time, many varieties have been bred in different shades and sizes \u2013 from light green to reddish fruits.<\/p>\n<p data-start=\"510\" data-end=\"813\">LaFroza Bio frozen gooseberries are perfect for jams, compotes, baked goods and sauces. They can also be used in savoury dishes where a lightly tart balance is desired. Quick freezing helps preserve the gooseberry\u2019s natural nutrients, ensuring availability regardless of the season.<\/p>","protected":false},"featured_media":2916,"comment_status":"closed","ping_status":"closed","template":"","meta":{"_acf_changed":false},"product_brand":[],"product_cat":[320],"product_tag":[],"class_list":{"0":"post-1582","1":"product","2":"type-product","3":"status-publish","4":"has-post-thumbnail","6":"product_cat-mahemarjad-ja-puuviljad","7":"product_shipping_class-kulmutatud-tooted","9":"first","10":"instock","11":"shipping-taxable","12":"purchasable","13":"product-type-variable"},"acf":[],"yoast_head":"<!-- This site is optimized with the Yoast SEO plugin v27.5 - https:\/\/yoast.com\/product\/yoast-seo-wordpress\/ -->\n<title>K\u00fclmutatud karusmari LaFroza Bio | Mahe valik aastaringselt<\/title>\n<meta name=\"description\" content=\"K\u00fclmutatud karusmari LaFroza Bio on mahetoode, mis sobib moosidesse, k\u00fcpsetistesse ja kastmetesse. Hea valik ka siis, kui v\u00e4rsket marja pole v\u00f5tta.\" \/>\n<meta name=\"robots\" content=\"index, follow, max-snippet:-1, max-image-preview:large, max-video-preview:-1\" \/>\n<link rel=\"canonical\" href=\"https:\/\/lafroza.ee\/en\/product\/kulmutatud-karusmari-lafroza-bio\/\" \/>\n<meta property=\"og:locale\" content=\"en_GB\" \/>\n<meta property=\"og:type\" content=\"article\" \/>\n<meta property=\"og:title\" content=\"K\u00fclmutatud karusmari LaFroza Bio | Mahe valik aastaringselt\" \/>\n<meta property=\"og:description\" content=\"K\u00fclmutatud karusmari LaFroza Bio on mahetoode, mis sobib moosidesse, k\u00fcpsetistesse ja kastmetesse. Hea valik ka siis, kui v\u00e4rsket marja pole v\u00f5tta.\" \/>\n<meta property=\"og:url\" content=\"https:\/\/lafroza.ee\/en\/product\/kulmutatud-karusmari-lafroza-bio\/\" \/>\n<meta property=\"og:site_name\" content=\"LaFroza\" \/>\n<meta property=\"article:modified_time\" content=\"2025-10-21T13:39:23+00:00\" \/>\n<meta property=\"og:image\" content=\"https:\/\/lafroza.ee\/wp-content\/uploads\/2025\/04\/karulauk-1.jpg\" \/>\n\t<meta property=\"og:image:width\" content=\"1200\" \/>\n\t<meta property=\"og:image:height\" content=\"1200\" \/>\n\t<meta property=\"og:image:type\" content=\"image\/jpeg\" \/>\n<meta name=\"twitter:card\" content=\"summary_large_image\" \/>\n<meta name=\"twitter:label1\" content=\"Estimated reading time\" \/>\n\t<meta name=\"twitter:data1\" content=\"1 minute\" \/>\n<script type=\"application\/ld+json\" class=\"yoast-schema-graph\">{\"@context\":\"https:\\\/\\\/schema.org\",\"@graph\":[{\"@type\":\"WebPage\",\"@id\":\"https:\\\/\\\/lafroza.ee\\\/toode\\\/kulmutatud-karusmari-lafroza-bio\\\/\",\"url\":\"https:\\\/\\\/lafroza.ee\\\/toode\\\/kulmutatud-karusmari-lafroza-bio\\\/\",\"name\":\"K\u00fclmutatud karusmari LaFroza Bio | Mahe valik aastaringselt\",\"isPartOf\":{\"@id\":\"https:\\\/\\\/lafroza.ee\\\/#website\"},\"primaryImageOfPage\":{\"@id\":\"https:\\\/\\\/lafroza.ee\\\/toode\\\/kulmutatud-karusmari-lafroza-bio\\\/#primaryimage\"},\"image\":{\"@id\":\"https:\\\/\\\/lafroza.ee\\\/toode\\\/kulmutatud-karusmari-lafroza-bio\\\/#primaryimage\"},\"thumbnailUrl\":\"https:\\\/\\\/lafroza.ee\\\/wp-content\\\/uploads\\\/2025\\\/04\\\/karulauk-1.jpg\",\"datePublished\":\"2025-04-05T18:08:07+00:00\",\"dateModified\":\"2025-10-21T13:39:23+00:00\",\"description\":\"K\u00fclmutatud karusmari LaFroza Bio on mahetoode, mis sobib moosidesse, k\u00fcpsetistesse ja kastmetesse. Hea valik ka siis, kui v\u00e4rsket marja pole v\u00f5tta.\",\"breadcrumb\":{\"@id\":\"https:\\\/\\\/lafroza.ee\\\/toode\\\/kulmutatud-karusmari-lafroza-bio\\\/#breadcrumb\"},\"inLanguage\":\"en-GB\",\"potentialAction\":[{\"@type\":\"ReadAction\",\"target\":[\"https:\\\/\\\/lafroza.ee\\\/toode\\\/kulmutatud-karusmari-lafroza-bio\\\/\"]}]},{\"@type\":\"ImageObject\",\"inLanguage\":\"en-GB\",\"@id\":\"https:\\\/\\\/lafroza.ee\\\/toode\\\/kulmutatud-karusmari-lafroza-bio\\\/#primaryimage\",\"url\":\"https:\\\/\\\/lafroza.ee\\\/wp-content\\\/uploads\\\/2025\\\/04\\\/karulauk-1.jpg\",\"contentUrl\":\"https:\\\/\\\/lafroza.ee\\\/wp-content\\\/uploads\\\/2025\\\/04\\\/karulauk-1.jpg\",\"width\":1200,\"height\":1200,\"caption\":\"K\u00fclmutatud karusmari LaFroza Bio, mahe valik aastaringselt\"},{\"@type\":\"BreadcrumbList\",\"@id\":\"https:\\\/\\\/lafroza.ee\\\/toode\\\/kulmutatud-karusmari-lafroza-bio\\\/#breadcrumb\",\"itemListElement\":[{\"@type\":\"ListItem\",\"position\":1,\"name\":\"Avaleht\",\"item\":\"https:\\\/\\\/lafroza.ee\\\/\"},{\"@type\":\"ListItem\",\"position\":2,\"name\":\"E-pood\",\"item\":\"https:\\\/\\\/lafroza.ee\\\/e-pood\\\/\"},{\"@type\":\"ListItem\",\"position\":3,\"name\":\"Mahetooted\",\"item\":\"https:\\\/\\\/lafroza.ee\\\/tootekategooria\\\/kulmutatud-mahetooted\\\/\"},{\"@type\":\"ListItem\",\"position\":4,\"name\":\"Marjad ja puuviljad\",\"item\":\"https:\\\/\\\/lafroza.ee\\\/tootekategooria\\\/kulmutatud-mahetooted\\\/mahemarjad-ja-puuviljad\\\/\"},{\"@type\":\"ListItem\",\"position\":5,\"name\":\"K\u00fclmutatud karusmari, mahe\"}]},{\"@type\":\"WebSite\",\"@id\":\"https:\\\/\\\/lafroza.ee\\\/#website\",\"url\":\"https:\\\/\\\/lafroza.ee\\\/\",\"name\":\"LaFroza\",\"description\":\"\",\"publisher\":{\"@id\":\"https:\\\/\\\/lafroza.ee\\\/#organization\"},\"potentialAction\":[{\"@type\":\"SearchAction\",\"target\":{\"@type\":\"EntryPoint\",\"urlTemplate\":\"https:\\\/\\\/lafroza.ee\\\/?s={search_term_string}\"},\"query-input\":{\"@type\":\"PropertyValueSpecification\",\"valueRequired\":true,\"valueName\":\"search_term_string\"}}],\"inLanguage\":\"en-GB\"},{\"@type\":\"Organization\",\"@id\":\"https:\\\/\\\/lafroza.ee\\\/#organization\",\"name\":\"LaFroza\",\"alternateName\":\"BerryFood O\u00dc\",\"url\":\"https:\\\/\\\/lafroza.ee\\\/\",\"logo\":{\"@type\":\"ImageObject\",\"inLanguage\":\"en-GB\",\"@id\":\"https:\\\/\\\/lafroza.ee\\\/#\\\/schema\\\/logo\\\/image\\\/\",\"url\":\"https:\\\/\\\/lafroza.ee\\\/wp-content\\\/uploads\\\/2025\\\/02\\\/logo.svg\",\"contentUrl\":\"https:\\\/\\\/lafroza.ee\\\/wp-content\\\/uploads\\\/2025\\\/02\\\/logo.svg\",\"width\":238,\"height\":96,\"caption\":\"LaFroza\"},\"image\":{\"@id\":\"https:\\\/\\\/lafroza.ee\\\/#\\\/schema\\\/logo\\\/image\\\/\"}}]}<\/script>\n<!-- \/ Yoast SEO plugin. -->","yoast_head_json":{"title":"K\u00fclmutatud karusmari LaFroza Bio | Mahe valik aastaringselt","description":"K\u00fclmutatud karusmari LaFroza Bio on mahetoode, mis sobib moosidesse, k\u00fcpsetistesse ja kastmetesse. Hea valik ka siis, kui v\u00e4rsket marja pole v\u00f5tta.","robots":{"index":"index","follow":"follow","max-snippet":"max-snippet:-1","max-image-preview":"max-image-preview:large","max-video-preview":"max-video-preview:-1"},"canonical":"https:\/\/lafroza.ee\/en\/product\/kulmutatud-karusmari-lafroza-bio\/","og_locale":"en_GB","og_type":"article","og_title":"K\u00fclmutatud karusmari LaFroza Bio | Mahe valik aastaringselt","og_description":"K\u00fclmutatud karusmari LaFroza Bio on mahetoode, mis sobib moosidesse, k\u00fcpsetistesse ja kastmetesse. Hea valik ka siis, kui v\u00e4rsket marja pole v\u00f5tta.","og_url":"https:\/\/lafroza.ee\/en\/product\/kulmutatud-karusmari-lafroza-bio\/","og_site_name":"LaFroza","article_modified_time":"2025-10-21T13:39:23+00:00","og_image":[{"width":1200,"height":1200,"url":"https:\/\/lafroza.ee\/wp-content\/uploads\/2025\/04\/karulauk-1.jpg","type":"image\/jpeg"}],"twitter_card":"summary_large_image","twitter_misc":{"Estimated reading time":"1 minute"},"schema":{"@context":"https:\/\/schema.org","@graph":[{"@type":"WebPage","@id":"https:\/\/lafroza.ee\/toode\/kulmutatud-karusmari-lafroza-bio\/","url":"https:\/\/lafroza.ee\/toode\/kulmutatud-karusmari-lafroza-bio\/","name":"K\u00fclmutatud karusmari LaFroza Bio | Mahe valik aastaringselt","isPartOf":{"@id":"https:\/\/lafroza.ee\/#website"},"primaryImageOfPage":{"@id":"https:\/\/lafroza.ee\/toode\/kulmutatud-karusmari-lafroza-bio\/#primaryimage"},"image":{"@id":"https:\/\/lafroza.ee\/toode\/kulmutatud-karusmari-lafroza-bio\/#primaryimage"},"thumbnailUrl":"https:\/\/lafroza.ee\/wp-content\/uploads\/2025\/04\/karulauk-1.jpg","datePublished":"2025-04-05T18:08:07+00:00","dateModified":"2025-10-21T13:39:23+00:00","description":"K\u00fclmutatud karusmari LaFroza Bio on mahetoode, mis sobib moosidesse, k\u00fcpsetistesse ja kastmetesse. Hea valik ka siis, kui v\u00e4rsket marja pole v\u00f5tta.","breadcrumb":{"@id":"https:\/\/lafroza.ee\/toode\/kulmutatud-karusmari-lafroza-bio\/#breadcrumb"},"inLanguage":"en-GB","potentialAction":[{"@type":"ReadAction","target":["https:\/\/lafroza.ee\/toode\/kulmutatud-karusmari-lafroza-bio\/"]}]},{"@type":"ImageObject","inLanguage":"en-GB","@id":"https:\/\/lafroza.ee\/toode\/kulmutatud-karusmari-lafroza-bio\/#primaryimage","url":"https:\/\/lafroza.ee\/wp-content\/uploads\/2025\/04\/karulauk-1.jpg","contentUrl":"https:\/\/lafroza.ee\/wp-content\/uploads\/2025\/04\/karulauk-1.jpg","width":1200,"height":1200,"caption":"K\u00fclmutatud karusmari LaFroza Bio, mahe valik aastaringselt"},{"@type":"BreadcrumbList","@id":"https:\/\/lafroza.ee\/toode\/kulmutatud-karusmari-lafroza-bio\/#breadcrumb","itemListElement":[{"@type":"ListItem","position":1,"name":"Avaleht","item":"https:\/\/lafroza.ee\/"},{"@type":"ListItem","position":2,"name":"E-pood","item":"https:\/\/lafroza.ee\/e-pood\/"},{"@type":"ListItem","position":3,"name":"Mahetooted","item":"https:\/\/lafroza.ee\/tootekategooria\/kulmutatud-mahetooted\/"},{"@type":"ListItem","position":4,"name":"Marjad ja puuviljad","item":"https:\/\/lafroza.ee\/tootekategooria\/kulmutatud-mahetooted\/mahemarjad-ja-puuviljad\/"},{"@type":"ListItem","position":5,"name":"K\u00fclmutatud karusmari, mahe"}]},{"@type":"WebSite","@id":"https:\/\/lafroza.ee\/#website","url":"https:\/\/lafroza.ee\/","name":"LaFroza","description":"","publisher":{"@id":"https:\/\/lafroza.ee\/#organization"},"potentialAction":[{"@type":"SearchAction","target":{"@type":"EntryPoint","urlTemplate":"https:\/\/lafroza.ee\/?s={search_term_string}"},"query-input":{"@type":"PropertyValueSpecification","valueRequired":true,"valueName":"search_term_string"}}],"inLanguage":"en-GB"},{"@type":"Organization","@id":"https:\/\/lafroza.ee\/#organization","name":"LaFroza","alternateName":"BerryFood O\u00dc","url":"https:\/\/lafroza.ee\/","logo":{"@type":"ImageObject","inLanguage":"en-GB","@id":"https:\/\/lafroza.ee\/#\/schema\/logo\/image\/","url":"https:\/\/lafroza.ee\/wp-content\/uploads\/2025\/02\/logo.svg","contentUrl":"https:\/\/lafroza.ee\/wp-content\/uploads\/2025\/02\/logo.svg","width":238,"height":96,"caption":"LaFroza"},"image":{"@id":"https:\/\/lafroza.ee\/#\/schema\/logo\/image\/"}}]}},"_links":{"self":[{"href":"https:\/\/lafroza.ee\/en\/wp-json\/wp\/v2\/product\/1582","targetHints":{"allow":["GET"]}}],"collection":[{"href":"https:\/\/lafroza.ee\/en\/wp-json\/wp\/v2\/product"}],"about":[{"href":"https:\/\/lafroza.ee\/en\/wp-json\/wp\/v2\/types\/product"}],"replies":[{"embeddable":true,"href":"https:\/\/lafroza.ee\/en\/wp-json\/wp\/v2\/comments?post=1582"}],"wp:featuredmedia":[{"embeddable":true,"href":"https:\/\/lafroza.ee\/en\/wp-json\/wp\/v2\/media\/2916"}],"wp:attachment":[{"href":"https:\/\/lafroza.ee\/en\/wp-json\/wp\/v2\/media?parent=1582"}],"wp:term":[{"taxonomy":"product_brand","embeddable":true,"href":"https:\/\/lafroza.ee\/en\/wp-json\/wp\/v2\/product_brand?post=1582"},{"taxonomy":"product_cat","embeddable":true,"href":"https:\/\/lafroza.ee\/en\/wp-json\/wp\/v2\/product_cat?post=1582"},{"taxonomy":"product_tag","embeddable":true,"href":"https:\/\/lafroza.ee\/en\/wp-json\/wp\/v2\/product_tag?post=1582"}],"curies":[{"name":"wp","href":"https:\/\/api.w.org\/{rel}","templated":true}]}}