{"id":1564,"date":"2025-04-05T20:07:48","date_gmt":"2025-04-05T18:07:48","guid":{"rendered":"https:\/\/lafroza.ee\/?post_type=product&#038;p=1564"},"modified":"2025-10-07T11:15:13","modified_gmt":"2025-10-07T09:15:13","slug":"kulmkuivatatud-vaarikad","status":"publish","type":"product","link":"https:\/\/lafroza.ee\/en\/product\/kulmkuivatatud-vaarikad\/","title":{"rendered":"LaFroza Dry Freeze-Dried Raspberries"},"content":{"rendered":"","protected":false},"excerpt":{"rendered":"<p>The delicate balance of sweetness and tartness has made raspberry one of the most popular berries on the Estonian table. Through freeze-drying, these flavors have only become more intense.<\/p>\n<p>LaFroza Dry freeze-dried products are excellent for adding to muesli, breakfast porridge, baked goods, smoothies, and more, creating new and delightful flavor combinations. No sugars, preservatives, or other additives are added. The freeze-drying process also preserves the natural qualities of the fruits and berries.<\/p>","protected":false},"featured_media":638,"comment_status":"closed","ping_status":"closed","template":"","meta":{"_acf_changed":false},"product_brand":[],"product_cat":[219],"product_tag":[],"class_list":{"0":"post-1564","1":"product","2":"type-product","3":"status-publish","4":"has-post-thumbnail","6":"product_cat-puuvilja-ja-marjasnaksid","7":"product_shipping_class-pakiautomaat","9":"first","10":"instock","11":"shipping-taxable","12":"purchasable","13":"product-type-simple"},"acf":[],"yoast_head":"<!-- This site is optimized with the Yoast SEO plugin v27.5 - https:\/\/yoast.com\/product\/yoast-seo-wordpress\/ -->\n<title>K\u00fclmkuivatatud vaarikad | LaFroza<\/title>\n<meta name=\"description\" content=\"LaFroza k\u00fclmkuivatatud vaarikad \u2013 naturaalsed, kergelt kr\u00f5mpsuvad ja ilma lisasuhkruta. Sobivad sn\u00e4kkimiseks v\u00f5i kosutuseks.\" \/>\n<meta name=\"robots\" content=\"index, follow, max-snippet:-1, max-image-preview:large, max-video-preview:-1\" \/>\n<link rel=\"canonical\" href=\"https:\/\/lafroza.ee\/en\/product\/kulmkuivatatud-vaarikad\/\" \/>\n<meta property=\"og:locale\" content=\"en_GB\" \/>\n<meta property=\"og:type\" content=\"article\" \/>\n<meta property=\"og:title\" content=\"K\u00fclmkuivatatud vaarikad | LaFroza\" \/>\n<meta property=\"og:description\" content=\"LaFroza k\u00fclmkuivatatud vaarikad \u2013 naturaalsed, kergelt kr\u00f5mpsuvad ja ilma lisasuhkruta. Sobivad sn\u00e4kkimiseks v\u00f5i kosutuseks.\" \/>\n<meta property=\"og:url\" content=\"https:\/\/lafroza.ee\/en\/product\/kulmkuivatatud-vaarikad\/\" \/>\n<meta property=\"og:site_name\" content=\"LaFroza\" \/>\n<meta property=\"article:modified_time\" content=\"2025-10-07T09:15:13+00:00\" \/>\n<meta property=\"og:image\" content=\"https:\/\/lafroza.ee\/wp-content\/uploads\/2025\/03\/Vaarikad_1-scaled-1.jpg\" \/>\n\t<meta property=\"og:image:width\" content=\"2560\" \/>\n\t<meta property=\"og:image:height\" content=\"2560\" \/>\n\t<meta property=\"og:image:type\" content=\"image\/jpeg\" \/>\n<meta name=\"twitter:card\" content=\"summary_large_image\" \/>\n<meta name=\"twitter:label1\" content=\"Estimated reading time\" \/>\n\t<meta name=\"twitter:data1\" content=\"1 minute\" \/>\n<script type=\"application\/ld+json\" class=\"yoast-schema-graph\">{\"@context\":\"https:\\\/\\\/schema.org\",\"@graph\":[{\"@type\":\"WebPage\",\"@id\":\"https:\\\/\\\/lafroza.ee\\\/toode\\\/kulmkuivatatud-vaarikad\\\/\",\"url\":\"https:\\\/\\\/lafroza.ee\\\/toode\\\/kulmkuivatatud-vaarikad\\\/\",\"name\":\"K\u00fclmkuivatatud vaarikad | LaFroza\",\"isPartOf\":{\"@id\":\"https:\\\/\\\/lafroza.ee\\\/#website\"},\"primaryImageOfPage\":{\"@id\":\"https:\\\/\\\/lafroza.ee\\\/toode\\\/kulmkuivatatud-vaarikad\\\/#primaryimage\"},\"image\":{\"@id\":\"https:\\\/\\\/lafroza.ee\\\/toode\\\/kulmkuivatatud-vaarikad\\\/#primaryimage\"},\"thumbnailUrl\":\"https:\\\/\\\/lafroza.ee\\\/wp-content\\\/uploads\\\/2025\\\/03\\\/Vaarikad_1-scaled-1.jpg\",\"datePublished\":\"2025-04-05T18:07:48+00:00\",\"dateModified\":\"2025-10-07T09:15:13+00:00\",\"description\":\"LaFroza k\u00fclmkuivatatud vaarikad \u2013 naturaalsed, kergelt kr\u00f5mpsuvad ja ilma lisasuhkruta. Sobivad sn\u00e4kkimiseks v\u00f5i kosutuseks.\",\"breadcrumb\":{\"@id\":\"https:\\\/\\\/lafroza.ee\\\/toode\\\/kulmkuivatatud-vaarikad\\\/#breadcrumb\"},\"inLanguage\":\"en-GB\",\"potentialAction\":[{\"@type\":\"ReadAction\",\"target\":[\"https:\\\/\\\/lafroza.ee\\\/toode\\\/kulmkuivatatud-vaarikad\\\/\"]}]},{\"@type\":\"ImageObject\",\"inLanguage\":\"en-GB\",\"@id\":\"https:\\\/\\\/lafroza.ee\\\/toode\\\/kulmkuivatatud-vaarikad\\\/#primaryimage\",\"url\":\"https:\\\/\\\/lafroza.ee\\\/wp-content\\\/uploads\\\/2025\\\/03\\\/Vaarikad_1-scaled-1.jpg\",\"contentUrl\":\"https:\\\/\\\/lafroza.ee\\\/wp-content\\\/uploads\\\/2025\\\/03\\\/Vaarikad_1-scaled-1.jpg\",\"width\":2560,\"height\":2560},{\"@type\":\"BreadcrumbList\",\"@id\":\"https:\\\/\\\/lafroza.ee\\\/toode\\\/kulmkuivatatud-vaarikad\\\/#breadcrumb\",\"itemListElement\":[{\"@type\":\"ListItem\",\"position\":1,\"name\":\"Avaleht\",\"item\":\"https:\\\/\\\/lafroza.ee\\\/\"},{\"@type\":\"ListItem\",\"position\":2,\"name\":\"E-pood\",\"item\":\"https:\\\/\\\/lafroza.ee\\\/e-pood\\\/\"},{\"@type\":\"ListItem\",\"position\":3,\"name\":\"Puuvilja- ja marjasn\u00e4ksid\",\"item\":\"https:\\\/\\\/lafroza.ee\\\/tootekategooria\\\/puuvilja-ja-marjasnaksid\\\/\"},{\"@type\":\"ListItem\",\"position\":4,\"name\":\"LaFroza Dry k\u00fclmkuivatatud vaarikad\"}]},{\"@type\":\"WebSite\",\"@id\":\"https:\\\/\\\/lafroza.ee\\\/#website\",\"url\":\"https:\\\/\\\/lafroza.ee\\\/\",\"name\":\"LaFroza\",\"description\":\"\",\"publisher\":{\"@id\":\"https:\\\/\\\/lafroza.ee\\\/#organization\"},\"potentialAction\":[{\"@type\":\"SearchAction\",\"target\":{\"@type\":\"EntryPoint\",\"urlTemplate\":\"https:\\\/\\\/lafroza.ee\\\/?s={search_term_string}\"},\"query-input\":{\"@type\":\"PropertyValueSpecification\",\"valueRequired\":true,\"valueName\":\"search_term_string\"}}],\"inLanguage\":\"en-GB\"},{\"@type\":\"Organization\",\"@id\":\"https:\\\/\\\/lafroza.ee\\\/#organization\",\"name\":\"LaFroza\",\"alternateName\":\"BerryFood O\u00dc\",\"url\":\"https:\\\/\\\/lafroza.ee\\\/\",\"logo\":{\"@type\":\"ImageObject\",\"inLanguage\":\"en-GB\",\"@id\":\"https:\\\/\\\/lafroza.ee\\\/#\\\/schema\\\/logo\\\/image\\\/\",\"url\":\"https:\\\/\\\/lafroza.ee\\\/wp-content\\\/uploads\\\/2025\\\/02\\\/logo.svg\",\"contentUrl\":\"https:\\\/\\\/lafroza.ee\\\/wp-content\\\/uploads\\\/2025\\\/02\\\/logo.svg\",\"width\":238,\"height\":96,\"caption\":\"LaFroza\"},\"image\":{\"@id\":\"https:\\\/\\\/lafroza.ee\\\/#\\\/schema\\\/logo\\\/image\\\/\"}}]}<\/script>\n<!-- \/ Yoast SEO plugin. -->","yoast_head_json":{"title":"K\u00fclmkuivatatud vaarikad | LaFroza","description":"LaFroza k\u00fclmkuivatatud vaarikad \u2013 naturaalsed, kergelt kr\u00f5mpsuvad ja ilma lisasuhkruta. Sobivad sn\u00e4kkimiseks v\u00f5i kosutuseks.","robots":{"index":"index","follow":"follow","max-snippet":"max-snippet:-1","max-image-preview":"max-image-preview:large","max-video-preview":"max-video-preview:-1"},"canonical":"https:\/\/lafroza.ee\/en\/product\/kulmkuivatatud-vaarikad\/","og_locale":"en_GB","og_type":"article","og_title":"K\u00fclmkuivatatud vaarikad | LaFroza","og_description":"LaFroza k\u00fclmkuivatatud vaarikad \u2013 naturaalsed, kergelt kr\u00f5mpsuvad ja ilma lisasuhkruta. Sobivad sn\u00e4kkimiseks v\u00f5i kosutuseks.","og_url":"https:\/\/lafroza.ee\/en\/product\/kulmkuivatatud-vaarikad\/","og_site_name":"LaFroza","article_modified_time":"2025-10-07T09:15:13+00:00","og_image":[{"width":2560,"height":2560,"url":"https:\/\/lafroza.ee\/wp-content\/uploads\/2025\/03\/Vaarikad_1-scaled-1.jpg","type":"image\/jpeg"}],"twitter_card":"summary_large_image","twitter_misc":{"Estimated reading time":"1 minute"},"schema":{"@context":"https:\/\/schema.org","@graph":[{"@type":"WebPage","@id":"https:\/\/lafroza.ee\/toode\/kulmkuivatatud-vaarikad\/","url":"https:\/\/lafroza.ee\/toode\/kulmkuivatatud-vaarikad\/","name":"K\u00fclmkuivatatud vaarikad | LaFroza","isPartOf":{"@id":"https:\/\/lafroza.ee\/#website"},"primaryImageOfPage":{"@id":"https:\/\/lafroza.ee\/toode\/kulmkuivatatud-vaarikad\/#primaryimage"},"image":{"@id":"https:\/\/lafroza.ee\/toode\/kulmkuivatatud-vaarikad\/#primaryimage"},"thumbnailUrl":"https:\/\/lafroza.ee\/wp-content\/uploads\/2025\/03\/Vaarikad_1-scaled-1.jpg","datePublished":"2025-04-05T18:07:48+00:00","dateModified":"2025-10-07T09:15:13+00:00","description":"LaFroza k\u00fclmkuivatatud vaarikad \u2013 naturaalsed, kergelt kr\u00f5mpsuvad ja ilma lisasuhkruta. Sobivad sn\u00e4kkimiseks v\u00f5i kosutuseks.","breadcrumb":{"@id":"https:\/\/lafroza.ee\/toode\/kulmkuivatatud-vaarikad\/#breadcrumb"},"inLanguage":"en-GB","potentialAction":[{"@type":"ReadAction","target":["https:\/\/lafroza.ee\/toode\/kulmkuivatatud-vaarikad\/"]}]},{"@type":"ImageObject","inLanguage":"en-GB","@id":"https:\/\/lafroza.ee\/toode\/kulmkuivatatud-vaarikad\/#primaryimage","url":"https:\/\/lafroza.ee\/wp-content\/uploads\/2025\/03\/Vaarikad_1-scaled-1.jpg","contentUrl":"https:\/\/lafroza.ee\/wp-content\/uploads\/2025\/03\/Vaarikad_1-scaled-1.jpg","width":2560,"height":2560},{"@type":"BreadcrumbList","@id":"https:\/\/lafroza.ee\/toode\/kulmkuivatatud-vaarikad\/#breadcrumb","itemListElement":[{"@type":"ListItem","position":1,"name":"Avaleht","item":"https:\/\/lafroza.ee\/"},{"@type":"ListItem","position":2,"name":"E-pood","item":"https:\/\/lafroza.ee\/e-pood\/"},{"@type":"ListItem","position":3,"name":"Puuvilja- ja marjasn\u00e4ksid","item":"https:\/\/lafroza.ee\/tootekategooria\/puuvilja-ja-marjasnaksid\/"},{"@type":"ListItem","position":4,"name":"LaFroza Dry k\u00fclmkuivatatud vaarikad"}]},{"@type":"WebSite","@id":"https:\/\/lafroza.ee\/#website","url":"https:\/\/lafroza.ee\/","name":"LaFroza","description":"","publisher":{"@id":"https:\/\/lafroza.ee\/#organization"},"potentialAction":[{"@type":"SearchAction","target":{"@type":"EntryPoint","urlTemplate":"https:\/\/lafroza.ee\/?s={search_term_string}"},"query-input":{"@type":"PropertyValueSpecification","valueRequired":true,"valueName":"search_term_string"}}],"inLanguage":"en-GB"},{"@type":"Organization","@id":"https:\/\/lafroza.ee\/#organization","name":"LaFroza","alternateName":"BerryFood O\u00dc","url":"https:\/\/lafroza.ee\/","logo":{"@type":"ImageObject","inLanguage":"en-GB","@id":"https:\/\/lafroza.ee\/#\/schema\/logo\/image\/","url":"https:\/\/lafroza.ee\/wp-content\/uploads\/2025\/02\/logo.svg","contentUrl":"https:\/\/lafroza.ee\/wp-content\/uploads\/2025\/02\/logo.svg","width":238,"height":96,"caption":"LaFroza"},"image":{"@id":"https:\/\/lafroza.ee\/#\/schema\/logo\/image\/"}}]}},"_links":{"self":[{"href":"https:\/\/lafroza.ee\/en\/wp-json\/wp\/v2\/product\/1564","targetHints":{"allow":["GET"]}}],"collection":[{"href":"https:\/\/lafroza.ee\/en\/wp-json\/wp\/v2\/product"}],"about":[{"href":"https:\/\/lafroza.ee\/en\/wp-json\/wp\/v2\/types\/product"}],"replies":[{"embeddable":true,"href":"https:\/\/lafroza.ee\/en\/wp-json\/wp\/v2\/comments?post=1564"}],"wp:featuredmedia":[{"embeddable":true,"href":"https:\/\/lafroza.ee\/en\/wp-json\/wp\/v2\/media\/638"}],"wp:attachment":[{"href":"https:\/\/lafroza.ee\/en\/wp-json\/wp\/v2\/media?parent=1564"}],"wp:term":[{"taxonomy":"product_brand","embeddable":true,"href":"https:\/\/lafroza.ee\/en\/wp-json\/wp\/v2\/product_brand?post=1564"},{"taxonomy":"product_cat","embeddable":true,"href":"https:\/\/lafroza.ee\/en\/wp-json\/wp\/v2\/product_cat?post=1564"},{"taxonomy":"product_tag","embeddable":true,"href":"https:\/\/lafroza.ee\/en\/wp-json\/wp\/v2\/product_tag?post=1564"}],"curies":[{"name":"wp","href":"https:\/\/api.w.org\/{rel}","templated":true}]}}