{"id":1529,"date":"2025-04-05T20:07:22","date_gmt":"2025-04-05T18:07:22","guid":{"rendered":"https:\/\/lafroza.ee\/?post_type=product&#038;p=1529"},"modified":"2025-10-28T09:10:57","modified_gmt":"2025-10-28T07:10:57","slug":"lafroza-kulmutatud-basiilik","status":"publish","type":"product","link":"https:\/\/lafroza.ee\/en\/product\/lafroza-kulmutatud-basiilik\/","title":{"rendered":"LaFroza Frozen Basil"},"content":{"rendered":"","protected":false},"excerpt":{"rendered":"<p>Basil is an aromatic herb that adds freshness and character to dishes. Frozen, it retains its aroma and flavour, making it a convenient and quick ingredient for various meals. It is ideal for sauces, soups, pastas and salads.<\/p>\n<p>Packed in a convenient resealable cup that allows you to use exactly the amount you need while keeping the rest in the freezer. The cup is made of durable material, making it suitable for later reuse.<\/p>","protected":false},"featured_media":2894,"comment_status":"closed","ping_status":"closed","template":"","meta":{"_acf_changed":false},"product_brand":[],"product_cat":[220],"product_tag":[],"class_list":{"0":"post-1529","1":"product","2":"type-product","3":"status-publish","4":"has-post-thumbnail","6":"product_cat-maitseained-ja-taimed","7":"product_shipping_class-kulmutatud-tooted","9":"first","10":"instock","11":"shipping-taxable","12":"purchasable","13":"product-type-variable"},"acf":[],"yoast_head":"<!-- This site is optimized with the Yoast SEO plugin v27.5 - https:\/\/yoast.com\/product\/yoast-seo-wordpress\/ -->\n<title>K\u00fclmutatud basiilik LaFroza | Aromaatne lisand<\/title>\n<meta name=\"description\" content=\"LaFroza k\u00fclmutatud basiilik on aromaatne ja mitmek\u00fclgne maitseaine, mis sobib suppide, kastmete, salatite ja smuutide maitsestamiseks.\" \/>\n<meta name=\"robots\" content=\"index, follow, max-snippet:-1, max-image-preview:large, max-video-preview:-1\" \/>\n<link rel=\"canonical\" href=\"https:\/\/lafroza.ee\/en\/product\/lafroza-kulmutatud-basiilik\/\" \/>\n<meta property=\"og:locale\" content=\"en_GB\" \/>\n<meta property=\"og:type\" content=\"article\" \/>\n<meta property=\"og:title\" content=\"K\u00fclmutatud basiilik LaFroza | Aromaatne lisand\" \/>\n<meta property=\"og:description\" content=\"LaFroza k\u00fclmutatud basiilik on aromaatne ja mitmek\u00fclgne maitseaine, mis sobib suppide, kastmete, salatite ja smuutide maitsestamiseks.\" \/>\n<meta property=\"og:url\" content=\"https:\/\/lafroza.ee\/en\/product\/lafroza-kulmutatud-basiilik\/\" \/>\n<meta property=\"og:site_name\" content=\"LaFroza\" \/>\n<meta property=\"article:modified_time\" content=\"2025-10-28T07:10:57+00:00\" \/>\n<meta property=\"og:image\" content=\"https:\/\/lafroza.ee\/wp-content\/uploads\/2025\/04\/basiilik.jpg\" \/>\n\t<meta property=\"og:image:width\" content=\"2000\" \/>\n\t<meta property=\"og:image:height\" content=\"2000\" \/>\n\t<meta property=\"og:image:type\" content=\"image\/jpeg\" \/>\n<meta name=\"twitter:card\" content=\"summary_large_image\" \/>\n<meta name=\"twitter:label1\" content=\"Estimated reading time\" \/>\n\t<meta name=\"twitter:data1\" content=\"1 minute\" \/>\n<script type=\"application\/ld+json\" class=\"yoast-schema-graph\">{\"@context\":\"https:\\\/\\\/schema.org\",\"@graph\":[{\"@type\":\"WebPage\",\"@id\":\"https:\\\/\\\/lafroza.ee\\\/toode\\\/lafroza-kulmutatud-basiilik\\\/\",\"url\":\"https:\\\/\\\/lafroza.ee\\\/toode\\\/lafroza-kulmutatud-basiilik\\\/\",\"name\":\"K\u00fclmutatud basiilik LaFroza | Aromaatne lisand\",\"isPartOf\":{\"@id\":\"https:\\\/\\\/lafroza.ee\\\/#website\"},\"primaryImageOfPage\":{\"@id\":\"https:\\\/\\\/lafroza.ee\\\/toode\\\/lafroza-kulmutatud-basiilik\\\/#primaryimage\"},\"image\":{\"@id\":\"https:\\\/\\\/lafroza.ee\\\/toode\\\/lafroza-kulmutatud-basiilik\\\/#primaryimage\"},\"thumbnailUrl\":\"https:\\\/\\\/lafroza.ee\\\/wp-content\\\/uploads\\\/2025\\\/04\\\/basiilik.jpg\",\"datePublished\":\"2025-04-05T18:07:22+00:00\",\"dateModified\":\"2025-10-28T07:10:57+00:00\",\"description\":\"LaFroza k\u00fclmutatud basiilik on aromaatne ja mitmek\u00fclgne maitseaine, mis sobib suppide, kastmete, salatite ja smuutide maitsestamiseks.\",\"breadcrumb\":{\"@id\":\"https:\\\/\\\/lafroza.ee\\\/toode\\\/lafroza-kulmutatud-basiilik\\\/#breadcrumb\"},\"inLanguage\":\"en-GB\",\"potentialAction\":[{\"@type\":\"ReadAction\",\"target\":[\"https:\\\/\\\/lafroza.ee\\\/toode\\\/lafroza-kulmutatud-basiilik\\\/\"]}]},{\"@type\":\"ImageObject\",\"inLanguage\":\"en-GB\",\"@id\":\"https:\\\/\\\/lafroza.ee\\\/toode\\\/lafroza-kulmutatud-basiilik\\\/#primaryimage\",\"url\":\"https:\\\/\\\/lafroza.ee\\\/wp-content\\\/uploads\\\/2025\\\/04\\\/basiilik.jpg\",\"contentUrl\":\"https:\\\/\\\/lafroza.ee\\\/wp-content\\\/uploads\\\/2025\\\/04\\\/basiilik.jpg\",\"width\":2000,\"height\":2000,\"caption\":\"LaFroza k\u00fclmkuivatatud basiilik \u2013 aromaatne lisand\"},{\"@type\":\"BreadcrumbList\",\"@id\":\"https:\\\/\\\/lafroza.ee\\\/toode\\\/lafroza-kulmutatud-basiilik\\\/#breadcrumb\",\"itemListElement\":[{\"@type\":\"ListItem\",\"position\":1,\"name\":\"Avaleht\",\"item\":\"https:\\\/\\\/lafroza.ee\\\/\"},{\"@type\":\"ListItem\",\"position\":2,\"name\":\"E-pood\",\"item\":\"https:\\\/\\\/lafroza.ee\\\/e-pood\\\/\"},{\"@type\":\"ListItem\",\"position\":3,\"name\":\"Maitseained ja -taimed\",\"item\":\"https:\\\/\\\/lafroza.ee\\\/tootekategooria\\\/maitseained-ja-taimed\\\/\"},{\"@type\":\"ListItem\",\"position\":4,\"name\":\"LaFroza k\u00fclmutatud basiilik\"}]},{\"@type\":\"WebSite\",\"@id\":\"https:\\\/\\\/lafroza.ee\\\/#website\",\"url\":\"https:\\\/\\\/lafroza.ee\\\/\",\"name\":\"LaFroza\",\"description\":\"\",\"publisher\":{\"@id\":\"https:\\\/\\\/lafroza.ee\\\/#organization\"},\"potentialAction\":[{\"@type\":\"SearchAction\",\"target\":{\"@type\":\"EntryPoint\",\"urlTemplate\":\"https:\\\/\\\/lafroza.ee\\\/?s={search_term_string}\"},\"query-input\":{\"@type\":\"PropertyValueSpecification\",\"valueRequired\":true,\"valueName\":\"search_term_string\"}}],\"inLanguage\":\"en-GB\"},{\"@type\":\"Organization\",\"@id\":\"https:\\\/\\\/lafroza.ee\\\/#organization\",\"name\":\"LaFroza\",\"alternateName\":\"BerryFood O\u00dc\",\"url\":\"https:\\\/\\\/lafroza.ee\\\/\",\"logo\":{\"@type\":\"ImageObject\",\"inLanguage\":\"en-GB\",\"@id\":\"https:\\\/\\\/lafroza.ee\\\/#\\\/schema\\\/logo\\\/image\\\/\",\"url\":\"https:\\\/\\\/lafroza.ee\\\/wp-content\\\/uploads\\\/2025\\\/02\\\/logo.svg\",\"contentUrl\":\"https:\\\/\\\/lafroza.ee\\\/wp-content\\\/uploads\\\/2025\\\/02\\\/logo.svg\",\"width\":238,\"height\":96,\"caption\":\"LaFroza\"},\"image\":{\"@id\":\"https:\\\/\\\/lafroza.ee\\\/#\\\/schema\\\/logo\\\/image\\\/\"}}]}<\/script>\n<!-- \/ Yoast SEO plugin. -->","yoast_head_json":{"title":"K\u00fclmutatud basiilik LaFroza | Aromaatne lisand","description":"LaFroza k\u00fclmutatud basiilik on aromaatne ja mitmek\u00fclgne maitseaine, mis sobib suppide, kastmete, salatite ja smuutide maitsestamiseks.","robots":{"index":"index","follow":"follow","max-snippet":"max-snippet:-1","max-image-preview":"max-image-preview:large","max-video-preview":"max-video-preview:-1"},"canonical":"https:\/\/lafroza.ee\/en\/product\/lafroza-kulmutatud-basiilik\/","og_locale":"en_GB","og_type":"article","og_title":"K\u00fclmutatud basiilik LaFroza | Aromaatne lisand","og_description":"LaFroza k\u00fclmutatud basiilik on aromaatne ja mitmek\u00fclgne maitseaine, mis sobib suppide, kastmete, salatite ja smuutide maitsestamiseks.","og_url":"https:\/\/lafroza.ee\/en\/product\/lafroza-kulmutatud-basiilik\/","og_site_name":"LaFroza","article_modified_time":"2025-10-28T07:10:57+00:00","og_image":[{"width":2000,"height":2000,"url":"https:\/\/lafroza.ee\/wp-content\/uploads\/2025\/04\/basiilik.jpg","type":"image\/jpeg"}],"twitter_card":"summary_large_image","twitter_misc":{"Estimated reading time":"1 minute"},"schema":{"@context":"https:\/\/schema.org","@graph":[{"@type":"WebPage","@id":"https:\/\/lafroza.ee\/toode\/lafroza-kulmutatud-basiilik\/","url":"https:\/\/lafroza.ee\/toode\/lafroza-kulmutatud-basiilik\/","name":"K\u00fclmutatud basiilik LaFroza | Aromaatne lisand","isPartOf":{"@id":"https:\/\/lafroza.ee\/#website"},"primaryImageOfPage":{"@id":"https:\/\/lafroza.ee\/toode\/lafroza-kulmutatud-basiilik\/#primaryimage"},"image":{"@id":"https:\/\/lafroza.ee\/toode\/lafroza-kulmutatud-basiilik\/#primaryimage"},"thumbnailUrl":"https:\/\/lafroza.ee\/wp-content\/uploads\/2025\/04\/basiilik.jpg","datePublished":"2025-04-05T18:07:22+00:00","dateModified":"2025-10-28T07:10:57+00:00","description":"LaFroza k\u00fclmutatud basiilik on aromaatne ja mitmek\u00fclgne maitseaine, mis sobib suppide, kastmete, salatite ja smuutide maitsestamiseks.","breadcrumb":{"@id":"https:\/\/lafroza.ee\/toode\/lafroza-kulmutatud-basiilik\/#breadcrumb"},"inLanguage":"en-GB","potentialAction":[{"@type":"ReadAction","target":["https:\/\/lafroza.ee\/toode\/lafroza-kulmutatud-basiilik\/"]}]},{"@type":"ImageObject","inLanguage":"en-GB","@id":"https:\/\/lafroza.ee\/toode\/lafroza-kulmutatud-basiilik\/#primaryimage","url":"https:\/\/lafroza.ee\/wp-content\/uploads\/2025\/04\/basiilik.jpg","contentUrl":"https:\/\/lafroza.ee\/wp-content\/uploads\/2025\/04\/basiilik.jpg","width":2000,"height":2000,"caption":"LaFroza k\u00fclmkuivatatud basiilik \u2013 aromaatne lisand"},{"@type":"BreadcrumbList","@id":"https:\/\/lafroza.ee\/toode\/lafroza-kulmutatud-basiilik\/#breadcrumb","itemListElement":[{"@type":"ListItem","position":1,"name":"Avaleht","item":"https:\/\/lafroza.ee\/"},{"@type":"ListItem","position":2,"name":"E-pood","item":"https:\/\/lafroza.ee\/e-pood\/"},{"@type":"ListItem","position":3,"name":"Maitseained ja -taimed","item":"https:\/\/lafroza.ee\/tootekategooria\/maitseained-ja-taimed\/"},{"@type":"ListItem","position":4,"name":"LaFroza k\u00fclmutatud basiilik"}]},{"@type":"WebSite","@id":"https:\/\/lafroza.ee\/#website","url":"https:\/\/lafroza.ee\/","name":"LaFroza","description":"","publisher":{"@id":"https:\/\/lafroza.ee\/#organization"},"potentialAction":[{"@type":"SearchAction","target":{"@type":"EntryPoint","urlTemplate":"https:\/\/lafroza.ee\/?s={search_term_string}"},"query-input":{"@type":"PropertyValueSpecification","valueRequired":true,"valueName":"search_term_string"}}],"inLanguage":"en-GB"},{"@type":"Organization","@id":"https:\/\/lafroza.ee\/#organization","name":"LaFroza","alternateName":"BerryFood O\u00dc","url":"https:\/\/lafroza.ee\/","logo":{"@type":"ImageObject","inLanguage":"en-GB","@id":"https:\/\/lafroza.ee\/#\/schema\/logo\/image\/","url":"https:\/\/lafroza.ee\/wp-content\/uploads\/2025\/02\/logo.svg","contentUrl":"https:\/\/lafroza.ee\/wp-content\/uploads\/2025\/02\/logo.svg","width":238,"height":96,"caption":"LaFroza"},"image":{"@id":"https:\/\/lafroza.ee\/#\/schema\/logo\/image\/"}}]}},"_links":{"self":[{"href":"https:\/\/lafroza.ee\/en\/wp-json\/wp\/v2\/product\/1529","targetHints":{"allow":["GET"]}}],"collection":[{"href":"https:\/\/lafroza.ee\/en\/wp-json\/wp\/v2\/product"}],"about":[{"href":"https:\/\/lafroza.ee\/en\/wp-json\/wp\/v2\/types\/product"}],"replies":[{"embeddable":true,"href":"https:\/\/lafroza.ee\/en\/wp-json\/wp\/v2\/comments?post=1529"}],"wp:featuredmedia":[{"embeddable":true,"href":"https:\/\/lafroza.ee\/en\/wp-json\/wp\/v2\/media\/2894"}],"wp:attachment":[{"href":"https:\/\/lafroza.ee\/en\/wp-json\/wp\/v2\/media?parent=1529"}],"wp:term":[{"taxonomy":"product_brand","embeddable":true,"href":"https:\/\/lafroza.ee\/en\/wp-json\/wp\/v2\/product_brand?post=1529"},{"taxonomy":"product_cat","embeddable":true,"href":"https:\/\/lafroza.ee\/en\/wp-json\/wp\/v2\/product_cat?post=1529"},{"taxonomy":"product_tag","embeddable":true,"href":"https:\/\/lafroza.ee\/en\/wp-json\/wp\/v2\/product_tag?post=1529"}],"curies":[{"name":"wp","href":"https:\/\/api.w.org\/{rel}","templated":true}]}}