{"id":1465,"date":"2025-04-05T20:06:36","date_gmt":"2025-04-05T18:06:36","guid":{"rendered":"https:\/\/lafroza.ee\/?post_type=product&#038;p=1465"},"modified":"2026-05-05T14:06:22","modified_gmt":"2026-05-05T12:06:22","slug":"kulmutatud-ounakuup-lafroza-bio","status":"publish","type":"product","link":"https:\/\/lafroza.ee\/en\/product\/kulmutatud-ounakuup-lafroza-bio\/","title":{"rendered":"Frozen Apple Cube, Organic"},"content":{"rendered":"","protected":false},"excerpt":{"rendered":"<p data-start=\"215\" data-end=\"468\">ORGANIC PRODUCT<br data-start=\"224\" data-end=\"227\" \/>\u00d5un on \u00fcks enim kasvatatud ja kasutatud vilju \u2013 seda leidub pea igas koduaias ning see sobib v\u00f5rdselt h\u00e4sti nii magusatesse kui soolastesse toitudesse. K\u00fclmutatud kuubikutena on \u00f5unad kohe kasutatavad, ilma koorimise ja t\u00fckeldamiseta.<\/p>\n<p data-start=\"470\" data-end=\"696\">LaFroza Bio frozen organic apple cubes are ideal for baked goods, porridges, stews, smoothies and sauces. Quick freezing helps preserve the apple\u2019s natural nutrients, ensuring availability regardless of the season.<\/p>","protected":false},"featured_media":2927,"comment_status":"closed","ping_status":"closed","template":"","meta":{"_acf_changed":false},"product_brand":[],"product_cat":[320],"product_tag":[],"class_list":{"0":"post-1465","1":"product","2":"type-product","3":"status-publish","4":"has-post-thumbnail","6":"product_cat-mahemarjad-ja-puuviljad","7":"product_shipping_class-kulmutatud-tooted","9":"first","10":"instock","11":"shipping-taxable","12":"purchasable","13":"product-type-variable"},"acf":[],"yoast_head":"<!-- This site is optimized with the Yoast SEO plugin v27.5 - https:\/\/yoast.com\/product\/yoast-seo-wordpress\/ -->\n<title>K\u00fclmutatud \u00f5unakuup LaFroza Bio | Mahe valik aastaringselt<\/title>\n<meta name=\"description\" content=\"K\u00fclmutatud \u00f5unakuup LaFroza Bio on mahetoode, mis sobib k\u00fcpsetistesse, magustoitudesse ja smuutidesse. Hea valik ka siis, kui v\u00e4rsket vilja pole v\u00f5tta.\" \/>\n<meta name=\"robots\" content=\"index, follow, max-snippet:-1, max-image-preview:large, max-video-preview:-1\" \/>\n<link rel=\"canonical\" href=\"https:\/\/lafroza.ee\/en\/product\/kulmutatud-ounakuup-lafroza-bio\/\" \/>\n<meta property=\"og:locale\" content=\"en_GB\" \/>\n<meta property=\"og:type\" content=\"article\" \/>\n<meta property=\"og:title\" content=\"K\u00fclmutatud \u00f5unakuup LaFroza Bio | Mahe valik aastaringselt\" \/>\n<meta property=\"og:description\" content=\"K\u00fclmutatud \u00f5unakuup LaFroza Bio on mahetoode, mis sobib k\u00fcpsetistesse, magustoitudesse ja smuutidesse. Hea valik ka siis, kui v\u00e4rsket vilja pole v\u00f5tta.\" \/>\n<meta property=\"og:url\" content=\"https:\/\/lafroza.ee\/en\/product\/kulmutatud-ounakuup-lafroza-bio\/\" \/>\n<meta property=\"og:site_name\" content=\"LaFroza\" \/>\n<meta property=\"article:modified_time\" content=\"2026-05-05T12:06:22+00:00\" \/>\n<meta property=\"og:image\" content=\"https:\/\/lafroza.ee\/wp-content\/uploads\/2025\/04\/oun.jpg\" \/>\n\t<meta property=\"og:image:width\" content=\"1200\" \/>\n\t<meta property=\"og:image:height\" content=\"1200\" \/>\n\t<meta property=\"og:image:type\" content=\"image\/jpeg\" \/>\n<meta name=\"twitter:card\" content=\"summary_large_image\" \/>\n<meta name=\"twitter:label1\" content=\"Estimated reading time\" \/>\n\t<meta name=\"twitter:data1\" content=\"1 minute\" \/>\n<script type=\"application\/ld+json\" class=\"yoast-schema-graph\">{\"@context\":\"https:\\\/\\\/schema.org\",\"@graph\":[{\"@type\":\"WebPage\",\"@id\":\"https:\\\/\\\/lafroza.ee\\\/toode\\\/kulmutatud-ounakuup-lafroza-bio\\\/\",\"url\":\"https:\\\/\\\/lafroza.ee\\\/toode\\\/kulmutatud-ounakuup-lafroza-bio\\\/\",\"name\":\"K\u00fclmutatud \u00f5unakuup LaFroza Bio | Mahe valik aastaringselt\",\"isPartOf\":{\"@id\":\"https:\\\/\\\/lafroza.ee\\\/#website\"},\"primaryImageOfPage\":{\"@id\":\"https:\\\/\\\/lafroza.ee\\\/toode\\\/kulmutatud-ounakuup-lafroza-bio\\\/#primaryimage\"},\"image\":{\"@id\":\"https:\\\/\\\/lafroza.ee\\\/toode\\\/kulmutatud-ounakuup-lafroza-bio\\\/#primaryimage\"},\"thumbnailUrl\":\"https:\\\/\\\/lafroza.ee\\\/wp-content\\\/uploads\\\/2025\\\/04\\\/oun.jpg\",\"datePublished\":\"2025-04-05T18:06:36+00:00\",\"dateModified\":\"2026-05-05T12:06:22+00:00\",\"description\":\"K\u00fclmutatud \u00f5unakuup LaFroza Bio on mahetoode, mis sobib k\u00fcpsetistesse, magustoitudesse ja smuutidesse. Hea valik ka siis, kui v\u00e4rsket vilja pole v\u00f5tta.\",\"breadcrumb\":{\"@id\":\"https:\\\/\\\/lafroza.ee\\\/toode\\\/kulmutatud-ounakuup-lafroza-bio\\\/#breadcrumb\"},\"inLanguage\":\"en-GB\",\"potentialAction\":[{\"@type\":\"ReadAction\",\"target\":[\"https:\\\/\\\/lafroza.ee\\\/toode\\\/kulmutatud-ounakuup-lafroza-bio\\\/\"]}]},{\"@type\":\"ImageObject\",\"inLanguage\":\"en-GB\",\"@id\":\"https:\\\/\\\/lafroza.ee\\\/toode\\\/kulmutatud-ounakuup-lafroza-bio\\\/#primaryimage\",\"url\":\"https:\\\/\\\/lafroza.ee\\\/wp-content\\\/uploads\\\/2025\\\/04\\\/oun.jpg\",\"contentUrl\":\"https:\\\/\\\/lafroza.ee\\\/wp-content\\\/uploads\\\/2025\\\/04\\\/oun.jpg\",\"width\":1200,\"height\":1200,\"caption\":\"K\u00fclmutatud \u00f5unakuup LaFroza Bio, mahe valik aastaringselt\"},{\"@type\":\"BreadcrumbList\",\"@id\":\"https:\\\/\\\/lafroza.ee\\\/toode\\\/kulmutatud-ounakuup-lafroza-bio\\\/#breadcrumb\",\"itemListElement\":[{\"@type\":\"ListItem\",\"position\":1,\"name\":\"Avaleht\",\"item\":\"https:\\\/\\\/lafroza.ee\\\/\"},{\"@type\":\"ListItem\",\"position\":2,\"name\":\"E-pood\",\"item\":\"https:\\\/\\\/lafroza.ee\\\/e-pood\\\/\"},{\"@type\":\"ListItem\",\"position\":3,\"name\":\"Mahetooted\",\"item\":\"https:\\\/\\\/lafroza.ee\\\/tootekategooria\\\/kulmutatud-mahetooted\\\/\"},{\"@type\":\"ListItem\",\"position\":4,\"name\":\"Marjad ja puuviljad\",\"item\":\"https:\\\/\\\/lafroza.ee\\\/tootekategooria\\\/kulmutatud-mahetooted\\\/mahemarjad-ja-puuviljad\\\/\"},{\"@type\":\"ListItem\",\"position\":5,\"name\":\"K\u00fclmutatud \u00f5unakuup, mahe\"}]},{\"@type\":\"WebSite\",\"@id\":\"https:\\\/\\\/lafroza.ee\\\/#website\",\"url\":\"https:\\\/\\\/lafroza.ee\\\/\",\"name\":\"LaFroza\",\"description\":\"\",\"publisher\":{\"@id\":\"https:\\\/\\\/lafroza.ee\\\/#organization\"},\"potentialAction\":[{\"@type\":\"SearchAction\",\"target\":{\"@type\":\"EntryPoint\",\"urlTemplate\":\"https:\\\/\\\/lafroza.ee\\\/?s={search_term_string}\"},\"query-input\":{\"@type\":\"PropertyValueSpecification\",\"valueRequired\":true,\"valueName\":\"search_term_string\"}}],\"inLanguage\":\"en-GB\"},{\"@type\":\"Organization\",\"@id\":\"https:\\\/\\\/lafroza.ee\\\/#organization\",\"name\":\"LaFroza\",\"alternateName\":\"BerryFood O\u00dc\",\"url\":\"https:\\\/\\\/lafroza.ee\\\/\",\"logo\":{\"@type\":\"ImageObject\",\"inLanguage\":\"en-GB\",\"@id\":\"https:\\\/\\\/lafroza.ee\\\/#\\\/schema\\\/logo\\\/image\\\/\",\"url\":\"https:\\\/\\\/lafroza.ee\\\/wp-content\\\/uploads\\\/2025\\\/02\\\/logo.svg\",\"contentUrl\":\"https:\\\/\\\/lafroza.ee\\\/wp-content\\\/uploads\\\/2025\\\/02\\\/logo.svg\",\"width\":238,\"height\":96,\"caption\":\"LaFroza\"},\"image\":{\"@id\":\"https:\\\/\\\/lafroza.ee\\\/#\\\/schema\\\/logo\\\/image\\\/\"}}]}<\/script>\n<!-- \/ Yoast SEO plugin. -->","yoast_head_json":{"title":"K\u00fclmutatud \u00f5unakuup LaFroza Bio | Mahe valik aastaringselt","description":"K\u00fclmutatud \u00f5unakuup LaFroza Bio on mahetoode, mis sobib k\u00fcpsetistesse, magustoitudesse ja smuutidesse. Hea valik ka siis, kui v\u00e4rsket vilja pole v\u00f5tta.","robots":{"index":"index","follow":"follow","max-snippet":"max-snippet:-1","max-image-preview":"max-image-preview:large","max-video-preview":"max-video-preview:-1"},"canonical":"https:\/\/lafroza.ee\/en\/product\/kulmutatud-ounakuup-lafroza-bio\/","og_locale":"en_GB","og_type":"article","og_title":"K\u00fclmutatud \u00f5unakuup LaFroza Bio | Mahe valik aastaringselt","og_description":"K\u00fclmutatud \u00f5unakuup LaFroza Bio on mahetoode, mis sobib k\u00fcpsetistesse, magustoitudesse ja smuutidesse. Hea valik ka siis, kui v\u00e4rsket vilja pole v\u00f5tta.","og_url":"https:\/\/lafroza.ee\/en\/product\/kulmutatud-ounakuup-lafroza-bio\/","og_site_name":"LaFroza","article_modified_time":"2026-05-05T12:06:22+00:00","og_image":[{"width":1200,"height":1200,"url":"https:\/\/lafroza.ee\/wp-content\/uploads\/2025\/04\/oun.jpg","type":"image\/jpeg"}],"twitter_card":"summary_large_image","twitter_misc":{"Estimated reading time":"1 minute"},"schema":{"@context":"https:\/\/schema.org","@graph":[{"@type":"WebPage","@id":"https:\/\/lafroza.ee\/toode\/kulmutatud-ounakuup-lafroza-bio\/","url":"https:\/\/lafroza.ee\/toode\/kulmutatud-ounakuup-lafroza-bio\/","name":"K\u00fclmutatud \u00f5unakuup LaFroza Bio | Mahe valik aastaringselt","isPartOf":{"@id":"https:\/\/lafroza.ee\/#website"},"primaryImageOfPage":{"@id":"https:\/\/lafroza.ee\/toode\/kulmutatud-ounakuup-lafroza-bio\/#primaryimage"},"image":{"@id":"https:\/\/lafroza.ee\/toode\/kulmutatud-ounakuup-lafroza-bio\/#primaryimage"},"thumbnailUrl":"https:\/\/lafroza.ee\/wp-content\/uploads\/2025\/04\/oun.jpg","datePublished":"2025-04-05T18:06:36+00:00","dateModified":"2026-05-05T12:06:22+00:00","description":"K\u00fclmutatud \u00f5unakuup LaFroza Bio on mahetoode, mis sobib k\u00fcpsetistesse, magustoitudesse ja smuutidesse. Hea valik ka siis, kui v\u00e4rsket vilja pole v\u00f5tta.","breadcrumb":{"@id":"https:\/\/lafroza.ee\/toode\/kulmutatud-ounakuup-lafroza-bio\/#breadcrumb"},"inLanguage":"en-GB","potentialAction":[{"@type":"ReadAction","target":["https:\/\/lafroza.ee\/toode\/kulmutatud-ounakuup-lafroza-bio\/"]}]},{"@type":"ImageObject","inLanguage":"en-GB","@id":"https:\/\/lafroza.ee\/toode\/kulmutatud-ounakuup-lafroza-bio\/#primaryimage","url":"https:\/\/lafroza.ee\/wp-content\/uploads\/2025\/04\/oun.jpg","contentUrl":"https:\/\/lafroza.ee\/wp-content\/uploads\/2025\/04\/oun.jpg","width":1200,"height":1200,"caption":"K\u00fclmutatud \u00f5unakuup LaFroza Bio, mahe valik aastaringselt"},{"@type":"BreadcrumbList","@id":"https:\/\/lafroza.ee\/toode\/kulmutatud-ounakuup-lafroza-bio\/#breadcrumb","itemListElement":[{"@type":"ListItem","position":1,"name":"Avaleht","item":"https:\/\/lafroza.ee\/"},{"@type":"ListItem","position":2,"name":"E-pood","item":"https:\/\/lafroza.ee\/e-pood\/"},{"@type":"ListItem","position":3,"name":"Mahetooted","item":"https:\/\/lafroza.ee\/tootekategooria\/kulmutatud-mahetooted\/"},{"@type":"ListItem","position":4,"name":"Marjad ja puuviljad","item":"https:\/\/lafroza.ee\/tootekategooria\/kulmutatud-mahetooted\/mahemarjad-ja-puuviljad\/"},{"@type":"ListItem","position":5,"name":"K\u00fclmutatud \u00f5unakuup, mahe"}]},{"@type":"WebSite","@id":"https:\/\/lafroza.ee\/#website","url":"https:\/\/lafroza.ee\/","name":"LaFroza","description":"","publisher":{"@id":"https:\/\/lafroza.ee\/#organization"},"potentialAction":[{"@type":"SearchAction","target":{"@type":"EntryPoint","urlTemplate":"https:\/\/lafroza.ee\/?s={search_term_string}"},"query-input":{"@type":"PropertyValueSpecification","valueRequired":true,"valueName":"search_term_string"}}],"inLanguage":"en-GB"},{"@type":"Organization","@id":"https:\/\/lafroza.ee\/#organization","name":"LaFroza","alternateName":"BerryFood O\u00dc","url":"https:\/\/lafroza.ee\/","logo":{"@type":"ImageObject","inLanguage":"en-GB","@id":"https:\/\/lafroza.ee\/#\/schema\/logo\/image\/","url":"https:\/\/lafroza.ee\/wp-content\/uploads\/2025\/02\/logo.svg","contentUrl":"https:\/\/lafroza.ee\/wp-content\/uploads\/2025\/02\/logo.svg","width":238,"height":96,"caption":"LaFroza"},"image":{"@id":"https:\/\/lafroza.ee\/#\/schema\/logo\/image\/"}}]}},"_links":{"self":[{"href":"https:\/\/lafroza.ee\/en\/wp-json\/wp\/v2\/product\/1465","targetHints":{"allow":["GET"]}}],"collection":[{"href":"https:\/\/lafroza.ee\/en\/wp-json\/wp\/v2\/product"}],"about":[{"href":"https:\/\/lafroza.ee\/en\/wp-json\/wp\/v2\/types\/product"}],"replies":[{"embeddable":true,"href":"https:\/\/lafroza.ee\/en\/wp-json\/wp\/v2\/comments?post=1465"}],"wp:featuredmedia":[{"embeddable":true,"href":"https:\/\/lafroza.ee\/en\/wp-json\/wp\/v2\/media\/2927"}],"wp:attachment":[{"href":"https:\/\/lafroza.ee\/en\/wp-json\/wp\/v2\/media?parent=1465"}],"wp:term":[{"taxonomy":"product_brand","embeddable":true,"href":"https:\/\/lafroza.ee\/en\/wp-json\/wp\/v2\/product_brand?post=1465"},{"taxonomy":"product_cat","embeddable":true,"href":"https:\/\/lafroza.ee\/en\/wp-json\/wp\/v2\/product_cat?post=1465"},{"taxonomy":"product_tag","embeddable":true,"href":"https:\/\/lafroza.ee\/en\/wp-json\/wp\/v2\/product_tag?post=1465"}],"curies":[{"name":"wp","href":"https:\/\/api.w.org\/{rel}","templated":true}]}}