{"id":1369,"date":"2025-04-05T19:23:27","date_gmt":"2025-04-05T17:23:27","guid":{"rendered":"https:\/\/lafroza.ee\/?post_type=product&#038;p=1369"},"modified":"2026-04-28T08:49:19","modified_gmt":"2026-04-28T06:49:19","slug":"kulmutatud-granaatouna-seemned","status":"publish","type":"product","link":"https:\/\/lafroza.ee\/en\/product\/kulmutatud-granaatouna-seemned\/","title":{"rendered":"Frozen Pomegranate Seeds"},"content":{"rendered":"","protected":false},"excerpt":{"rendered":"<p data-start=\"0\" data-end=\"247\">Pomegranate seeds are naturally rich in antioxidants and add vibrant colour and a fresh tart flavour to dishes. They are perfect for salads, yoghurt, smoothies or as a garnish for desserts.<\/p>\n<p data-start=\"249\" data-end=\"339\" data-is-last-node=\"\" data-is-only-node=\"\">Quick freezing helps preserve the natural nutrients of pomegranate seeds, ensuring availability regardless of the season.<\/p>","protected":false},"featured_media":2360,"comment_status":"closed","ping_status":"closed","template":"","meta":{"_acf_changed":false},"product_brand":[],"product_cat":[213],"product_tag":[],"class_list":{"0":"post-1369","1":"product","2":"type-product","3":"status-publish","4":"has-post-thumbnail","6":"product_cat-kulmutatud-marjad-ja-puuviljad-lafroza","7":"product_shipping_class-kulmutatud-tooted","9":"first","10":"instock","11":"shipping-taxable","12":"purchasable","13":"product-type-variable"},"acf":[],"yoast_head":"<!-- This site is optimized with the Yoast SEO plugin v27.5 - https:\/\/yoast.com\/product\/yoast-seo-wordpress\/ -->\n<title>K\u00fclmutatud granaat\u00f5una seemned LaFroza | Tervislik valik aastarini<\/title>\n<meta name=\"description\" content=\"LaFroza k\u00fclmutatud granaat\u00f5una seemned sobivad salatitesse, smuutidesse ja magustoitudesse \u2013 erksa maitse ja kerge hapukus igasse ampsu.\" \/>\n<meta name=\"robots\" content=\"index, follow, max-snippet:-1, max-image-preview:large, max-video-preview:-1\" \/>\n<link rel=\"canonical\" href=\"https:\/\/lafroza.ee\/en\/product\/kulmutatud-granaatouna-seemned\/\" \/>\n<meta property=\"og:locale\" content=\"en_GB\" \/>\n<meta property=\"og:type\" content=\"article\" \/>\n<meta property=\"og:title\" content=\"K\u00fclmutatud granaat\u00f5una seemned LaFroza | Tervislik valik aastarini\" \/>\n<meta property=\"og:description\" content=\"LaFroza k\u00fclmutatud granaat\u00f5una seemned sobivad salatitesse, smuutidesse ja magustoitudesse \u2013 erksa maitse ja kerge hapukus igasse ampsu.\" \/>\n<meta property=\"og:url\" content=\"https:\/\/lafroza.ee\/en\/product\/kulmutatud-granaatouna-seemned\/\" \/>\n<meta property=\"og:site_name\" content=\"LaFroza\" \/>\n<meta property=\"article:modified_time\" content=\"2026-04-28T06:49:19+00:00\" \/>\n<meta property=\"og:image\" content=\"https:\/\/lafroza.ee\/wp-content\/uploads\/2025\/04\/Granaatouna-seemned-scaled.jpg\" \/>\n\t<meta property=\"og:image:width\" content=\"2560\" \/>\n\t<meta property=\"og:image:height\" content=\"2560\" \/>\n\t<meta property=\"og:image:type\" content=\"image\/jpeg\" \/>\n<meta name=\"twitter:card\" content=\"summary_large_image\" \/>\n<meta name=\"twitter:label1\" content=\"Estimated reading time\" \/>\n\t<meta name=\"twitter:data1\" content=\"1 minute\" \/>\n<script type=\"application\/ld+json\" class=\"yoast-schema-graph\">{\"@context\":\"https:\\\/\\\/schema.org\",\"@graph\":[{\"@type\":\"WebPage\",\"@id\":\"https:\\\/\\\/lafroza.ee\\\/toode\\\/kulmutatud-granaatouna-seemned\\\/\",\"url\":\"https:\\\/\\\/lafroza.ee\\\/toode\\\/kulmutatud-granaatouna-seemned\\\/\",\"name\":\"K\u00fclmutatud granaat\u00f5una seemned LaFroza | Tervislik valik aastarini\",\"isPartOf\":{\"@id\":\"https:\\\/\\\/lafroza.ee\\\/#website\"},\"primaryImageOfPage\":{\"@id\":\"https:\\\/\\\/lafroza.ee\\\/toode\\\/kulmutatud-granaatouna-seemned\\\/#primaryimage\"},\"image\":{\"@id\":\"https:\\\/\\\/lafroza.ee\\\/toode\\\/kulmutatud-granaatouna-seemned\\\/#primaryimage\"},\"thumbnailUrl\":\"https:\\\/\\\/lafroza.ee\\\/wp-content\\\/uploads\\\/2025\\\/04\\\/Granaatouna-seemned-scaled.jpg\",\"datePublished\":\"2025-04-05T17:23:27+00:00\",\"dateModified\":\"2026-04-28T06:49:19+00:00\",\"description\":\"LaFroza k\u00fclmutatud granaat\u00f5una seemned sobivad salatitesse, smuutidesse ja magustoitudesse \u2013 erksa maitse ja kerge hapukus igasse ampsu.\",\"breadcrumb\":{\"@id\":\"https:\\\/\\\/lafroza.ee\\\/toode\\\/kulmutatud-granaatouna-seemned\\\/#breadcrumb\"},\"inLanguage\":\"en-GB\",\"potentialAction\":[{\"@type\":\"ReadAction\",\"target\":[\"https:\\\/\\\/lafroza.ee\\\/toode\\\/kulmutatud-granaatouna-seemned\\\/\"]}]},{\"@type\":\"ImageObject\",\"inLanguage\":\"en-GB\",\"@id\":\"https:\\\/\\\/lafroza.ee\\\/toode\\\/kulmutatud-granaatouna-seemned\\\/#primaryimage\",\"url\":\"https:\\\/\\\/lafroza.ee\\\/wp-content\\\/uploads\\\/2025\\\/04\\\/Granaatouna-seemned-scaled.jpg\",\"contentUrl\":\"https:\\\/\\\/lafroza.ee\\\/wp-content\\\/uploads\\\/2025\\\/04\\\/Granaatouna-seemned-scaled.jpg\",\"width\":2560,\"height\":2560,\"caption\":\"LaFroza k\u00fclmutatud granaat\u00f5una seemned\"},{\"@type\":\"BreadcrumbList\",\"@id\":\"https:\\\/\\\/lafroza.ee\\\/toode\\\/kulmutatud-granaatouna-seemned\\\/#breadcrumb\",\"itemListElement\":[{\"@type\":\"ListItem\",\"position\":1,\"name\":\"Avaleht\",\"item\":\"https:\\\/\\\/lafroza.ee\\\/\"},{\"@type\":\"ListItem\",\"position\":2,\"name\":\"E-pood\",\"item\":\"https:\\\/\\\/lafroza.ee\\\/e-pood\\\/\"},{\"@type\":\"ListItem\",\"position\":3,\"name\":\"Marjad ja puuviljad\",\"item\":\"https:\\\/\\\/lafroza.ee\\\/tootekategooria\\\/kulmutatud-marjad-ja-puuviljad-lafroza\\\/\"},{\"@type\":\"ListItem\",\"position\":4,\"name\":\"K\u00fclmutatud granaat\u00f5una seemned\"}]},{\"@type\":\"WebSite\",\"@id\":\"https:\\\/\\\/lafroza.ee\\\/#website\",\"url\":\"https:\\\/\\\/lafroza.ee\\\/\",\"name\":\"LaFroza\",\"description\":\"\",\"publisher\":{\"@id\":\"https:\\\/\\\/lafroza.ee\\\/#organization\"},\"potentialAction\":[{\"@type\":\"SearchAction\",\"target\":{\"@type\":\"EntryPoint\",\"urlTemplate\":\"https:\\\/\\\/lafroza.ee\\\/?s={search_term_string}\"},\"query-input\":{\"@type\":\"PropertyValueSpecification\",\"valueRequired\":true,\"valueName\":\"search_term_string\"}}],\"inLanguage\":\"en-GB\"},{\"@type\":\"Organization\",\"@id\":\"https:\\\/\\\/lafroza.ee\\\/#organization\",\"name\":\"LaFroza\",\"alternateName\":\"BerryFood O\u00dc\",\"url\":\"https:\\\/\\\/lafroza.ee\\\/\",\"logo\":{\"@type\":\"ImageObject\",\"inLanguage\":\"en-GB\",\"@id\":\"https:\\\/\\\/lafroza.ee\\\/#\\\/schema\\\/logo\\\/image\\\/\",\"url\":\"https:\\\/\\\/lafroza.ee\\\/wp-content\\\/uploads\\\/2025\\\/02\\\/logo.svg\",\"contentUrl\":\"https:\\\/\\\/lafroza.ee\\\/wp-content\\\/uploads\\\/2025\\\/02\\\/logo.svg\",\"width\":238,\"height\":96,\"caption\":\"LaFroza\"},\"image\":{\"@id\":\"https:\\\/\\\/lafroza.ee\\\/#\\\/schema\\\/logo\\\/image\\\/\"}}]}<\/script>\n<!-- \/ Yoast SEO plugin. -->","yoast_head_json":{"title":"K\u00fclmutatud granaat\u00f5una seemned LaFroza | Tervislik valik aastarini","description":"LaFroza k\u00fclmutatud granaat\u00f5una seemned sobivad salatitesse, smuutidesse ja magustoitudesse \u2013 erksa maitse ja kerge hapukus igasse ampsu.","robots":{"index":"index","follow":"follow","max-snippet":"max-snippet:-1","max-image-preview":"max-image-preview:large","max-video-preview":"max-video-preview:-1"},"canonical":"https:\/\/lafroza.ee\/en\/product\/kulmutatud-granaatouna-seemned\/","og_locale":"en_GB","og_type":"article","og_title":"K\u00fclmutatud granaat\u00f5una seemned LaFroza | Tervislik valik aastarini","og_description":"LaFroza k\u00fclmutatud granaat\u00f5una seemned sobivad salatitesse, smuutidesse ja magustoitudesse \u2013 erksa maitse ja kerge hapukus igasse ampsu.","og_url":"https:\/\/lafroza.ee\/en\/product\/kulmutatud-granaatouna-seemned\/","og_site_name":"LaFroza","article_modified_time":"2026-04-28T06:49:19+00:00","og_image":[{"width":2560,"height":2560,"url":"https:\/\/lafroza.ee\/wp-content\/uploads\/2025\/04\/Granaatouna-seemned-scaled.jpg","type":"image\/jpeg"}],"twitter_card":"summary_large_image","twitter_misc":{"Estimated reading time":"1 minute"},"schema":{"@context":"https:\/\/schema.org","@graph":[{"@type":"WebPage","@id":"https:\/\/lafroza.ee\/toode\/kulmutatud-granaatouna-seemned\/","url":"https:\/\/lafroza.ee\/toode\/kulmutatud-granaatouna-seemned\/","name":"K\u00fclmutatud granaat\u00f5una seemned LaFroza | Tervislik valik aastarini","isPartOf":{"@id":"https:\/\/lafroza.ee\/#website"},"primaryImageOfPage":{"@id":"https:\/\/lafroza.ee\/toode\/kulmutatud-granaatouna-seemned\/#primaryimage"},"image":{"@id":"https:\/\/lafroza.ee\/toode\/kulmutatud-granaatouna-seemned\/#primaryimage"},"thumbnailUrl":"https:\/\/lafroza.ee\/wp-content\/uploads\/2025\/04\/Granaatouna-seemned-scaled.jpg","datePublished":"2025-04-05T17:23:27+00:00","dateModified":"2026-04-28T06:49:19+00:00","description":"LaFroza k\u00fclmutatud granaat\u00f5una seemned sobivad salatitesse, smuutidesse ja magustoitudesse \u2013 erksa maitse ja kerge hapukus igasse ampsu.","breadcrumb":{"@id":"https:\/\/lafroza.ee\/toode\/kulmutatud-granaatouna-seemned\/#breadcrumb"},"inLanguage":"en-GB","potentialAction":[{"@type":"ReadAction","target":["https:\/\/lafroza.ee\/toode\/kulmutatud-granaatouna-seemned\/"]}]},{"@type":"ImageObject","inLanguage":"en-GB","@id":"https:\/\/lafroza.ee\/toode\/kulmutatud-granaatouna-seemned\/#primaryimage","url":"https:\/\/lafroza.ee\/wp-content\/uploads\/2025\/04\/Granaatouna-seemned-scaled.jpg","contentUrl":"https:\/\/lafroza.ee\/wp-content\/uploads\/2025\/04\/Granaatouna-seemned-scaled.jpg","width":2560,"height":2560,"caption":"LaFroza k\u00fclmutatud granaat\u00f5una seemned"},{"@type":"BreadcrumbList","@id":"https:\/\/lafroza.ee\/toode\/kulmutatud-granaatouna-seemned\/#breadcrumb","itemListElement":[{"@type":"ListItem","position":1,"name":"Avaleht","item":"https:\/\/lafroza.ee\/"},{"@type":"ListItem","position":2,"name":"E-pood","item":"https:\/\/lafroza.ee\/e-pood\/"},{"@type":"ListItem","position":3,"name":"Marjad ja puuviljad","item":"https:\/\/lafroza.ee\/tootekategooria\/kulmutatud-marjad-ja-puuviljad-lafroza\/"},{"@type":"ListItem","position":4,"name":"K\u00fclmutatud granaat\u00f5una seemned"}]},{"@type":"WebSite","@id":"https:\/\/lafroza.ee\/#website","url":"https:\/\/lafroza.ee\/","name":"LaFroza","description":"","publisher":{"@id":"https:\/\/lafroza.ee\/#organization"},"potentialAction":[{"@type":"SearchAction","target":{"@type":"EntryPoint","urlTemplate":"https:\/\/lafroza.ee\/?s={search_term_string}"},"query-input":{"@type":"PropertyValueSpecification","valueRequired":true,"valueName":"search_term_string"}}],"inLanguage":"en-GB"},{"@type":"Organization","@id":"https:\/\/lafroza.ee\/#organization","name":"LaFroza","alternateName":"BerryFood O\u00dc","url":"https:\/\/lafroza.ee\/","logo":{"@type":"ImageObject","inLanguage":"en-GB","@id":"https:\/\/lafroza.ee\/#\/schema\/logo\/image\/","url":"https:\/\/lafroza.ee\/wp-content\/uploads\/2025\/02\/logo.svg","contentUrl":"https:\/\/lafroza.ee\/wp-content\/uploads\/2025\/02\/logo.svg","width":238,"height":96,"caption":"LaFroza"},"image":{"@id":"https:\/\/lafroza.ee\/#\/schema\/logo\/image\/"}}]}},"_links":{"self":[{"href":"https:\/\/lafroza.ee\/en\/wp-json\/wp\/v2\/product\/1369","targetHints":{"allow":["GET"]}}],"collection":[{"href":"https:\/\/lafroza.ee\/en\/wp-json\/wp\/v2\/product"}],"about":[{"href":"https:\/\/lafroza.ee\/en\/wp-json\/wp\/v2\/types\/product"}],"replies":[{"embeddable":true,"href":"https:\/\/lafroza.ee\/en\/wp-json\/wp\/v2\/comments?post=1369"}],"wp:featuredmedia":[{"embeddable":true,"href":"https:\/\/lafroza.ee\/en\/wp-json\/wp\/v2\/media\/2360"}],"wp:attachment":[{"href":"https:\/\/lafroza.ee\/en\/wp-json\/wp\/v2\/media?parent=1369"}],"wp:term":[{"taxonomy":"product_brand","embeddable":true,"href":"https:\/\/lafroza.ee\/en\/wp-json\/wp\/v2\/product_brand?post=1369"},{"taxonomy":"product_cat","embeddable":true,"href":"https:\/\/lafroza.ee\/en\/wp-json\/wp\/v2\/product_cat?post=1369"},{"taxonomy":"product_tag","embeddable":true,"href":"https:\/\/lafroza.ee\/en\/wp-json\/wp\/v2\/product_tag?post=1369"}],"curies":[{"name":"wp","href":"https:\/\/api.w.org\/{rel}","templated":true}]}}