{"id":1360,"date":"2025-04-05T19:23:08","date_gmt":"2025-04-05T17:23:08","guid":{"rendered":"https:\/\/lafroza.ee\/?post_type=product&#038;p=1360"},"modified":"2025-10-07T09:23:23","modified_gmt":"2025-10-07T07:23:23","slug":"kulmutatud-aeduba","status":"publish","type":"product","link":"https:\/\/lafroza.ee\/en\/product\/kulmutatud-aeduba\/","title":{"rendered":"Frozen Green Beans"},"content":{"rendered":"","protected":false},"excerpt":{"rendered":"<p>Green bean, also known as Turkish bean, is valued for its slightly nutty flavor and crunchy texture. It has been cultivated for centuries and is an integral ingredient in many traditional cuisines.<\/p>\n<p>LaFroza green beans are well suited for both spicier and milder dishes \u2013 for example, in stir-fries, soups, or on the pan with other vegetables. Quick freezing helps preserve the green bean\u2019s natural and beneficial nutrients, ensuring availability regardless of the season.<\/p>","protected":false},"featured_media":2202,"comment_status":"closed","ping_status":"closed","template":"","meta":{"_acf_changed":false},"product_brand":[],"product_cat":[214],"product_tag":[],"class_list":{"0":"post-1360","1":"product","2":"type-product","3":"status-publish","4":"has-post-thumbnail","6":"product_cat-kulmutatud-koogiviljad-ja-seened","7":"product_shipping_class-kulmutatud-tooted","9":"first","10":"instock","11":"shipping-taxable","12":"purchasable","13":"product-type-variable"},"acf":[],"yoast_head":"<!-- This site is optimized with the Yoast SEO plugin v27.5 - https:\/\/yoast.com\/product\/yoast-seo-wordpress\/ -->\n<title>K\u00fclmutatud aeduba LaFroza | Tervislik valik aastaringselt<\/title>\n<meta name=\"description\" content=\"LaFroza k\u00fclmutatud aeduba sobib h\u00e4sti suppidesse, hautistesse v\u00f5i panniroogadesse \u2013 maheda maitse ja ilusa rohelise tooniga klassikaline k\u00f6\u00f6giviljalisand.\" \/>\n<meta name=\"robots\" content=\"index, follow, max-snippet:-1, max-image-preview:large, max-video-preview:-1\" \/>\n<link rel=\"canonical\" href=\"https:\/\/lafroza.ee\/en\/product\/kulmutatud-aeduba\/\" \/>\n<meta property=\"og:locale\" content=\"en_GB\" \/>\n<meta property=\"og:type\" content=\"article\" \/>\n<meta property=\"og:title\" content=\"K\u00fclmutatud aeduba LaFroza | Tervislik valik aastaringselt\" \/>\n<meta property=\"og:description\" content=\"LaFroza k\u00fclmutatud aeduba sobib h\u00e4sti suppidesse, hautistesse v\u00f5i panniroogadesse \u2013 maheda maitse ja ilusa rohelise tooniga klassikaline k\u00f6\u00f6giviljalisand.\" \/>\n<meta property=\"og:url\" content=\"https:\/\/lafroza.ee\/en\/product\/kulmutatud-aeduba\/\" \/>\n<meta property=\"og:site_name\" content=\"LaFroza\" \/>\n<meta property=\"article:modified_time\" content=\"2025-10-07T07:23:23+00:00\" \/>\n<meta property=\"og:image\" content=\"https:\/\/lafroza.ee\/wp-content\/uploads\/2025\/04\/Aeduba-2-scaled.jpg\" \/>\n\t<meta property=\"og:image:width\" content=\"2560\" \/>\n\t<meta property=\"og:image:height\" content=\"2560\" \/>\n\t<meta property=\"og:image:type\" content=\"image\/jpeg\" \/>\n<meta name=\"twitter:card\" content=\"summary_large_image\" \/>\n<meta name=\"twitter:label1\" content=\"Estimated reading time\" \/>\n\t<meta name=\"twitter:data1\" content=\"1 minute\" \/>\n<script type=\"application\/ld+json\" class=\"yoast-schema-graph\">{\"@context\":\"https:\\\/\\\/schema.org\",\"@graph\":[{\"@type\":\"WebPage\",\"@id\":\"https:\\\/\\\/lafroza.ee\\\/toode\\\/kulmutatud-aeduba\\\/\",\"url\":\"https:\\\/\\\/lafroza.ee\\\/toode\\\/kulmutatud-aeduba\\\/\",\"name\":\"K\u00fclmutatud aeduba LaFroza | Tervislik valik aastaringselt\",\"isPartOf\":{\"@id\":\"https:\\\/\\\/lafroza.ee\\\/#website\"},\"primaryImageOfPage\":{\"@id\":\"https:\\\/\\\/lafroza.ee\\\/toode\\\/kulmutatud-aeduba\\\/#primaryimage\"},\"image\":{\"@id\":\"https:\\\/\\\/lafroza.ee\\\/toode\\\/kulmutatud-aeduba\\\/#primaryimage\"},\"thumbnailUrl\":\"https:\\\/\\\/lafroza.ee\\\/wp-content\\\/uploads\\\/2025\\\/04\\\/Aeduba-2-scaled.jpg\",\"datePublished\":\"2025-04-05T17:23:08+00:00\",\"dateModified\":\"2025-10-07T07:23:23+00:00\",\"description\":\"LaFroza k\u00fclmutatud aeduba sobib h\u00e4sti suppidesse, hautistesse v\u00f5i panniroogadesse \u2013 maheda maitse ja ilusa rohelise tooniga klassikaline k\u00f6\u00f6giviljalisand.\",\"breadcrumb\":{\"@id\":\"https:\\\/\\\/lafroza.ee\\\/toode\\\/kulmutatud-aeduba\\\/#breadcrumb\"},\"inLanguage\":\"en-GB\",\"potentialAction\":[{\"@type\":\"ReadAction\",\"target\":[\"https:\\\/\\\/lafroza.ee\\\/toode\\\/kulmutatud-aeduba\\\/\"]}]},{\"@type\":\"ImageObject\",\"inLanguage\":\"en-GB\",\"@id\":\"https:\\\/\\\/lafroza.ee\\\/toode\\\/kulmutatud-aeduba\\\/#primaryimage\",\"url\":\"https:\\\/\\\/lafroza.ee\\\/wp-content\\\/uploads\\\/2025\\\/04\\\/Aeduba-2-scaled.jpg\",\"contentUrl\":\"https:\\\/\\\/lafroza.ee\\\/wp-content\\\/uploads\\\/2025\\\/04\\\/Aeduba-2-scaled.jpg\",\"width\":2560,\"height\":2560,\"caption\":\"LaFroza k\u00fclmutatud aeduba\"},{\"@type\":\"BreadcrumbList\",\"@id\":\"https:\\\/\\\/lafroza.ee\\\/toode\\\/kulmutatud-aeduba\\\/#breadcrumb\",\"itemListElement\":[{\"@type\":\"ListItem\",\"position\":1,\"name\":\"Avaleht\",\"item\":\"https:\\\/\\\/lafroza.ee\\\/\"},{\"@type\":\"ListItem\",\"position\":2,\"name\":\"E-pood\",\"item\":\"https:\\\/\\\/lafroza.ee\\\/e-pood\\\/\"},{\"@type\":\"ListItem\",\"position\":3,\"name\":\"Aedviljad ja seened\",\"item\":\"https:\\\/\\\/lafroza.ee\\\/tootekategooria\\\/kulmutatud-koogiviljad-ja-seened\\\/\"},{\"@type\":\"ListItem\",\"position\":4,\"name\":\"K\u00fclmutatud aeduba\"}]},{\"@type\":\"WebSite\",\"@id\":\"https:\\\/\\\/lafroza.ee\\\/#website\",\"url\":\"https:\\\/\\\/lafroza.ee\\\/\",\"name\":\"LaFroza\",\"description\":\"\",\"publisher\":{\"@id\":\"https:\\\/\\\/lafroza.ee\\\/#organization\"},\"potentialAction\":[{\"@type\":\"SearchAction\",\"target\":{\"@type\":\"EntryPoint\",\"urlTemplate\":\"https:\\\/\\\/lafroza.ee\\\/?s={search_term_string}\"},\"query-input\":{\"@type\":\"PropertyValueSpecification\",\"valueRequired\":true,\"valueName\":\"search_term_string\"}}],\"inLanguage\":\"en-GB\"},{\"@type\":\"Organization\",\"@id\":\"https:\\\/\\\/lafroza.ee\\\/#organization\",\"name\":\"LaFroza\",\"alternateName\":\"BerryFood O\u00dc\",\"url\":\"https:\\\/\\\/lafroza.ee\\\/\",\"logo\":{\"@type\":\"ImageObject\",\"inLanguage\":\"en-GB\",\"@id\":\"https:\\\/\\\/lafroza.ee\\\/#\\\/schema\\\/logo\\\/image\\\/\",\"url\":\"https:\\\/\\\/lafroza.ee\\\/wp-content\\\/uploads\\\/2025\\\/02\\\/logo.svg\",\"contentUrl\":\"https:\\\/\\\/lafroza.ee\\\/wp-content\\\/uploads\\\/2025\\\/02\\\/logo.svg\",\"width\":238,\"height\":96,\"caption\":\"LaFroza\"},\"image\":{\"@id\":\"https:\\\/\\\/lafroza.ee\\\/#\\\/schema\\\/logo\\\/image\\\/\"}}]}<\/script>\n<!-- \/ Yoast SEO plugin. -->","yoast_head_json":{"title":"K\u00fclmutatud aeduba LaFroza | Tervislik valik aastaringselt","description":"LaFroza k\u00fclmutatud aeduba sobib h\u00e4sti suppidesse, hautistesse v\u00f5i panniroogadesse \u2013 maheda maitse ja ilusa rohelise tooniga klassikaline k\u00f6\u00f6giviljalisand.","robots":{"index":"index","follow":"follow","max-snippet":"max-snippet:-1","max-image-preview":"max-image-preview:large","max-video-preview":"max-video-preview:-1"},"canonical":"https:\/\/lafroza.ee\/en\/product\/kulmutatud-aeduba\/","og_locale":"en_GB","og_type":"article","og_title":"K\u00fclmutatud aeduba LaFroza | Tervislik valik aastaringselt","og_description":"LaFroza k\u00fclmutatud aeduba sobib h\u00e4sti suppidesse, hautistesse v\u00f5i panniroogadesse \u2013 maheda maitse ja ilusa rohelise tooniga klassikaline k\u00f6\u00f6giviljalisand.","og_url":"https:\/\/lafroza.ee\/en\/product\/kulmutatud-aeduba\/","og_site_name":"LaFroza","article_modified_time":"2025-10-07T07:23:23+00:00","og_image":[{"width":2560,"height":2560,"url":"https:\/\/lafroza.ee\/wp-content\/uploads\/2025\/04\/Aeduba-2-scaled.jpg","type":"image\/jpeg"}],"twitter_card":"summary_large_image","twitter_misc":{"Estimated reading time":"1 minute"},"schema":{"@context":"https:\/\/schema.org","@graph":[{"@type":"WebPage","@id":"https:\/\/lafroza.ee\/toode\/kulmutatud-aeduba\/","url":"https:\/\/lafroza.ee\/toode\/kulmutatud-aeduba\/","name":"K\u00fclmutatud aeduba LaFroza | Tervislik valik aastaringselt","isPartOf":{"@id":"https:\/\/lafroza.ee\/#website"},"primaryImageOfPage":{"@id":"https:\/\/lafroza.ee\/toode\/kulmutatud-aeduba\/#primaryimage"},"image":{"@id":"https:\/\/lafroza.ee\/toode\/kulmutatud-aeduba\/#primaryimage"},"thumbnailUrl":"https:\/\/lafroza.ee\/wp-content\/uploads\/2025\/04\/Aeduba-2-scaled.jpg","datePublished":"2025-04-05T17:23:08+00:00","dateModified":"2025-10-07T07:23:23+00:00","description":"LaFroza k\u00fclmutatud aeduba sobib h\u00e4sti suppidesse, hautistesse v\u00f5i panniroogadesse \u2013 maheda maitse ja ilusa rohelise tooniga klassikaline k\u00f6\u00f6giviljalisand.","breadcrumb":{"@id":"https:\/\/lafroza.ee\/toode\/kulmutatud-aeduba\/#breadcrumb"},"inLanguage":"en-GB","potentialAction":[{"@type":"ReadAction","target":["https:\/\/lafroza.ee\/toode\/kulmutatud-aeduba\/"]}]},{"@type":"ImageObject","inLanguage":"en-GB","@id":"https:\/\/lafroza.ee\/toode\/kulmutatud-aeduba\/#primaryimage","url":"https:\/\/lafroza.ee\/wp-content\/uploads\/2025\/04\/Aeduba-2-scaled.jpg","contentUrl":"https:\/\/lafroza.ee\/wp-content\/uploads\/2025\/04\/Aeduba-2-scaled.jpg","width":2560,"height":2560,"caption":"LaFroza k\u00fclmutatud aeduba"},{"@type":"BreadcrumbList","@id":"https:\/\/lafroza.ee\/toode\/kulmutatud-aeduba\/#breadcrumb","itemListElement":[{"@type":"ListItem","position":1,"name":"Avaleht","item":"https:\/\/lafroza.ee\/"},{"@type":"ListItem","position":2,"name":"E-pood","item":"https:\/\/lafroza.ee\/e-pood\/"},{"@type":"ListItem","position":3,"name":"Aedviljad ja seened","item":"https:\/\/lafroza.ee\/tootekategooria\/kulmutatud-koogiviljad-ja-seened\/"},{"@type":"ListItem","position":4,"name":"K\u00fclmutatud aeduba"}]},{"@type":"WebSite","@id":"https:\/\/lafroza.ee\/#website","url":"https:\/\/lafroza.ee\/","name":"LaFroza","description":"","publisher":{"@id":"https:\/\/lafroza.ee\/#organization"},"potentialAction":[{"@type":"SearchAction","target":{"@type":"EntryPoint","urlTemplate":"https:\/\/lafroza.ee\/?s={search_term_string}"},"query-input":{"@type":"PropertyValueSpecification","valueRequired":true,"valueName":"search_term_string"}}],"inLanguage":"en-GB"},{"@type":"Organization","@id":"https:\/\/lafroza.ee\/#organization","name":"LaFroza","alternateName":"BerryFood O\u00dc","url":"https:\/\/lafroza.ee\/","logo":{"@type":"ImageObject","inLanguage":"en-GB","@id":"https:\/\/lafroza.ee\/#\/schema\/logo\/image\/","url":"https:\/\/lafroza.ee\/wp-content\/uploads\/2025\/02\/logo.svg","contentUrl":"https:\/\/lafroza.ee\/wp-content\/uploads\/2025\/02\/logo.svg","width":238,"height":96,"caption":"LaFroza"},"image":{"@id":"https:\/\/lafroza.ee\/#\/schema\/logo\/image\/"}}]}},"_links":{"self":[{"href":"https:\/\/lafroza.ee\/en\/wp-json\/wp\/v2\/product\/1360","targetHints":{"allow":["GET"]}}],"collection":[{"href":"https:\/\/lafroza.ee\/en\/wp-json\/wp\/v2\/product"}],"about":[{"href":"https:\/\/lafroza.ee\/en\/wp-json\/wp\/v2\/types\/product"}],"replies":[{"embeddable":true,"href":"https:\/\/lafroza.ee\/en\/wp-json\/wp\/v2\/comments?post=1360"}],"wp:featuredmedia":[{"embeddable":true,"href":"https:\/\/lafroza.ee\/en\/wp-json\/wp\/v2\/media\/2202"}],"wp:attachment":[{"href":"https:\/\/lafroza.ee\/en\/wp-json\/wp\/v2\/media?parent=1360"}],"wp:term":[{"taxonomy":"product_brand","embeddable":true,"href":"https:\/\/lafroza.ee\/en\/wp-json\/wp\/v2\/product_brand?post=1360"},{"taxonomy":"product_cat","embeddable":true,"href":"https:\/\/lafroza.ee\/en\/wp-json\/wp\/v2\/product_cat?post=1360"},{"taxonomy":"product_tag","embeddable":true,"href":"https:\/\/lafroza.ee\/en\/wp-json\/wp\/v2\/product_tag?post=1360"}],"curies":[{"name":"wp","href":"https:\/\/api.w.org\/{rel}","templated":true}]}}