{"id":44,"date":"2025-04-17T16:15:48","date_gmt":"2025-04-17T14:15:48","guid":{"rendered":"https:\/\/lafroza.ee\/?page_id=44"},"modified":"2025-10-01T15:49:57","modified_gmt":"2025-10-01T13:49:57","slug":"muugitingimused","status":"publish","type":"page","link":"https:\/\/lafroza.ee\/en\/muugitingimused\/","title":{"rendered":"Terms of sale"},"content":{"rendered":"<div id=\"\" class=\"digiplatvorm__block digiplatvorm__block-wysiwyg\">\n                    <h4 class=\"section_title sm_title has-text-align-center\">Terms of sale<\/h4>\n                            <div class=\"description\"><p class=\"\" data-start=\"104\" data-end=\"238\"><strong data-start=\"104\" data-end=\"120\">BerryFood O\u00dc<\/strong> veebipoe (edaspidi Veebipood) omanik on <strong data-start=\"161\" data-end=\"177\">BerryFood O\u00dc<\/strong> (registrikood 14600933),<br data-start=\"202\" data-end=\"205\" \/>Asukohaga (t\u00e4psustage aadress).<\/p>\n<p class=\"\" data-start=\"240\" data-end=\"286\"><strong data-start=\"240\" data-end=\"286\">M\u00fc\u00fcgilepingu kehtivus, kauba- ja hinnainfo<\/strong><\/p>\n<p class=\"\" data-start=\"288\" data-end=\"673\">M\u00fc\u00fcgitingimused kehtivad Veebipoest kaupade ostmisel.<br data-start=\"341\" data-end=\"344\" \/>Veebipoes m\u00fc\u00fcdavate toodete hinnad on m\u00e4rgitud toodete juurde. Hinnale lisandub tasu kauba k\u00e4ttetoimetamise eest.<br data-start=\"457\" data-end=\"460\" \/>Kauba k\u00e4ttetoimetamise tasu s\u00f5ltub ostja asukohast ning k\u00e4ttetoimetamise viisist.<br data-start=\"541\" data-end=\"544\" \/>K\u00e4ttetoimetamise tasu kuvatakse ostjale tellimuse vormistamisel.<br data-start=\"608\" data-end=\"611\" \/>Teave kauba kohta on esitatud Veebipoes vahetult kauba juures.<\/p>\n<p class=\"\" data-start=\"675\" data-end=\"701\"><strong data-start=\"675\" data-end=\"701\">Tellimuse vormistamine<\/strong><\/p>\n<p class=\"\" data-start=\"703\" data-end=\"1303\">Kauba tellimiseks tuleb lisada soovitud tooted ostukorvi. Tellimuse vormistamiseks tuleb t\u00e4ita n\u00f5utud andmev\u00e4ljad ning valida sobiv toodete kohaletoimetamise viis. Seej\u00e4rel kuvatakse ekraanile tasu suurus, mille saab tasuda pangalingi kaudu.<br data-start=\"944\" data-end=\"947\" \/>Leping j\u00f5ustub alates tasumisele kuuluva summa laekumisest Veebipoe arvelduskontole.<br data-start=\"1031\" data-end=\"1034\" \/>Kui tellitud kaupa ei ole v\u00f5imalik tarnida seoses kauba l\u00f5ppemisega v\u00f5i muul p\u00f5hjusel, teavitatakse sellest ostjat esimesel v\u00f5imalusel ning tagastatakse tasutud raha (sh kauba k\u00e4ttetoimetamise kulud) viivitamata, kuid mitte hiljem kui 14 p\u00e4eva jooksul teate saatmisest.<\/p>\n<p class=\"\" data-start=\"1305\" data-end=\"1326\"><strong data-start=\"1305\" data-end=\"1326\">Kohaletoimetamine<\/strong><\/p>\n<p class=\"\" data-start=\"1328\" data-end=\"1576\">Kaupu saadetakse Eesti riigi siseselt.<br data-start=\"1366\" data-end=\"1369\" \/>Kauba saatmiskulud kannab ostja ning vastav hinnainfo on kuvatud saatmisviisi juures.<br data-start=\"1454\" data-end=\"1457\" \/>Eestisisesed saadetised j\u00f5uavad \u00fcldjuhul ostja m\u00e4\u00e4ratud sihtpunkti 2-7 t\u00f6\u00f6p\u00e4eva jooksul alates m\u00fc\u00fcgilepingu j\u00f5ustumist.<\/p>\n<p class=\"\" data-start=\"1578\" data-end=\"1596\"><strong data-start=\"1578\" data-end=\"1596\">Taganemis\u00f5igus<\/strong><\/p>\n<p class=\"\" data-start=\"1598\" data-end=\"1748\">Vastavalt v\u00f5la\u00f5igusseadusele \u00a7 53 l\u00f5ikele 4, ei kehti taganemis\u00f5igus toodetele, mida oma olemuse t\u00f5ttu ei saa tagastada, sealhulgas k\u00fclmutatud tooted.<\/p>\n<p class=\"\" data-start=\"1750\" data-end=\"1782\"><strong data-start=\"1750\" data-end=\"1782\">Pretensiooni esitamise \u00f5igus<\/strong><\/p>\n<p class=\"\" data-start=\"1784\" data-end=\"2498\">Veebipood vastutab ostjale m\u00fc\u00fcdud kauba lepingutingimustele mittevastavuse v\u00f5i puuduse eest, mis oli olemas juba asja \u00fcleandmise hetkel.<br data-start=\"1920\" data-end=\"1923\" \/>Ostjal on \u00f5igus puuduse ilmnemisel p\u00f6\u00f6rduda hiljemalt kahe kuu jooksul veebipoe poole, saates ekirja aadressile <a class=\"cursor-pointer\" rel=\"noopener\" data-start=\"2035\" data-end=\"2052\">info@berryfood.ee<\/a>.<br data-start=\"2053\" data-end=\"2056\" \/>Veebipood ei vastuta puuduste eest, mis on tekkinud p\u00e4rast kauba \u00fcleandmist ostjale.<br data-start=\"2140\" data-end=\"2143\" \/>Kui Veebipood on m\u00fc\u00fcdud kaubal puudus, mille eest Veebipood vastutab, parandab v\u00f5i asendab Veebipood puudusega kauba. Kui kaupa ei ole v\u00f5imalik parandada ega asendada, tagastab Veebipood ostjale k\u00f5ik m\u00fc\u00fcgilepinguga kaasnenud tasud.<br data-start=\"2374\" data-end=\"2377\" \/>Veebipood vastab tarbija esitatud kaebusele kirjalikult v\u00f5i kirjalikku taasesitamist v\u00f5imaldavas vormis 15 p\u00e4eva jooksul.<\/p>\n<p class=\"\" data-start=\"2500\" data-end=\"2543\"><strong data-start=\"2500\" data-end=\"2543\">Otseturustus ja isikuandmete t\u00f6\u00f6tlemine<\/strong><\/p>\n<p class=\"\" data-start=\"2545\" data-end=\"3254\">Veebipood kasutab ostja poolt sisestatud isikuandmeid (sh nimi, telefoninumber, aadress, e-maili aadress, pangarekvisiidid) ainult tellimuse t\u00f6\u00f6tlemiseks ning kauba ostjale saatmiseks.<br data-start=\"2729\" data-end=\"2732\" \/>Veebipood edastab isikuandmeid veoteenust pakkuvale ettev\u00f5ttele selleks, et kohale toimetada kaupa.<br data-start=\"2831\" data-end=\"2834\" \/>Veebipood saadab ostjale uudiskirju ning pakkumisi ostja e-maili aadressile ainult juhul, kui ostja on selleks avaldanud soovi sisestades veebilehel e-kirja aadressi ning andnud teada oma soovist otsepostituse teadete saamiseks.<br data-start=\"3062\" data-end=\"3065\" \/>Ostjal on igal ajal v\u00f5imalik loobuda e-postile saadetavatest pakkumistest ja uudiskirjadest andes sellest meile teada e-kirja teel v\u00f5i j\u00e4rgides pakkumisi sisaldava e-kirjas toodud juhiseid.<\/p>\n<p class=\"\" data-start=\"3256\" data-end=\"3281\"><strong data-start=\"3256\" data-end=\"3281\">Vaidluste lahendamine<\/strong><\/p>\n<p class=\"\" data-start=\"3283\" data-end=\"3740\">Kui ostjal on Veebipoe osas pretensioone, tuleb need saata e-kirja aadressile <a class=\"cursor-pointer\" rel=\"noopener\" data-start=\"3361\" data-end=\"3378\">info@berryfood.ee<\/a>.<br data-start=\"3379\" data-end=\"3382\" \/>Kui ostja ja Veebipood ei suuda lahenda vaidlust kokkuleppe teel, siis on ostjal v\u00f5imalik p\u00f6\u00f6rduda Tarbijavaidluste komisjoni poole. Menetlustingimustega saab tutvuda ning avaldust esitada siin. Tarbijavaidluste komisjoni p\u00e4devuses on lahendada ostja ja Veebipoe vahel s\u00f5lmitud lepingust tulenevaid vaidlusi. Ostja kaebuse l\u00e4bivaatamine komisjonis on tasuta.<\/p>\n<\/div>\n            <\/div>\n\n\n\n<p><\/p>","protected":false},"excerpt":{"rendered":"","protected":false},"author":1,"featured_media":0,"parent":0,"menu_order":0,"comment_status":"closed","ping_status":"closed","template":"","meta":{"_acf_changed":false,"footnotes":""},"class_list":["post-44","page","type-page","status-publish","hentry"],"acf":[],"yoast_head":"<!-- This site is optimized with the Yoast SEO plugin v27.5 - https:\/\/yoast.com\/product\/yoast-seo-wordpress\/ -->\n<title>M\u00fc\u00fcgitingimused | LaFroza<\/title>\n<meta name=\"description\" content=\"Tutvu LaFroza m\u00fc\u00fcgitingimustega \u2013 vajalik teave k\u00fclmutatud toodete tellimiseks, maksmiseks ja k\u00e4ttesaamiseks.\" \/>\n<meta name=\"robots\" content=\"index, follow, max-snippet:-1, max-image-preview:large, max-video-preview:-1\" \/>\n<link rel=\"canonical\" href=\"https:\/\/lafroza.ee\/en\/muugitingimused\/\" \/>\n<meta property=\"og:locale\" content=\"en_GB\" \/>\n<meta property=\"og:type\" content=\"article\" \/>\n<meta property=\"og:title\" content=\"M\u00fc\u00fcgitingimused | LaFroza\" \/>\n<meta property=\"og:description\" content=\"Tutvu LaFroza m\u00fc\u00fcgitingimustega \u2013 vajalik teave k\u00fclmutatud toodete tellimiseks, maksmiseks ja k\u00e4ttesaamiseks.\" \/>\n<meta property=\"og:url\" content=\"https:\/\/lafroza.ee\/en\/muugitingimused\/\" \/>\n<meta property=\"og:site_name\" content=\"LaFroza\" \/>\n<meta property=\"article:modified_time\" content=\"2025-10-01T13:49:57+00:00\" \/>\n<meta name=\"twitter:card\" content=\"summary_large_image\" \/>\n<script type=\"application\/ld+json\" class=\"yoast-schema-graph\">{\"@context\":\"https:\\\/\\\/schema.org\",\"@graph\":[{\"@type\":\"WebPage\",\"@id\":\"https:\\\/\\\/lafroza.ee\\\/muugitingimused\\\/\",\"url\":\"https:\\\/\\\/lafroza.ee\\\/muugitingimused\\\/\",\"name\":\"M\u00fc\u00fcgitingimused | LaFroza\",\"isPartOf\":{\"@id\":\"https:\\\/\\\/lafroza.ee\\\/#website\"},\"datePublished\":\"2025-04-17T14:15:48+00:00\",\"dateModified\":\"2025-10-01T13:49:57+00:00\",\"description\":\"Tutvu LaFroza m\u00fc\u00fcgitingimustega \u2013 vajalik teave k\u00fclmutatud toodete tellimiseks, maksmiseks ja k\u00e4ttesaamiseks.\",\"breadcrumb\":{\"@id\":\"https:\\\/\\\/lafroza.ee\\\/muugitingimused\\\/#breadcrumb\"},\"inLanguage\":\"en-GB\",\"potentialAction\":[{\"@type\":\"ReadAction\",\"target\":[\"https:\\\/\\\/lafroza.ee\\\/muugitingimused\\\/\"]}]},{\"@type\":\"BreadcrumbList\",\"@id\":\"https:\\\/\\\/lafroza.ee\\\/muugitingimused\\\/#breadcrumb\",\"itemListElement\":[{\"@type\":\"ListItem\",\"position\":1,\"name\":\"Avaleht\",\"item\":\"https:\\\/\\\/lafroza.ee\\\/\"},{\"@type\":\"ListItem\",\"position\":2,\"name\":\"M\u00fc\u00fcgitingimused\"}]},{\"@type\":\"WebSite\",\"@id\":\"https:\\\/\\\/lafroza.ee\\\/#website\",\"url\":\"https:\\\/\\\/lafroza.ee\\\/\",\"name\":\"LaFroza\",\"description\":\"\",\"publisher\":{\"@id\":\"https:\\\/\\\/lafroza.ee\\\/#organization\"},\"potentialAction\":[{\"@type\":\"SearchAction\",\"target\":{\"@type\":\"EntryPoint\",\"urlTemplate\":\"https:\\\/\\\/lafroza.ee\\\/?s={search_term_string}\"},\"query-input\":{\"@type\":\"PropertyValueSpecification\",\"valueRequired\":true,\"valueName\":\"search_term_string\"}}],\"inLanguage\":\"en-GB\"},{\"@type\":\"Organization\",\"@id\":\"https:\\\/\\\/lafroza.ee\\\/#organization\",\"name\":\"LaFroza\",\"alternateName\":\"BerryFood O\u00dc\",\"url\":\"https:\\\/\\\/lafroza.ee\\\/\",\"logo\":{\"@type\":\"ImageObject\",\"inLanguage\":\"en-GB\",\"@id\":\"https:\\\/\\\/lafroza.ee\\\/#\\\/schema\\\/logo\\\/image\\\/\",\"url\":\"https:\\\/\\\/lafroza.ee\\\/wp-content\\\/uploads\\\/2025\\\/02\\\/logo.svg\",\"contentUrl\":\"https:\\\/\\\/lafroza.ee\\\/wp-content\\\/uploads\\\/2025\\\/02\\\/logo.svg\",\"width\":238,\"height\":96,\"caption\":\"LaFroza\"},\"image\":{\"@id\":\"https:\\\/\\\/lafroza.ee\\\/#\\\/schema\\\/logo\\\/image\\\/\"}}]}<\/script>\n<!-- \/ Yoast SEO plugin. -->","yoast_head_json":{"title":"M\u00fc\u00fcgitingimused | LaFroza","description":"Tutvu LaFroza m\u00fc\u00fcgitingimustega \u2013 vajalik teave k\u00fclmutatud toodete tellimiseks, maksmiseks ja k\u00e4ttesaamiseks.","robots":{"index":"index","follow":"follow","max-snippet":"max-snippet:-1","max-image-preview":"max-image-preview:large","max-video-preview":"max-video-preview:-1"},"canonical":"https:\/\/lafroza.ee\/en\/muugitingimused\/","og_locale":"en_GB","og_type":"article","og_title":"M\u00fc\u00fcgitingimused | LaFroza","og_description":"Tutvu LaFroza m\u00fc\u00fcgitingimustega \u2013 vajalik teave k\u00fclmutatud toodete tellimiseks, maksmiseks ja k\u00e4ttesaamiseks.","og_url":"https:\/\/lafroza.ee\/en\/muugitingimused\/","og_site_name":"LaFroza","article_modified_time":"2025-10-01T13:49:57+00:00","twitter_card":"summary_large_image","schema":{"@context":"https:\/\/schema.org","@graph":[{"@type":"WebPage","@id":"https:\/\/lafroza.ee\/muugitingimused\/","url":"https:\/\/lafroza.ee\/muugitingimused\/","name":"M\u00fc\u00fcgitingimused | LaFroza","isPartOf":{"@id":"https:\/\/lafroza.ee\/#website"},"datePublished":"2025-04-17T14:15:48+00:00","dateModified":"2025-10-01T13:49:57+00:00","description":"Tutvu LaFroza m\u00fc\u00fcgitingimustega \u2013 vajalik teave k\u00fclmutatud toodete tellimiseks, maksmiseks ja k\u00e4ttesaamiseks.","breadcrumb":{"@id":"https:\/\/lafroza.ee\/muugitingimused\/#breadcrumb"},"inLanguage":"en-GB","potentialAction":[{"@type":"ReadAction","target":["https:\/\/lafroza.ee\/muugitingimused\/"]}]},{"@type":"BreadcrumbList","@id":"https:\/\/lafroza.ee\/muugitingimused\/#breadcrumb","itemListElement":[{"@type":"ListItem","position":1,"name":"Avaleht","item":"https:\/\/lafroza.ee\/"},{"@type":"ListItem","position":2,"name":"M\u00fc\u00fcgitingimused"}]},{"@type":"WebSite","@id":"https:\/\/lafroza.ee\/#website","url":"https:\/\/lafroza.ee\/","name":"LaFroza","description":"","publisher":{"@id":"https:\/\/lafroza.ee\/#organization"},"potentialAction":[{"@type":"SearchAction","target":{"@type":"EntryPoint","urlTemplate":"https:\/\/lafroza.ee\/?s={search_term_string}"},"query-input":{"@type":"PropertyValueSpecification","valueRequired":true,"valueName":"search_term_string"}}],"inLanguage":"en-GB"},{"@type":"Organization","@id":"https:\/\/lafroza.ee\/#organization","name":"LaFroza","alternateName":"BerryFood O\u00dc","url":"https:\/\/lafroza.ee\/","logo":{"@type":"ImageObject","inLanguage":"en-GB","@id":"https:\/\/lafroza.ee\/#\/schema\/logo\/image\/","url":"https:\/\/lafroza.ee\/wp-content\/uploads\/2025\/02\/logo.svg","contentUrl":"https:\/\/lafroza.ee\/wp-content\/uploads\/2025\/02\/logo.svg","width":238,"height":96,"caption":"LaFroza"},"image":{"@id":"https:\/\/lafroza.ee\/#\/schema\/logo\/image\/"}}]}},"_links":{"self":[{"href":"https:\/\/lafroza.ee\/en\/wp-json\/wp\/v2\/pages\/44","targetHints":{"allow":["GET"]}}],"collection":[{"href":"https:\/\/lafroza.ee\/en\/wp-json\/wp\/v2\/pages"}],"about":[{"href":"https:\/\/lafroza.ee\/en\/wp-json\/wp\/v2\/types\/page"}],"author":[{"embeddable":true,"href":"https:\/\/lafroza.ee\/en\/wp-json\/wp\/v2\/users\/1"}],"replies":[{"embeddable":true,"href":"https:\/\/lafroza.ee\/en\/wp-json\/wp\/v2\/comments?post=44"}],"version-history":[{"count":2,"href":"https:\/\/lafroza.ee\/en\/wp-json\/wp\/v2\/pages\/44\/revisions"}],"predecessor-version":[{"id":2640,"href":"https:\/\/lafroza.ee\/en\/wp-json\/wp\/v2\/pages\/44\/revisions\/2640"}],"wp:attachment":[{"href":"https:\/\/lafroza.ee\/en\/wp-json\/wp\/v2\/media?parent=44"}],"curies":[{"name":"wp","href":"https:\/\/api.w.org\/{rel}","templated":true}]}}