{"id":3899,"date":"2025-05-27T21:01:05","date_gmt":"2025-05-27T19:01:05","guid":{"rendered":"https:\/\/lafroza.ee\/?page_id=3899"},"modified":"2025-10-01T15:40:31","modified_gmt":"2025-10-01T13:40:31","slug":"tootekataloogid","status":"publish","type":"page","link":"https:\/\/lafroza.ee\/en\/tootekataloogid\/","title":{"rendered":"Catalogues"},"content":{"rendered":"<div id=\"\" class=\"digiplatvorm__block digiplatvorm__block-pdf-list\">\n                    <h1 class=\"section_title has-text-align-center\">LaFroza<\/h1>\n                <ul class=\"pdf-list\">\n                                                <li class=\"list-item\">\n                        <img decoding=\"async\" src=\"https:\/\/lafroza.ee\/wp-includes\/images\/media\/document.png\" alt=\"\" class=\"item-icon\">\n                        <div class=\"data_wrap\">\n                            <div class=\"text_wrap\">\n                                <a class=\"item_name\" data-fancybox data-type=\"pdf\" href=\"https:\/\/lafroza.ee\/wp-content\/uploads\/2025\/06\/KATALOOG-EE.pdf\" onclick=\"Fancybox.bind()\">Eesti keeles<\/a>\n                                <p class=\"item_date\">\u00dcles laetud: 05.06.2025<\/p>\n                            <\/div>\n                            <div class=\"buttons_wrap\">\n                                <a class=\"button\" data-fancybox data-type=\"pdf\" href=\"https:\/\/lafroza.ee\/wp-content\/uploads\/2025\/06\/KATALOOG-EE.pdf\" onclick=\"Fancybox.bind()\">Vaata<\/a>\n                                <a class=\"button\" download=\"KATALOOG-EE.pdf\" href=\"https:\/\/lafroza.ee\/wp-content\/uploads\/2025\/06\/KATALOOG-EE.pdf\">Lae alla<\/a>\n                            <\/div>\n                        <\/div>\n                    <\/li>\n                                                                <li class=\"list-item\">\n                        <img decoding=\"async\" src=\"https:\/\/lafroza.ee\/wp-includes\/images\/media\/document.png\" alt=\"\" class=\"item-icon\">\n                        <div class=\"data_wrap\">\n                            <div class=\"text_wrap\">\n                                <a class=\"item_name\" data-fancybox data-type=\"pdf\" href=\"https:\/\/lafroza.ee\/wp-content\/uploads\/2025\/06\/KATALOOG-ENG.pdf\" onclick=\"Fancybox.bind()\">Inglise keeles<\/a>\n                                <p class=\"item_date\">\u00dcles laetud: 05.06.2025<\/p>\n                            <\/div>\n                            <div class=\"buttons_wrap\">\n                                <a class=\"button\" data-fancybox data-type=\"pdf\" href=\"https:\/\/lafroza.ee\/wp-content\/uploads\/2025\/06\/KATALOOG-ENG.pdf\" onclick=\"Fancybox.bind()\">Vaata<\/a>\n                                <a class=\"button\" download=\"KATALOOG-ENG.pdf\" href=\"https:\/\/lafroza.ee\/wp-content\/uploads\/2025\/06\/KATALOOG-ENG.pdf\">Lae alla<\/a>\n                            <\/div>\n                        <\/div>\n                    <\/li>\n                                                                <li class=\"list-item\">\n                        <img decoding=\"async\" src=\"https:\/\/lafroza.ee\/wp-includes\/images\/media\/document.png\" alt=\"\" class=\"item-icon\">\n                        <div class=\"data_wrap\">\n                            <div class=\"text_wrap\">\n                                <a class=\"item_name\" data-fancybox data-type=\"pdf\" href=\"https:\/\/lafroza.ee\/wp-content\/uploads\/2025\/06\/KATALOOG-LT.pdf\" onclick=\"Fancybox.bind()\">L\u00e4ti keeles<\/a>\n                                <p class=\"item_date\">\u00dcles laetud: 05.06.2025<\/p>\n                            <\/div>\n                            <div class=\"buttons_wrap\">\n                                <a class=\"button\" data-fancybox data-type=\"pdf\" href=\"https:\/\/lafroza.ee\/wp-content\/uploads\/2025\/06\/KATALOOG-LT.pdf\" onclick=\"Fancybox.bind()\">Vaata<\/a>\n                                <a class=\"button\" download=\"KATALOOG-LT.pdf\" href=\"https:\/\/lafroza.ee\/wp-content\/uploads\/2025\/06\/KATALOOG-LT.pdf\">Lae alla<\/a>\n                            <\/div>\n                        <\/div>\n                    <\/li>\n                                                                <li class=\"list-item\">\n                        <img decoding=\"async\" src=\"https:\/\/lafroza.ee\/wp-includes\/images\/media\/document.png\" alt=\"\" class=\"item-icon\">\n                        <div class=\"data_wrap\">\n                            <div class=\"text_wrap\">\n                                <a class=\"item_name\" data-fancybox data-type=\"pdf\" href=\"https:\/\/lafroza.ee\/wp-content\/uploads\/2025\/06\/KATALOOG-LV.pdf\" onclick=\"Fancybox.bind()\">Leedu keeles<\/a>\n                                <p class=\"item_date\">\u00dcles laetud: 05.06.2025<\/p>\n                            <\/div>\n                            <div class=\"buttons_wrap\">\n                                <a class=\"button\" data-fancybox data-type=\"pdf\" href=\"https:\/\/lafroza.ee\/wp-content\/uploads\/2025\/06\/KATALOOG-LV.pdf\" onclick=\"Fancybox.bind()\">Vaata<\/a>\n                                <a class=\"button\" download=\"KATALOOG-LV.pdf\" href=\"https:\/\/lafroza.ee\/wp-content\/uploads\/2025\/06\/KATALOOG-LV.pdf\">Lae alla<\/a>\n                            <\/div>\n                        <\/div>\n                    <\/li>\n                                                                <li class=\"list-item\">\n                        <img decoding=\"async\" src=\"https:\/\/lafroza.ee\/wp-includes\/images\/media\/document.png\" alt=\"\" class=\"item-icon\">\n                        <div class=\"data_wrap\">\n                            <div class=\"text_wrap\">\n                                <a class=\"item_name\" data-fancybox data-type=\"pdf\" href=\"https:\/\/lafroza.ee\/wp-content\/uploads\/2025\/06\/KATALOOG-FI.pdf\" onclick=\"Fancybox.bind()\">Soome keeles<\/a>\n                                <p class=\"item_date\">\u00dcles laetud: 05.06.2025<\/p>\n                            <\/div>\n                            <div class=\"buttons_wrap\">\n                                <a class=\"button\" data-fancybox data-type=\"pdf\" href=\"https:\/\/lafroza.ee\/wp-content\/uploads\/2025\/06\/KATALOOG-FI.pdf\" onclick=\"Fancybox.bind()\">Vaata<\/a>\n                                <a class=\"button\" download=\"KATALOOG-FI.pdf\" href=\"https:\/\/lafroza.ee\/wp-content\/uploads\/2025\/06\/KATALOOG-FI.pdf\">Lae alla<\/a>\n                            <\/div>\n                        <\/div>\n                    <\/li>\n                                                                <li class=\"list-item\">\n                        <img decoding=\"async\" src=\"https:\/\/lafroza.ee\/wp-includes\/images\/media\/document.png\" alt=\"\" class=\"item-icon\">\n                        <div class=\"data_wrap\">\n                            <div class=\"text_wrap\">\n                                <a class=\"item_name\" data-fancybox data-type=\"pdf\" href=\"https:\/\/lafroza.ee\/wp-content\/uploads\/2025\/06\/KATALOOG-SV.pdf\" onclick=\"Fancybox.bind()\">Rootsi keeles<\/a>\n                                <p class=\"item_date\">\u00dcles laetud: 05.06.2025<\/p>\n                            <\/div>\n                            <div class=\"buttons_wrap\">\n                                <a class=\"button\" data-fancybox data-type=\"pdf\" href=\"https:\/\/lafroza.ee\/wp-content\/uploads\/2025\/06\/KATALOOG-SV.pdf\" onclick=\"Fancybox.bind()\">Vaata<\/a>\n                                <a class=\"button\" download=\"KATALOOG-SV.pdf\" href=\"https:\/\/lafroza.ee\/wp-content\/uploads\/2025\/06\/KATALOOG-SV.pdf\">Lae alla<\/a>\n                            <\/div>\n                        <\/div>\n                    <\/li>\n                                    <\/ul>\n    <\/div>\n\n\n\n    <div id=\"\" class=\"digiplatvorm__block digiplatvorm__block-pdf-list\">\n                    <h1 class=\"section_title has-text-align-center\">IGLOTEX<\/h1>\n                <ul class=\"pdf-list\">\n                                                <li class=\"list-item\">\n                        <img decoding=\"async\" src=\"https:\/\/lafroza.ee\/wp-includes\/images\/media\/document.png\" alt=\"\" class=\"item-icon\">\n                        <div class=\"data_wrap\">\n                            <div class=\"text_wrap\">\n                                <a class=\"item_name\" data-fancybox data-type=\"pdf\" href=\"https:\/\/lafroza.ee\/wp-content\/uploads\/2025\/06\/Passionata-World-of-Taste-catalogue.pdf\" onclick=\"Fancybox.bind()\">Passionata-World-of-Taste-catalogue.pdf<\/a>\n                                <p class=\"item_date\">\u00dcles laetud: 05.06.2025<\/p>\n                            <\/div>\n                            <div class=\"buttons_wrap\">\n                                <a class=\"button\" data-fancybox data-type=\"pdf\" href=\"https:\/\/lafroza.ee\/wp-content\/uploads\/2025\/06\/Passionata-World-of-Taste-catalogue.pdf\" onclick=\"Fancybox.bind()\">Vaata<\/a>\n                                <a class=\"button\" download=\"Passionata-World-of-Taste-catalogue.pdf\" href=\"https:\/\/lafroza.ee\/wp-content\/uploads\/2025\/06\/Passionata-World-of-Taste-catalogue.pdf\">Lae alla<\/a>\n                            <\/div>\n                        <\/div>\n                    <\/li>\n                                                                <li class=\"list-item\">\n                        <img decoding=\"async\" src=\"https:\/\/lafroza.ee\/wp-includes\/images\/media\/document.png\" alt=\"\" class=\"item-icon\">\n                        <div class=\"data_wrap\">\n                            <div class=\"text_wrap\">\n                                <a class=\"item_name\" data-fancybox data-type=\"pdf\" href=\"https:\/\/lafroza.ee\/wp-content\/uploads\/2025\/06\/Retail-catalogue.pdf\" onclick=\"Fancybox.bind()\">Retail-catalogue.pdf<\/a>\n                                <p class=\"item_date\">\u00dcles laetud: 05.06.2025<\/p>\n                            <\/div>\n                            <div class=\"buttons_wrap\">\n                                <a class=\"button\" data-fancybox data-type=\"pdf\" href=\"https:\/\/lafroza.ee\/wp-content\/uploads\/2025\/06\/Retail-catalogue.pdf\" onclick=\"Fancybox.bind()\">Vaata<\/a>\n                                <a class=\"button\" download=\"Retail-catalogue.pdf\" href=\"https:\/\/lafroza.ee\/wp-content\/uploads\/2025\/06\/Retail-catalogue.pdf\">Lae alla<\/a>\n                            <\/div>\n                        <\/div>\n                    <\/li>\n                                    <\/ul>\n    <\/div>\n\n\n\n    <div id=\"\" class=\"digiplatvorm__block digiplatvorm__block-pdf-list\">\n                    <h1 class=\"section_title has-text-align-center\">MH SOLUTION<\/h1>\n                <ul class=\"pdf-list\">\n                                                <li class=\"list-item\">\n                        <img decoding=\"async\" src=\"https:\/\/lafroza.ee\/wp-includes\/images\/media\/document.png\" alt=\"\" class=\"item-icon\">\n                        <div class=\"data_wrap\">\n                            <div class=\"text_wrap\">\n                                <a class=\"item_name\" data-fancybox data-type=\"pdf\" href=\"https:\/\/lafroza.ee\/wp-content\/uploads\/2025\/09\/Catalog-2025.pdf\" onclick=\"Fancybox.bind()\">BOUJEE<\/a>\n                                <p class=\"item_date\">\u00dcles laetud: 11.09.2025<\/p>\n                            <\/div>\n                            <div class=\"buttons_wrap\">\n                                <a class=\"button\" data-fancybox data-type=\"pdf\" href=\"https:\/\/lafroza.ee\/wp-content\/uploads\/2025\/09\/Catalog-2025.pdf\" onclick=\"Fancybox.bind()\">Vaata<\/a>\n                                <a class=\"button\" download=\"Catalog-2025.pdf\" href=\"https:\/\/lafroza.ee\/wp-content\/uploads\/2025\/09\/Catalog-2025.pdf\">Lae alla<\/a>\n                            <\/div>\n                        <\/div>\n                    <\/li>\n                                    <\/ul>\n    <\/div>\n\n\n\n    <div id=\"\" class=\"digiplatvorm__block digiplatvorm__block-accordion\">\n                <ul class=\"accordion__list\">\n                                                <\/ul>\n    <\/div>","protected":false},"excerpt":{"rendered":"","protected":false},"author":1,"featured_media":0,"parent":0,"menu_order":0,"comment_status":"closed","ping_status":"closed","template":"","meta":{"_acf_changed":false,"footnotes":""},"class_list":["post-3899","page","type-page","status-publish","hentry"],"acf":[],"yoast_head":"<!-- This site is optimized with the Yoast SEO plugin v27.3 - https:\/\/yoast.com\/product\/yoast-seo-wordpress\/ -->\n<title>Kataloogid \u2013 Iglotex, Boujee, LaFroza | LaFroza<\/title>\n<meta name=\"description\" content=\"Sirvi Iglotexi, Boujee ja LaFroza katalooge \u00fchest kohast. Leia k\u00fclmutatud marjad, k\u00f6\u00f6giviljad, maiustused ja hooajapakkumised LaFroza lehelt.\" \/>\n<meta name=\"robots\" content=\"index, follow, max-snippet:-1, max-image-preview:large, max-video-preview:-1\" \/>\n<link rel=\"canonical\" href=\"https:\/\/lafroza.ee\/en\/tootekataloogid\/\" \/>\n<meta property=\"og:locale\" content=\"en_GB\" \/>\n<meta property=\"og:type\" content=\"article\" \/>\n<meta property=\"og:title\" content=\"Kataloogid \u2013 Iglotex, Boujee, LaFroza | LaFroza\" \/>\n<meta property=\"og:description\" content=\"Sirvi Iglotexi, Boujee ja LaFroza katalooge \u00fchest kohast. Leia k\u00fclmutatud marjad, k\u00f6\u00f6giviljad, maiustused ja hooajapakkumised LaFroza lehelt.\" \/>\n<meta property=\"og:url\" content=\"https:\/\/lafroza.ee\/en\/tootekataloogid\/\" \/>\n<meta property=\"og:site_name\" content=\"LaFroza\" \/>\n<meta property=\"article:modified_time\" content=\"2025-10-01T13:40:31+00:00\" \/>\n<meta name=\"twitter:card\" content=\"summary_large_image\" \/>\n<script type=\"application\/ld+json\" class=\"yoast-schema-graph\">{\"@context\":\"https:\\\/\\\/schema.org\",\"@graph\":[{\"@type\":\"WebPage\",\"@id\":\"https:\\\/\\\/lafroza.ee\\\/tootekataloogid\\\/\",\"url\":\"https:\\\/\\\/lafroza.ee\\\/tootekataloogid\\\/\",\"name\":\"Kataloogid \u2013 Iglotex, Boujee, LaFroza | LaFroza\",\"isPartOf\":{\"@id\":\"https:\\\/\\\/lafroza.ee\\\/#website\"},\"datePublished\":\"2025-05-27T19:01:05+00:00\",\"dateModified\":\"2025-10-01T13:40:31+00:00\",\"description\":\"Sirvi Iglotexi, Boujee ja LaFroza katalooge \u00fchest kohast. Leia k\u00fclmutatud marjad, k\u00f6\u00f6giviljad, maiustused ja hooajapakkumised LaFroza lehelt.\",\"breadcrumb\":{\"@id\":\"https:\\\/\\\/lafroza.ee\\\/tootekataloogid\\\/#breadcrumb\"},\"inLanguage\":\"en-GB\",\"potentialAction\":[{\"@type\":\"ReadAction\",\"target\":[\"https:\\\/\\\/lafroza.ee\\\/tootekataloogid\\\/\"]}]},{\"@type\":\"BreadcrumbList\",\"@id\":\"https:\\\/\\\/lafroza.ee\\\/tootekataloogid\\\/#breadcrumb\",\"itemListElement\":[{\"@type\":\"ListItem\",\"position\":1,\"name\":\"Avaleht\",\"item\":\"https:\\\/\\\/lafroza.ee\\\/\"},{\"@type\":\"ListItem\",\"position\":2,\"name\":\"Kataloogid\"}]},{\"@type\":\"WebSite\",\"@id\":\"https:\\\/\\\/lafroza.ee\\\/#website\",\"url\":\"https:\\\/\\\/lafroza.ee\\\/\",\"name\":\"LaFroza\",\"description\":\"\",\"publisher\":{\"@id\":\"https:\\\/\\\/lafroza.ee\\\/#organization\"},\"potentialAction\":[{\"@type\":\"SearchAction\",\"target\":{\"@type\":\"EntryPoint\",\"urlTemplate\":\"https:\\\/\\\/lafroza.ee\\\/?s={search_term_string}\"},\"query-input\":{\"@type\":\"PropertyValueSpecification\",\"valueRequired\":true,\"valueName\":\"search_term_string\"}}],\"inLanguage\":\"en-GB\"},{\"@type\":\"Organization\",\"@id\":\"https:\\\/\\\/lafroza.ee\\\/#organization\",\"name\":\"LaFroza\",\"alternateName\":\"BerryFood O\u00dc\",\"url\":\"https:\\\/\\\/lafroza.ee\\\/\",\"logo\":{\"@type\":\"ImageObject\",\"inLanguage\":\"en-GB\",\"@id\":\"https:\\\/\\\/lafroza.ee\\\/#\\\/schema\\\/logo\\\/image\\\/\",\"url\":\"https:\\\/\\\/lafroza.ee\\\/wp-content\\\/uploads\\\/2025\\\/02\\\/logo.svg\",\"contentUrl\":\"https:\\\/\\\/lafroza.ee\\\/wp-content\\\/uploads\\\/2025\\\/02\\\/logo.svg\",\"width\":238,\"height\":96,\"caption\":\"LaFroza\"},\"image\":{\"@id\":\"https:\\\/\\\/lafroza.ee\\\/#\\\/schema\\\/logo\\\/image\\\/\"}}]}<\/script>\n<!-- \/ Yoast SEO plugin. -->","yoast_head_json":{"title":"Kataloogid \u2013 Iglotex, Boujee, LaFroza | LaFroza","description":"Sirvi Iglotexi, Boujee ja LaFroza katalooge \u00fchest kohast. Leia k\u00fclmutatud marjad, k\u00f6\u00f6giviljad, maiustused ja hooajapakkumised LaFroza lehelt.","robots":{"index":"index","follow":"follow","max-snippet":"max-snippet:-1","max-image-preview":"max-image-preview:large","max-video-preview":"max-video-preview:-1"},"canonical":"https:\/\/lafroza.ee\/en\/tootekataloogid\/","og_locale":"en_GB","og_type":"article","og_title":"Kataloogid \u2013 Iglotex, Boujee, LaFroza | LaFroza","og_description":"Sirvi Iglotexi, Boujee ja LaFroza katalooge \u00fchest kohast. Leia k\u00fclmutatud marjad, k\u00f6\u00f6giviljad, maiustused ja hooajapakkumised LaFroza lehelt.","og_url":"https:\/\/lafroza.ee\/en\/tootekataloogid\/","og_site_name":"LaFroza","article_modified_time":"2025-10-01T13:40:31+00:00","twitter_card":"summary_large_image","schema":{"@context":"https:\/\/schema.org","@graph":[{"@type":"WebPage","@id":"https:\/\/lafroza.ee\/tootekataloogid\/","url":"https:\/\/lafroza.ee\/tootekataloogid\/","name":"Kataloogid \u2013 Iglotex, Boujee, LaFroza | LaFroza","isPartOf":{"@id":"https:\/\/lafroza.ee\/#website"},"datePublished":"2025-05-27T19:01:05+00:00","dateModified":"2025-10-01T13:40:31+00:00","description":"Sirvi Iglotexi, Boujee ja LaFroza katalooge \u00fchest kohast. Leia k\u00fclmutatud marjad, k\u00f6\u00f6giviljad, maiustused ja hooajapakkumised LaFroza lehelt.","breadcrumb":{"@id":"https:\/\/lafroza.ee\/tootekataloogid\/#breadcrumb"},"inLanguage":"en-GB","potentialAction":[{"@type":"ReadAction","target":["https:\/\/lafroza.ee\/tootekataloogid\/"]}]},{"@type":"BreadcrumbList","@id":"https:\/\/lafroza.ee\/tootekataloogid\/#breadcrumb","itemListElement":[{"@type":"ListItem","position":1,"name":"Avaleht","item":"https:\/\/lafroza.ee\/"},{"@type":"ListItem","position":2,"name":"Kataloogid"}]},{"@type":"WebSite","@id":"https:\/\/lafroza.ee\/#website","url":"https:\/\/lafroza.ee\/","name":"LaFroza","description":"","publisher":{"@id":"https:\/\/lafroza.ee\/#organization"},"potentialAction":[{"@type":"SearchAction","target":{"@type":"EntryPoint","urlTemplate":"https:\/\/lafroza.ee\/?s={search_term_string}"},"query-input":{"@type":"PropertyValueSpecification","valueRequired":true,"valueName":"search_term_string"}}],"inLanguage":"en-GB"},{"@type":"Organization","@id":"https:\/\/lafroza.ee\/#organization","name":"LaFroza","alternateName":"BerryFood O\u00dc","url":"https:\/\/lafroza.ee\/","logo":{"@type":"ImageObject","inLanguage":"en-GB","@id":"https:\/\/lafroza.ee\/#\/schema\/logo\/image\/","url":"https:\/\/lafroza.ee\/wp-content\/uploads\/2025\/02\/logo.svg","contentUrl":"https:\/\/lafroza.ee\/wp-content\/uploads\/2025\/02\/logo.svg","width":238,"height":96,"caption":"LaFroza"},"image":{"@id":"https:\/\/lafroza.ee\/#\/schema\/logo\/image\/"}}]}},"_links":{"self":[{"href":"https:\/\/lafroza.ee\/en\/wp-json\/wp\/v2\/pages\/3899","targetHints":{"allow":["GET"]}}],"collection":[{"href":"https:\/\/lafroza.ee\/en\/wp-json\/wp\/v2\/pages"}],"about":[{"href":"https:\/\/lafroza.ee\/en\/wp-json\/wp\/v2\/types\/page"}],"author":[{"embeddable":true,"href":"https:\/\/lafroza.ee\/en\/wp-json\/wp\/v2\/users\/1"}],"replies":[{"embeddable":true,"href":"https:\/\/lafroza.ee\/en\/wp-json\/wp\/v2\/comments?post=3899"}],"version-history":[{"count":18,"href":"https:\/\/lafroza.ee\/en\/wp-json\/wp\/v2\/pages\/3899\/revisions"}],"predecessor-version":[{"id":5205,"href":"https:\/\/lafroza.ee\/en\/wp-json\/wp\/v2\/pages\/3899\/revisions\/5205"}],"wp:attachment":[{"href":"https:\/\/lafroza.ee\/en\/wp-json\/wp\/v2\/media?parent=3899"}],"curies":[{"name":"wp","href":"https:\/\/api.w.org\/{rel}","templated":true}]}}